{"id":2088,"date":"2022-02-09T07:56:48","date_gmt":"2022-02-09T06:56:48","guid":{"rendered":"https:\/\/www.bokiheating.com\/?page_id=2088"},"modified":"2023-09-22T10:56:20","modified_gmt":"2023-09-22T08:56:20","slug":"why-boki","status":"publish","type":"page","link":"https:\/\/www.bokiheating.com\/en\/why-boki\/","title":{"rendered":"Why BOKI"},"content":{"rendered":"<div class=\"d-none\" style=\"display: none;\">\n<h3>Why BOKI<\/h3>\n<h3>Healthy heating for your comfortable life<\/h3>\n<h3>We deliver a healthy way of heating that you will love<\/h3>\n<h3>There is no greater reward for a company than having satisfied customers who keep coming back. And a satisfied customer brings in new customers, of course. So why choose us? What can BOKI Heating offer you?<\/h3>\n<ul>\n<li aria-level=\"1\">Customers keep coming back to us. And they&#8217;re bringing new ones&#8230;<\/li>\n<li aria-level=\"1\">We are a pro-export company and our products are known on foreign markets.<\/li>\n<li aria-level=\"1\">We bring high technical quality of heating units.<\/li>\n<li aria-level=\"1\">We are flexible and can produce a non-standard product exactly according to your needs.<\/li>\n<li aria-level=\"1\">The products have a long lifetime at affordable prices.<\/li>\n<li aria-level=\"1\">We have a wide network of specialized wholesalers.<\/li>\n<li aria-level=\"1\">The products are tested in certified testing laboratories.<\/li>\n<li aria-level=\"1\">Convectors bring a healthy climate to your interior.<\/li>\n<\/ul>\n<h3>0<\/h3>\n<h3>Our strengths predestine us<\/h3>\n<p>We&#8217;re flexible. We can produce a non-standard product exactly according to your needs. The products are long lasting at affordable prices.a:4:{i:0;a:3:{s:45:&#8221;block-benefits-with-description-benefits-icon&#8221;;s:3:&#8221;759&#8243;;s:46:&#8221;block-benefits-with-description-benefits-title&#8221;;s:30:&#8221;High technical product quality&#8221;;s:52:&#8221;block-benefits-with-description-benefits-description&#8221;;s:0:&#8221;&#8221;;}i:1;a:3:{s:45:&#8221;block-benefits-with-description-benefits-icon&#8221;;s:3:&#8221;760&#8243;;s:46:&#8221;block-benefits-with-description-benefits-title&#8221;;s:34:&#8221;Service and enhanced customer care&#8221;;s:52:&#8221;block-benefits-with-description-benefits-description&#8221;;s:0:&#8221;&#8221;;}i:2;a:3:{s:45:&#8221;block-benefits-with-description-benefits-icon&#8221;;s:3:&#8221;761&#8243;;s:46:&#8221;block-benefits-with-description-benefits-title&#8221;;s:42:&#8221;Long product lifetime at affordable prices&#8221;;s:52:&#8221;block-benefits-with-description-benefits-description&#8221;;s:0:&#8221;&#8221;;}i:3;a:3:{s:45:&#8221;block-benefits-with-description-benefits-icon&#8221;;s:3:&#8221;762&#8243;;s:46:&#8221;block-benefits-with-description-benefits-title&#8221;;s:36:&#8221;Quality certificates of our products&#8221;;s:52:&#8221;block-benefits-with-description-benefits-description&#8221;;s:0:&#8221;&#8221;;}}<\/p>\n<h3>We will fulfill your wishes<\/h3>\n<h3>Our convectors can be tailor-made<\/h3>\n<h3><img loading=\"lazy\" decoding=\"async\" class=\"\" src=\"data:image\/gif;base64,R0lGODlhAQABAIAAAAAAAP\/\/\/yH5BAEAAAAALAAAAAABAAEAAAIBRAA7\" data-src=\"https:\/\/www.bokiheating.com\/wp-content\/uploads\/2021\/07\/19-1.jpg\" alt=\"\" width=\"556\" height=\"238\" \/><\/h3>\n<p>Our convectors can be tailor-made. We produce atypical convectors according to the customer&#8217;s needs. Our products have an excellent price\/quality ratio. Complaints, if any, are settled within 1 week.<\/p>\n<p>We will fulfil your wishes.<\/p>\n<h3>We have experience from all over the world where BOKI delivers<\/h3>\n<h3>We are exclusive supplier of the PURMO brand<\/h3>\n<h3>ENG Prohl\u00e9dn\u011bte si n\u00e1\u0161 proces v\u00fdroby a kvality ENG<\/h3>\n<h3>Need some advice?<\/h3>\n<\/div>\n<div class=\"d-none\" style=\"display: none;\">\n<h3>Why BOKI<\/h3>\n<h3>Healthy heating for your comfortable life<\/h3>\n<h3>We deliver a healthy way of heating that you will love<\/h3>\n<h3>There is no greater reward for a company than having satisfied customers who keep coming back. And a satisfied customer brings in new customers, of course. So why choose us? What can BOKI Heating offer you?<\/h3>\n<ul>\n<li aria-level=\"1\">Customers keep coming back to us. And they&#8217;re bringing new ones&#8230;<\/li>\n<li aria-level=\"1\">We are a pro-export company and our products are known on foreign markets.<\/li>\n<li aria-level=\"1\">We bring high technical quality of heating units.<\/li>\n<li aria-level=\"1\">We are flexible and can produce a non-standard product exactly according to your needs.<\/li>\n<li aria-level=\"1\">The products have a long lifetime at affordable prices.<\/li>\n<li aria-level=\"1\">We have a wide network of specialized wholesalers.<\/li>\n<li aria-level=\"1\">The products are tested in certified testing laboratories.<\/li>\n<li aria-level=\"1\">Convectors bring a healthy climate to your interior.<\/li>\n<\/ul>\n<h3>0<\/h3>\n<h3>Our strengths predestine us<\/h3>\n<p>We&#8217;re flexible. We can produce a non-standard product exactly according to your needs. The products are long lasting at affordable prices.a:4:{i:0;a:3:{s:45:&#8221;block-benefits-with-description-benefits-icon&#8221;;s:3:&#8221;759&#8243;;s:46:&#8221;block-benefits-with-description-benefits-title&#8221;;s:30:&#8221;High technical product quality&#8221;;s:52:&#8221;block-benefits-with-description-benefits-description&#8221;;s:0:&#8221;&#8221;;}i:1;a:3:{s:45:&#8221;block-benefits-with-description-benefits-icon&#8221;;s:3:&#8221;760&#8243;;s:46:&#8221;block-benefits-with-description-benefits-title&#8221;;s:34:&#8221;Service and enhanced customer care&#8221;;s:52:&#8221;block-benefits-with-description-benefits-description&#8221;;s:0:&#8221;&#8221;;}i:2;a:3:{s:45:&#8221;block-benefits-with-description-benefits-icon&#8221;;s:3:&#8221;761&#8243;;s:46:&#8221;block-benefits-with-description-benefits-title&#8221;;s:42:&#8221;Long product lifetime at affordable prices&#8221;;s:52:&#8221;block-benefits-with-description-benefits-description&#8221;;s:0:&#8221;&#8221;;}i:3;a:3:{s:45:&#8221;block-benefits-with-description-benefits-icon&#8221;;s:3:&#8221;762&#8243;;s:46:&#8221;block-benefits-with-description-benefits-title&#8221;;s:36:&#8221;Quality certificates of our products&#8221;;s:52:&#8221;block-benefits-with-description-benefits-description&#8221;;s:0:&#8221;&#8221;;}}<\/p>\n<h3>We will fulfill your wishes<\/h3>\n<h3>Our convectors can be tailor-made<\/h3>\n<h3><img loading=\"lazy\" decoding=\"async\" class=\"\" src=\"data:image\/gif;base64,R0lGODlhAQABAIAAAAAAAP\/\/\/yH5BAEAAAAALAAAAAABAAEAAAIBRAA7\" data-src=\"https:\/\/www.bokiheating.com\/wp-content\/uploads\/2021\/07\/19-1.jpg\" alt=\"\" width=\"556\" height=\"238\" \/><\/h3>\n<p>Our convectors can be tailor-made. We produce atypical convectors according to the customer&#8217;s needs. Our products have an excellent price\/quality ratio. Complaints, if any, are settled within 1 week.<\/p>\n<p>We will fulfil your wishes.<\/p>\n<h3>We have experience from all over the world where BOKI delivers<\/h3>\n<h3>We are exclusive supplier of the PURMO brand<\/h3>\n<h3>ENG Prohl\u00e9dn\u011bte si n\u00e1\u0161 proces v\u00fdroby a kvality ENG<\/h3>\n<h3>Need some advice?<\/h3>\n<\/div>\n<div class='d-none' style='display:none;'>\n<h3>Why BOKI<\/h3>\n<h3>Healthy heating for your comfortable life<\/h3>\n<h3>We deliver a healthy way of heating that you will love<\/h3>\n<h3>There is no greater reward for a company than having satisfied customers who keep coming back. And a satisfied customer brings in new customers, of course. So why choose us? What can BOKI Heating offer you?<\/p>\n<ul>\n<li aria-level=\"1\">Customers keep coming back to us. And they&#8217;re bringing new ones&#8230;<\/li>\n<li aria-level=\"1\">We are a pro-export company and our products are known on foreign markets.<\/li>\n<li aria-level=\"1\">We bring high technical quality of heating units.<\/li>\n<li aria-level=\"1\">We are flexible and can produce a non-standard product exactly according to your needs.<\/li>\n<li aria-level=\"1\">The products have a long lifetime at affordable prices.<\/li>\n<li aria-level=\"1\">We have a wide network of specialized wholesalers.<\/li>\n<li aria-level=\"1\">The products are tested in certified testing laboratories.<\/li>\n<li aria-level=\"1\">Convectors bring a healthy climate to your interior.<\/li>\n<\/ul>\n<\/h3>\n<h3>0<\/h3>\n<h3>Our strengths predestine us<\/h3>\n<p>We&#39;re flexible. We can produce a non-standard product exactly according to your needs. The products are long lasting at affordable prices.a:4:{i:0;a:3:{s:45:&#8221;block-benefits-with-description-benefits-icon&#8221;;s:3:&#8221;759&#8243;;s:46:&#8221;block-benefits-with-description-benefits-title&#8221;;s:30:&#8221;High technical product quality&#8221;;s:52:&#8221;block-benefits-with-description-benefits-description&#8221;;s:0:&#8221;&#8221;;}i:1;a:3:{s:45:&#8221;block-benefits-with-description-benefits-icon&#8221;;s:3:&#8221;760&#8243;;s:46:&#8221;block-benefits-with-description-benefits-title&#8221;;s:34:&#8221;Service and enhanced customer care&#8221;;s:52:&#8221;block-benefits-with-description-benefits-description&#8221;;s:0:&#8221;&#8221;;}i:2;a:3:{s:45:&#8221;block-benefits-with-description-benefits-icon&#8221;;s:3:&#8221;761&#8243;;s:46:&#8221;block-benefits-with-description-benefits-title&#8221;;s:42:&#8221;Long product lifetime at affordable prices&#8221;;s:52:&#8221;block-benefits-with-description-benefits-description&#8221;;s:0:&#8221;&#8221;;}i:3;a:3:{s:45:&#8221;block-benefits-with-description-benefits-icon&#8221;;s:3:&#8221;762&#8243;;s:46:&#8221;block-benefits-with-description-benefits-title&#8221;;s:36:&#8221;Quality certificates of our products&#8221;;s:52:&#8221;block-benefits-with-description-benefits-description&#8221;;s:0:&#8221;&#8221;;}}<\/p>\n<h3>We will fulfill your wishes<\/h3>\n<h3>Our convectors can be tailor-made<\/h3>\n<h3><img loading=\"lazy\" decoding=\"async\" class=\"\" src=\"data:image\/gif;base64,R0lGODlhAQABAIAAAAAAAP\/\/\/yH5BAEAAAAALAAAAAABAAEAAAIBRAA7\" data-src=\"https:\/\/www.bokiheating.com\/wp-content\/uploads\/2021\/07\/19-1.jpg\" alt=\"\" width=\"556\" height=\"238\" \/><\/p>\n<p>Our convectors can be tailor-made. We produce atypical convectors according to the customer&#8217;s needs. Our products have an excellent price\/quality ratio. Complaints, if any, are settled within 1 week.<\/p>\n<p>We will fulfil your wishes.<\/h3>\n<h3>We have experience from all over the world where BOKI delivers<\/h3>\n<h3>We are exclusive supplier of the PURMO brand<\/h3>\n<h3>Take a look at our production and quality process<\/h3>\n<h3>Need some advice?<\/h3>\n<\/div>\n","protected":false},"excerpt":{"rendered":"<p>Why BOKI Healthy heating for your comfortable life We deliver a healthy way of heating that you will love There is no greater reward for a company than having satisfied customers who keep coming back. And a satisfied customer brings in new customers, of course. So why choose us? What can BOKI Heating offer you?&#8230;<\/p>\n","protected":false},"author":5,"featured_media":0,"parent":0,"menu_order":0,"comment_status":"closed","ping_status":"closed","template":"pages\/page-blocks.php","meta":{"footnotes":""},"class_list":["post-2088","page","type-page","status-publish","hentry"],"yoast_head":"<!-- This site is optimized with the Yoast SEO plugin v25.6 - https:\/\/yoast.com\/wordpress\/plugins\/seo\/ -->\n<title>Why BOKI - BOKI Industries a.s.<\/title>\n<meta name=\"robots\" content=\"index, follow, max-snippet:-1, max-image-preview:large, max-video-preview:-1\" \/>\n<link rel=\"canonical\" href=\"https:\/\/www.bokiheating.com\/en\/why-boki\/\" \/>\n<meta property=\"og:locale\" content=\"en_US\" \/>\n<meta property=\"og:type\" content=\"article\" \/>\n<meta property=\"og:title\" content=\"Why BOKI - BOKI Industries a.s.\" \/>\n<meta property=\"og:description\" content=\"Why BOKI Healthy heating for your comfortable life We deliver a healthy way of heating that you will love There is no greater reward for a company than having satisfied customers who keep coming back. And a satisfied customer brings in new customers, of course. So why choose us? What can BOKI Heating offer you?...\" \/>\n<meta property=\"og:url\" content=\"https:\/\/www.bokiheating.com\/en\/why-boki\/\" \/>\n<meta property=\"og:site_name\" content=\"BOKI Industries a.s.\" \/>\n<meta property=\"article:modified_time\" content=\"2023-09-22T08:56:20+00:00\" \/>\n<meta property=\"og:image\" content=\"https:\/\/www.bokiheating.com\/wp-content\/uploads\/2021\/07\/19-1.jpg\" \/>\n<meta name=\"twitter:card\" content=\"summary_large_image\" \/>\n<meta name=\"twitter:label1\" content=\"Est. reading time\" \/>\n\t<meta name=\"twitter:data1\" content=\"4 minutes\" \/>\n<!-- \/ Yoast SEO plugin. -->","yoast_head_json":{"title":"Why BOKI - BOKI Industries a.s.","robots":{"index":"index","follow":"follow","max-snippet":"max-snippet:-1","max-image-preview":"max-image-preview:large","max-video-preview":"max-video-preview:-1"},"canonical":"https:\/\/www.bokiheating.com\/en\/why-boki\/","og_locale":"en_US","og_type":"article","og_title":"Why BOKI - BOKI Industries a.s.","og_description":"Why BOKI Healthy heating for your comfortable life We deliver a healthy way of heating that you will love There is no greater reward for a company than having satisfied customers who keep coming back. And a satisfied customer brings in new customers, of course. So why choose us? What can BOKI Heating offer you?...","og_url":"https:\/\/www.bokiheating.com\/en\/why-boki\/","og_site_name":"BOKI Industries a.s.","article_modified_time":"2023-09-22T08:56:20+00:00","og_image":[{"url":"https:\/\/www.bokiheating.com\/wp-content\/uploads\/2021\/07\/19-1.jpg","type":"","width":"","height":""}],"twitter_card":"summary_large_image","twitter_misc":{"Est. reading time":"4 minutes"},"schema":{"@context":"https:\/\/schema.org","@graph":[{"@type":"WebPage","@id":"https:\/\/www.bokiheating.com\/en\/why-boki\/","url":"https:\/\/www.bokiheating.com\/en\/why-boki\/","name":"Why BOKI - BOKI Industries a.s.","isPartOf":{"@id":"https:\/\/www.bokiheating.com\/en\/#website"},"primaryImageOfPage":{"@id":"https:\/\/www.bokiheating.com\/en\/why-boki\/#primaryimage"},"image":{"@id":"https:\/\/www.bokiheating.com\/en\/why-boki\/#primaryimage"},"thumbnailUrl":"https:\/\/www.bokiheating.com\/wp-content\/uploads\/2021\/07\/19-1.jpg","datePublished":"2022-02-09T06:56:48+00:00","dateModified":"2023-09-22T08:56:20+00:00","breadcrumb":{"@id":"https:\/\/www.bokiheating.com\/en\/why-boki\/#breadcrumb"},"inLanguage":"en-US","potentialAction":[{"@type":"ReadAction","target":["https:\/\/www.bokiheating.com\/en\/why-boki\/"]}]},{"@type":"ImageObject","inLanguage":"en-US","@id":"https:\/\/www.bokiheating.com\/en\/why-boki\/#primaryimage","url":"https:\/\/www.bokiheating.com\/wp-content\/uploads\/2021\/07\/19-1.jpg","contentUrl":"https:\/\/www.bokiheating.com\/wp-content\/uploads\/2021\/07\/19-1.jpg"},{"@type":"BreadcrumbList","@id":"https:\/\/www.bokiheating.com\/en\/why-boki\/#breadcrumb","itemListElement":[{"@type":"ListItem","position":1,"name":"Home","item":"https:\/\/www.bokiheating.com\/en\/"},{"@type":"ListItem","position":2,"name":"Why BOKI"}]},{"@type":"WebSite","@id":"https:\/\/www.bokiheating.com\/en\/#website","url":"https:\/\/www.bokiheating.com\/en\/","name":"BOKI Industries a.s.","description":"","publisher":{"@id":"https:\/\/www.bokiheating.com\/en\/#organization"},"potentialAction":[{"@type":"SearchAction","target":{"@type":"EntryPoint","urlTemplate":"https:\/\/www.bokiheating.com\/en\/?s={search_term_string}"},"query-input":{"@type":"PropertyValueSpecification","valueRequired":true,"valueName":"search_term_string"}}],"inLanguage":"en-US"},{"@type":"Organization","@id":"https:\/\/www.bokiheating.com\/en\/#organization","name":"BOKI Industries a.s.","url":"https:\/\/www.bokiheating.com\/en\/","logo":{"@type":"ImageObject","inLanguage":"en-US","@id":"https:\/\/www.bokiheating.com\/en\/#\/schema\/logo\/image\/","url":"https:\/\/www.bokiheating.com\/wp-content\/uploads\/2021\/07\/logo.svg","contentUrl":"https:\/\/www.bokiheating.com\/wp-content\/uploads\/2021\/07\/logo.svg","width":132,"height":47,"caption":"BOKI Industries a.s."},"image":{"@id":"https:\/\/www.bokiheating.com\/en\/#\/schema\/logo\/image\/"}}]}},"_links":{"self":[{"href":"https:\/\/www.bokiheating.com\/en\/wp-json\/wp\/v2\/pages\/2088","targetHints":{"allow":["GET"]}}],"collection":[{"href":"https:\/\/www.bokiheating.com\/en\/wp-json\/wp\/v2\/pages"}],"about":[{"href":"https:\/\/www.bokiheating.com\/en\/wp-json\/wp\/v2\/types\/page"}],"author":[{"embeddable":true,"href":"https:\/\/www.bokiheating.com\/en\/wp-json\/wp\/v2\/users\/5"}],"replies":[{"embeddable":true,"href":"https:\/\/www.bokiheating.com\/en\/wp-json\/wp\/v2\/comments?post=2088"}],"version-history":[{"count":4,"href":"https:\/\/www.bokiheating.com\/en\/wp-json\/wp\/v2\/pages\/2088\/revisions"}],"predecessor-version":[{"id":2516,"href":"https:\/\/www.bokiheating.com\/en\/wp-json\/wp\/v2\/pages\/2088\/revisions\/2516"}],"wp:attachment":[{"href":"https:\/\/www.bokiheating.com\/en\/wp-json\/wp\/v2\/media?parent=2088"}],"curies":[{"name":"wp","href":"https:\/\/api.w.org\/{rel}","templated":true}]}}