{"id":1736,"date":"2022-01-27T12:14:35","date_gmt":"2022-01-27T11:14:35","guid":{"rendered":"https:\/\/www.bokiheating.com\/?page_id=1736"},"modified":"2022-04-20T12:31:00","modified_gmt":"2022-04-20T10:31:00","slug":"fur-fachleute","status":"publish","type":"page","link":"https:\/\/www.bokiheating.com\/de\/fur-fachleute\/","title":{"rendered":"F\u00fcr Fachleute"},"content":{"rendered":"<div class=\"d-none\" style=\"display: none;\">\n<h3>Informationen f\u00fcr Fachleute und Partner<\/h3>\n<h3>Alle unsere Produkte im e-shop<\/h3>\n<h3>Sind Sie ein Profi? Werden Sie unser Partner<\/h3>\n<h3>Was sind die Vorteile?<\/h3>\n<p>Sie sind ein Gewerbetreibender, ein Installateur oder ein Handelsunternehmen und haben sich f\u00fcr eine Zusammenarbeit mit uns entschieden? Vielen Dank, wir wissen das sehr zu sch\u00e4tzen. Und welche Vorteile k\u00f6nnen Sie erwarten?a:4:{i:0;a:3:{s:45:&#8220;block-benefits-with-description-benefits-icon&#8220;;s:4:&#8220;1024&#8243;;s:46:&#8220;block-benefits-with-description-benefits-title&#8220;;s:17:&#8220;Attraktive Preise&#8220;;s:52:&#8220;block-benefits-with-description-benefits-description&#8220;;s:493:&#8220;<\/p>\n<p><span style=\"font-family: inherit;\">Wir bieten spezielle Rabatte auf die Grundpreisliste. Die Rabatte richten sich nach Art und Menge der abgenommenen Produkte. F\u00fcr gro\u00dfe Veranstaltungen k\u00f6nnen wir zus\u00e4tzliche Rabatte anbieten.<\/span><\/p>\n<p>Wir behandeln jeden individuell. Setzen Sie sich mit uns in Verbindung, und wir werden eine ma\u00dfgeschneiderte Preisliste f\u00fcr Sie erstellen.<\/p>\n<p>&#8222;;}i:1;a:3:{s:45:&#8220;block-benefits-with-description-benefits-icon&#8220;;s:4:&#8220;1022&#8243;;s:46:&#8220;block-benefits-with-description-benefits-title&#8220;;s:19:&#8220;Technische Beratung&#8220;;s:52:&#8220;block-benefits-with-description-benefits-description&#8220;;s:402:&#8220;<\/p>\n<p><span style=\"font-family: inherit;\">Haben Sie die gew\u00fcnschten Informationen im Internet oder im Katalog nicht gefunden? Hat Ihr Kunde eine spezielle Frage oder ein spezielles Problem? M\u00f6chten Sie mehr \u00fcber unseren Produktionsprozess erfahren? Lassen Sie es uns wissen. Wir glauben, dass wir die Antwort immer gemeinsam finden werden.<\/span><\/p>\n<p>&#8222;;}i:2;a:3:{s:45:&#8220;block-benefits-with-description-benefits-icon&#8220;;s:4:&#8220;1026&#8243;;s:46:&#8220;block-benefits-with-description-benefits-title&#8220;;s:37:&#8220;Zusammenarbeit bei atypischen F\u00e4llen&#8220;;s:52:&#8220;block-benefits-with-description-benefits-description&#8220;;s:419:&#8220;<\/p>\n<p><span style=\"font-family: inherit;\">Oft kommt ein Kunde mit nicht standardisierten Anforderungen. Nicht standardisierte Abmessungen, Leistungen, Farbl\u00f6sungen usw. Wir sind flexibel. Wir k\u00f6nnen auch auf sehr spezifische Kundenw\u00fcnsche eingehen. Wir werden von den ersten Vorbereitungen bis zum Abschluss aktiv an Ihren Gesch\u00e4ftsf\u00e4llen beteiligt sein.<\/span><\/p>\n<p>&#8222;;}i:3;a:3:{s:45:&#8220;block-benefits-with-description-benefits-icon&#8220;;s:4:&#8220;1020&#8243;;s:46:&#8220;block-benefits-with-description-benefits-title&#8220;;s:27:&#8220;Preis-\/Leistungsverh\u00e4ltnis&#8220;;s:52:&#8220;block-benefits-with-description-benefits-description&#8220;;s:503:&#8220;<\/p>\n<p><span style=\"font-family: inherit;\">Unsere Produkte haben ein ausgezeichnetes Preis-\/Leistungsverh\u00e4ltnis. Die Produkte werden mit gro\u00dfer Aufmerksamkeit f\u00fcr pr\u00e4zise Details und 100%ige Funktionalit\u00e4t hergestellt. Wir bieten sehr attraktive Preise. Wir produzieren so, dass Reklamationen so weit wie m\u00f6glich vermieden werden. Wenn eine Beschwerde eingeht, wird sie innerhalb einer Woche bearbeitet.<\/span><\/p>\n<p>&nbsp;<\/p>\n<p>&#8222;;}}<\/p>\n<h3>Zertifikate und G\u00fctezeichen<\/h3>\n<h3>Wir sind der exklusive Lieferant der Marke PURMO<\/h3>\n<h3>Wichtige Dokumente zum Herunterladen<\/h3>\n<h3>Fragen und Antworten zur Auswahl eines Konvektors<\/h3>\n<h3>Sind Sie interessiert? Kontaktieren Sie uns.<\/h3>\n<h3>Brauchen Sie einen Rat?<\/h3>\n<\/div>\n<div class=\"d-none\" style=\"display: none;\">\n<h3>Informationen f\u00fcr Fachleute und Partner<\/h3>\n<h3>Alle unsere Produkte im e-shop<\/h3>\n<h3>Sind Sie ein Profi? Werden Sie unser Partner<\/h3>\n<h3>Was sind die Vorteile?<\/h3>\n<p>Sie sind ein Gewerbetreibender, ein Installateur oder ein Handelsunternehmen und haben sich f\u00fcr eine Zusammenarbeit mit uns entschieden? Vielen Dank, wir wissen das sehr zu sch\u00e4tzen. Und welche Vorteile k\u00f6nnen Sie erwarten?a:4:{i:0;a:3:{s:45:&#8220;block-benefits-with-description-benefits-icon&#8220;;s:4:&#8220;1024&#8243;;s:46:&#8220;block-benefits-with-description-benefits-title&#8220;;s:17:&#8220;Attraktive Preise&#8220;;s:52:&#8220;block-benefits-with-description-benefits-description&#8220;;s:493:&#8220;<\/p>\n<p><span style=\"font-family: inherit;\">Wir bieten spezielle Rabatte auf die Grundpreisliste. Die Rabatte richten sich nach Art und Menge der abgenommenen Produkte. F\u00fcr gro\u00dfe Veranstaltungen k\u00f6nnen wir zus\u00e4tzliche Rabatte anbieten.<\/span><\/p>\n<p>Wir behandeln jeden individuell. Setzen Sie sich mit uns in Verbindung, und wir werden eine ma\u00dfgeschneiderte Preisliste f\u00fcr Sie erstellen.<\/p>\n<p>&#8222;;}i:1;a:3:{s:45:&#8220;block-benefits-with-description-benefits-icon&#8220;;s:4:&#8220;1022&#8243;;s:46:&#8220;block-benefits-with-description-benefits-title&#8220;;s:19:&#8220;Technische Beratung&#8220;;s:52:&#8220;block-benefits-with-description-benefits-description&#8220;;s:402:&#8220;<\/p>\n<p><span style=\"font-family: inherit;\">Haben Sie die gew\u00fcnschten Informationen im Internet oder im Katalog nicht gefunden? Hat Ihr Kunde eine spezielle Frage oder ein spezielles Problem? M\u00f6chten Sie mehr \u00fcber unseren Produktionsprozess erfahren? Lassen Sie es uns wissen. Wir glauben, dass wir die Antwort immer gemeinsam finden werden.<\/span><\/p>\n<p>&#8222;;}i:2;a:3:{s:45:&#8220;block-benefits-with-description-benefits-icon&#8220;;s:4:&#8220;1026&#8243;;s:46:&#8220;block-benefits-with-description-benefits-title&#8220;;s:37:&#8220;Zusammenarbeit bei atypischen F\u00e4llen&#8220;;s:52:&#8220;block-benefits-with-description-benefits-description&#8220;;s:419:&#8220;<\/p>\n<p><span style=\"font-family: inherit;\">Oft kommt ein Kunde mit nicht standardisierten Anforderungen. Nicht standardisierte Abmessungen, Leistungen, Farbl\u00f6sungen usw. Wir sind flexibel. Wir k\u00f6nnen auch auf sehr spezifische Kundenw\u00fcnsche eingehen. Wir werden von den ersten Vorbereitungen bis zum Abschluss aktiv an Ihren Gesch\u00e4ftsf\u00e4llen beteiligt sein.<\/span><\/p>\n<p>&#8222;;}i:3;a:3:{s:45:&#8220;block-benefits-with-description-benefits-icon&#8220;;s:4:&#8220;1020&#8243;;s:46:&#8220;block-benefits-with-description-benefits-title&#8220;;s:27:&#8220;Preis-\/Leistungsverh\u00e4ltnis&#8220;;s:52:&#8220;block-benefits-with-description-benefits-description&#8220;;s:503:&#8220;<\/p>\n<p><span style=\"font-family: inherit;\">Unsere Produkte haben ein ausgezeichnetes Preis-\/Leistungsverh\u00e4ltnis. Die Produkte werden mit gro\u00dfer Aufmerksamkeit f\u00fcr pr\u00e4zise Details und 100%ige Funktionalit\u00e4t hergestellt. Wir bieten sehr attraktive Preise. Wir produzieren so, dass Reklamationen so weit wie m\u00f6glich vermieden werden. Wenn eine Beschwerde eingeht, wird sie innerhalb einer Woche bearbeitet.<\/span><\/p>\n<p>&nbsp;<\/p>\n<p>&#8222;;}}<\/p>\n<h3>Zertifikate und G\u00fctezeichen<\/h3>\n<h3>Wir sind der exklusive Lieferant der Marke PURMO<\/h3>\n<h3>Wichtige Dokumente zum Herunterladen<\/h3>\n<h3>Fragen und Antworten zur Auswahl eines Konvektors<\/h3>\n<h3>Sind Sie interessiert? Kontaktieren Sie uns.<\/h3>\n<h3>Brauchen Sie einen Rat?<\/h3>\n<\/div>\n<div class='d-none' style='display:none;'>\n<h3>Informationen f\u00fcr Fachleute und Partner<\/h3>\n<h3>Alle unsere Produkte im e-shop<\/h3>\n<h3>Sind Sie ein Profi? Werden Sie unser Partner<\/h3>\n<h3>Was sind die Vorteile?<\/h3>\n<p>Sie sind ein Gewerbetreibender, ein Installateur oder ein Handelsunternehmen und haben sich f\u00fcr eine Zusammenarbeit mit uns entschieden? Vielen Dank, wir wissen das sehr zu sch\u00e4tzen. Und welche Vorteile k\u00f6nnen Sie erwarten?a:4:{i:0;a:3:{s:45:&#8220;block-benefits-with-description-benefits-icon&#8220;;s:4:&#8220;1024&#8243;;s:46:&#8220;block-benefits-with-description-benefits-title&#8220;;s:17:&#8220;Attraktive Preise&#8220;;s:52:&#8220;block-benefits-with-description-benefits-description&#8220;;s:493:&#8220;<\/p>\n<p><span style=\"font-family: inherit;\">Wir bieten spezielle Rabatte auf die Grundpreisliste. Die Rabatte richten sich nach Art und Menge der abgenommenen Produkte. F\u00fcr gro\u00dfe Veranstaltungen k\u00f6nnen wir zus\u00e4tzliche Rabatte anbieten.<\/span><\/p>\n<p>Wir behandeln jeden individuell. Setzen Sie sich mit uns in Verbindung, und wir werden eine ma\u00dfgeschneiderte Preisliste f\u00fcr Sie erstellen.<\/p>\n<\/p>\n<p>&#8222;;}i:1;a:3:{s:45:&#8220;block-benefits-with-description-benefits-icon&#8220;;s:4:&#8220;1022&#8243;;s:46:&#8220;block-benefits-with-description-benefits-title&#8220;;s:19:&#8220;Technische Beratung&#8220;;s:52:&#8220;block-benefits-with-description-benefits-description&#8220;;s:402:&#8220;<\/p>\n<p><span style=\"font-family: inherit;\">Haben Sie die gew\u00fcnschten Informationen im Internet oder im Katalog nicht gefunden? Hat Ihr Kunde eine spezielle Frage oder ein spezielles Problem? M\u00f6chten Sie mehr \u00fcber unseren Produktionsprozess erfahren? Lassen Sie es uns wissen. Wir glauben, dass wir die Antwort immer gemeinsam finden werden.<\/span><\/p>\n<p>&#8222;;}i:2;a:3:{s:45:&#8220;block-benefits-with-description-benefits-icon&#8220;;s:4:&#8220;1026&#8243;;s:46:&#8220;block-benefits-with-description-benefits-title&#8220;;s:37:&#8220;Zusammenarbeit bei atypischen F\u00e4llen&#8220;;s:52:&#8220;block-benefits-with-description-benefits-description&#8220;;s:419:&#8220;<\/p>\n<p><span style=\"font-family: inherit;\">Oft kommt ein Kunde mit nicht standardisierten Anforderungen. Nicht standardisierte Abmessungen, Leistungen, Farbl\u00f6sungen usw. Wir sind flexibel. Wir k\u00f6nnen auch auf sehr spezifische Kundenw\u00fcnsche eingehen. Wir werden von den ersten Vorbereitungen bis zum Abschluss aktiv an Ihren Gesch\u00e4ftsf\u00e4llen beteiligt sein.<\/span><\/p>\n<p>&#8222;;}i:3;a:3:{s:45:&#8220;block-benefits-with-description-benefits-icon&#8220;;s:4:&#8220;1020&#8243;;s:46:&#8220;block-benefits-with-description-benefits-title&#8220;;s:27:&#8220;Preis-\/Leistungsverh\u00e4ltnis&#8220;;s:52:&#8220;block-benefits-with-description-benefits-description&#8220;;s:503:&#8220;<\/p>\n<p><span style=\"font-family: inherit;\">Unsere Produkte haben ein ausgezeichnetes Preis-\/Leistungsverh\u00e4ltnis. Die Produkte werden mit gro\u00dfer Aufmerksamkeit f\u00fcr pr\u00e4zise Details und 100%ige Funktionalit\u00e4t hergestellt. Wir bieten sehr attraktive Preise. Wir produzieren so, dass Reklamationen so weit wie m\u00f6glich vermieden werden. Wenn eine Beschwerde eingeht, wird sie innerhalb einer Woche bearbeitet.<\/span><\/p>\n<p><\/p>\n<p>&#8222;;}}<\/p>\n<h3>Zertifikate und G\u00fctezeichen<\/h3>\n<h3>Wir sind der exklusive Lieferant der Marke PURMO<\/h3>\n<h3>Wichtige Dokumente zum Herunterladen<\/h3>\n<h3>Fragen und Antworten zur Auswahl eines Konvektors<\/h3>\n<h3>Sind Sie interessiert? Kontaktieren Sie uns.<\/h3>\n<h3>Brauchen Sie einen Rat?<\/h3>\n<\/div>\n","protected":false},"excerpt":{"rendered":"<p>Informationen f\u00fcr Fachleute und Partner Alle unsere Produkte im e-shop Sind Sie ein Profi? Werden Sie unser Partner Was sind die Vorteile? Sie sind ein Gewerbetreibender, ein Installateur oder ein Handelsunternehmen und haben sich f\u00fcr eine Zusammenarbeit mit uns entschieden? Vielen Dank, wir wissen das sehr zu sch\u00e4tzen. Und welche Vorteile k\u00f6nnen Sie erwarten?a:4:{i:0;a:3:{s:45:&#8220;block-benefits-with-description-benefits-icon&#8220;;s:4:&#8220;1024&#8243;;s:46:&#8220;block-benefits-with-description-benefits-title&#8220;;s:17:&#8220;Attraktive Preise&#8220;;s:52:&#8220;block-benefits-with-description-benefits-description&#8220;;s:493:&#8220;&#8230;<\/p>\n","protected":false},"author":5,"featured_media":0,"parent":0,"menu_order":0,"comment_status":"closed","ping_status":"closed","template":"pages\/page-blocks.php","meta":{"footnotes":""},"class_list":["post-1736","page","type-page","status-publish","hentry"],"yoast_head":"<!-- This site is optimized with the Yoast SEO plugin v25.6 - https:\/\/yoast.com\/wordpress\/plugins\/seo\/ -->\n<title>F\u00fcr Fachleute - BOKI Industries a.s.<\/title>\n<meta name=\"robots\" content=\"index, follow, max-snippet:-1, max-image-preview:large, max-video-preview:-1\" \/>\n<link rel=\"canonical\" href=\"https:\/\/www.bokiheating.com\/de\/fur-fachleute\/\" \/>\n<meta property=\"og:locale\" content=\"de_DE\" \/>\n<meta property=\"og:type\" content=\"article\" \/>\n<meta property=\"og:title\" content=\"F\u00fcr Fachleute - BOKI Industries a.s.\" \/>\n<meta property=\"og:description\" content=\"Informationen f\u00fcr Fachleute und Partner Alle unsere Produkte im e-shop Sind Sie ein Profi? Werden Sie unser Partner Was sind die Vorteile? Sie sind ein Gewerbetreibender, ein Installateur oder ein Handelsunternehmen und haben sich f\u00fcr eine Zusammenarbeit mit uns entschieden? Vielen Dank, wir wissen das sehr zu sch\u00e4tzen. Und welche Vorteile k\u00f6nnen Sie erwarten?a:4:{i:0;a:3:{s:45:&#8220;block-benefits-with-description-benefits-icon&#8220;;s:4:&#8220;1024&#8243;;s:46:&#8220;block-benefits-with-description-benefits-title&#8220;;s:17:&#8220;Attraktive Preise&#8220;;s:52:&#8220;block-benefits-with-description-benefits-description&#8220;;s:493:&#8220;...\" \/>\n<meta property=\"og:url\" content=\"https:\/\/www.bokiheating.com\/de\/fur-fachleute\/\" \/>\n<meta property=\"og:site_name\" content=\"BOKI Industries a.s.\" \/>\n<meta property=\"article:modified_time\" content=\"2022-04-20T10:31:00+00:00\" \/>\n<meta property=\"og:image\" content=\"https:\/\/www.bokiheating.com\/wp-content\/uploads\/2021\/09\/Boki_OG.jpeg\" \/>\n\t<meta property=\"og:image:width\" content=\"1200\" \/>\n\t<meta property=\"og:image:height\" content=\"630\" \/>\n\t<meta property=\"og:image:type\" content=\"image\/jpeg\" \/>\n<meta name=\"twitter:card\" content=\"summary_large_image\" \/>\n<meta name=\"twitter:label1\" content=\"Gesch\u00e4tzte Lesezeit\" \/>\n\t<meta name=\"twitter:data1\" content=\"5\u00a0Minuten\" \/>\n<!-- \/ Yoast SEO plugin. -->","yoast_head_json":{"title":"F\u00fcr Fachleute - BOKI Industries a.s.","robots":{"index":"index","follow":"follow","max-snippet":"max-snippet:-1","max-image-preview":"max-image-preview:large","max-video-preview":"max-video-preview:-1"},"canonical":"https:\/\/www.bokiheating.com\/de\/fur-fachleute\/","og_locale":"de_DE","og_type":"article","og_title":"F\u00fcr Fachleute - BOKI Industries a.s.","og_description":"Informationen f\u00fcr Fachleute und Partner Alle unsere Produkte im e-shop Sind Sie ein Profi? Werden Sie unser Partner Was sind die Vorteile? Sie sind ein Gewerbetreibender, ein Installateur oder ein Handelsunternehmen und haben sich f\u00fcr eine Zusammenarbeit mit uns entschieden? Vielen Dank, wir wissen das sehr zu sch\u00e4tzen. Und welche Vorteile k\u00f6nnen Sie erwarten?a:4:{i:0;a:3:{s:45:&#8220;block-benefits-with-description-benefits-icon&#8220;;s:4:&#8220;1024&#8243;;s:46:&#8220;block-benefits-with-description-benefits-title&#8220;;s:17:&#8220;Attraktive Preise&#8220;;s:52:&#8220;block-benefits-with-description-benefits-description&#8220;;s:493:&#8220;...","og_url":"https:\/\/www.bokiheating.com\/de\/fur-fachleute\/","og_site_name":"BOKI Industries a.s.","article_modified_time":"2022-04-20T10:31:00+00:00","og_image":[{"width":1200,"height":630,"url":"https:\/\/www.bokiheating.com\/wp-content\/uploads\/2021\/09\/Boki_OG.jpeg","type":"image\/jpeg"}],"twitter_card":"summary_large_image","twitter_misc":{"Gesch\u00e4tzte Lesezeit":"5\u00a0Minuten"},"schema":{"@context":"https:\/\/schema.org","@graph":[{"@type":"WebPage","@id":"https:\/\/www.bokiheating.com\/de\/fur-fachleute\/","url":"https:\/\/www.bokiheating.com\/de\/fur-fachleute\/","name":"F\u00fcr Fachleute - BOKI Industries a.s.","isPartOf":{"@id":"https:\/\/www.bokiheating.com\/de\/#website"},"datePublished":"2022-01-27T11:14:35+00:00","dateModified":"2022-04-20T10:31:00+00:00","breadcrumb":{"@id":"https:\/\/www.bokiheating.com\/de\/fur-fachleute\/#breadcrumb"},"inLanguage":"de","potentialAction":[{"@type":"ReadAction","target":["https:\/\/www.bokiheating.com\/de\/fur-fachleute\/"]}]},{"@type":"BreadcrumbList","@id":"https:\/\/www.bokiheating.com\/de\/fur-fachleute\/#breadcrumb","itemListElement":[{"@type":"ListItem","position":1,"name":"Einf\u00fchrung","item":"https:\/\/www.bokiheating.com\/de\/startseite\/"},{"@type":"ListItem","position":2,"name":"F\u00fcr Fachleute"}]},{"@type":"WebSite","@id":"https:\/\/www.bokiheating.com\/de\/#website","url":"https:\/\/www.bokiheating.com\/de\/","name":"BOKI Industries a.s.","description":"","publisher":{"@id":"https:\/\/www.bokiheating.com\/de\/#organization"},"potentialAction":[{"@type":"SearchAction","target":{"@type":"EntryPoint","urlTemplate":"https:\/\/www.bokiheating.com\/de\/?s={search_term_string}"},"query-input":{"@type":"PropertyValueSpecification","valueRequired":true,"valueName":"search_term_string"}}],"inLanguage":"de"},{"@type":"Organization","@id":"https:\/\/www.bokiheating.com\/de\/#organization","name":"BOKI Industries a.s.","url":"https:\/\/www.bokiheating.com\/de\/","logo":{"@type":"ImageObject","inLanguage":"de","@id":"https:\/\/www.bokiheating.com\/de\/#\/schema\/logo\/image\/","url":"https:\/\/www.bokiheating.com\/wp-content\/uploads\/2021\/07\/logo.svg","contentUrl":"https:\/\/www.bokiheating.com\/wp-content\/uploads\/2021\/07\/logo.svg","width":132,"height":47,"caption":"BOKI Industries a.s."},"image":{"@id":"https:\/\/www.bokiheating.com\/de\/#\/schema\/logo\/image\/"}}]}},"_links":{"self":[{"href":"https:\/\/www.bokiheating.com\/de\/wp-json\/wp\/v2\/pages\/1736","targetHints":{"allow":["GET"]}}],"collection":[{"href":"https:\/\/www.bokiheating.com\/de\/wp-json\/wp\/v2\/pages"}],"about":[{"href":"https:\/\/www.bokiheating.com\/de\/wp-json\/wp\/v2\/types\/page"}],"author":[{"embeddable":true,"href":"https:\/\/www.bokiheating.com\/de\/wp-json\/wp\/v2\/users\/5"}],"replies":[{"embeddable":true,"href":"https:\/\/www.bokiheating.com\/de\/wp-json\/wp\/v2\/comments?post=1736"}],"version-history":[{"count":4,"href":"https:\/\/www.bokiheating.com\/de\/wp-json\/wp\/v2\/pages\/1736\/revisions"}],"predecessor-version":[{"id":2175,"href":"https:\/\/www.bokiheating.com\/de\/wp-json\/wp\/v2\/pages\/1736\/revisions\/2175"}],"wp:attachment":[{"href":"https:\/\/www.bokiheating.com\/de\/wp-json\/wp\/v2\/media?parent=1736"}],"curies":[{"name":"wp","href":"https:\/\/api.w.org\/{rel}","templated":true}]}}