{"id":1733,"date":"2022-01-27T12:06:49","date_gmt":"2022-01-27T11:06:49","guid":{"rendered":"https:\/\/www.bokiheating.com\/?page_id=1733"},"modified":"2022-04-20T12:31:42","modified_gmt":"2022-04-20T10:31:42","slug":"fur-kunden","status":"publish","type":"page","link":"https:\/\/www.bokiheating.com\/de\/fur-kunden\/","title":{"rendered":"F\u00fcr Kunden"},"content":{"rendered":"<div class=\"d-none\" style=\"display: none;\">\n<h3>Test Pro z\u00e1kazn\u00edky Test<\/h3>\n<h3>Test Chyst\u00e1te se koupit a instalovat konvektor sami? Test<\/h3>\n<h3>Test M\u00e1me pro v\u00e1s tipy a rado do za\u010d\u00e1tku Test<\/h3>\n<h3>Test<\/h3>\n<p>Designov\u00e9 \u0159e\u0161en\u00ed konvektor\u016f v\u017edy respektuje vybaven\u00ed a\u00a0vzhled interi\u00e9ru. Vybrat si m\u016f\u017eete konvektory podlahov\u00e9 (skryt\u00e9 v\u00a0podlaze, je vid\u011bt jen m\u0159\u00ed\u017eka), nadpodla\u017en\u00ed \u010di n\u00e1st\u011bnn\u00e9. Konvektory tedy v\u016fbec nezat\u011b\u017euj\u00ed interi\u00e9r svoj\u00ed p\u0159\u00edtomnost\u00ed, nebo jej naopak vhodn\u011b dopln\u00ed \u2013\u00a0ve form\u011b lavic nav\u00edc z\u00edsk\u00e1me m\u00edsto k\u00a0sezen\u00ed \u010di\u00a0praktick\u00e9 odkl\u00e1dac\u00ed plochy.<\/p>\n<p>Test<\/p>\n<h3>Test Pro\u010d topit konvektory Test<\/h3>\n<h3>https:\/\/www.bokiheating.com\/proc-topit-konvektory\/<\/h3>\n<h3>0<\/h3>\n<h3>Test Konvektor zabudovan\u00fd v podlaze &#8211; InFloor Test<\/h3>\n<p>Test<\/p>\n<p>Podlahov\u00e9 konvektory BOKI jsou ide\u00e1ln\u00edm \u0159e\u0161en\u00edm ka\u017ed\u00e9 budovy, kde je pot\u0159eba db\u00e1t na esteti\u010dnost a z\u00e1rove\u0148 funkcionalitu. Vzhledem k instalaci do podlahy se tento typ konvektor\u016f nej\u010dast\u011bji pou\u017e\u00edv\u00e1 v\u00a0kombinaci s\u00a0francouzsk\u00fdmi okny nebo velk\u00fdmi prosklen\u00fdmi plochami. Nesm\u00edrnou v\u00fdhodou t\u011bchto konvektor\u016f je mal\u00e9 mno\u017estv\u00ed vody ve v\u00fdm\u011bn\u00edku (v porovn\u00e1n\u00ed s\u00a0klasick\u00fdmi radi\u00e1tory), kter\u00e9 zaji\u0161\u0165uje rychl\u00e9 vyt\u00e1p\u011bn\u00ed m\u00edstnosti. D\u00edky instalaci do podlahy jsou proto optim\u00e1ln\u00edm zdrojem cirkulace tepla v\u00a0m\u00edstnosti.<\/p>\n<p>Test<\/p>\n<h3>Test Nadpodla\u017en\u00ed konvektory Test<\/h3>\n<p>Test<\/p>\n<p>Nadpodla\u017en\u00ed konvektory BOKI jsou ide\u00e1ln\u00ed \u0159e\u0161en\u00edm pro ty, kdo pot\u0159ebuj\u00ed dos\u00e1hnout vysok\u00e9ho v\u00fdkonu. D\u00edky sv\u00e9 konstrukci, jsou tyto konvektory instalov\u00e1ny 10 cm nad podlahou, co\u017e zaji\u0161\u0165uje je\u0161t\u011b v\u011bt\u0161\u00ed cirkulaci vzduchu a t\u00edm i v\u011bt\u0161\u00ed v\u00fdkon konvektoru. D\u00edky n\u00edzk\u00fdm v\u00fd\u0161k\u00e1m se daj\u00ed tyto konvektory pou\u017e\u00edt jak do m\u00edstnost\u00ed s\u00a0velk\u00fdmi prosklen\u00fdmi plochami, tak i do m\u00edstnost\u00ed s\u00a0p\u0159edsazen\u00fdmi okny. D\u00edky neomezen\u00fdm barevn\u00fdm mo\u017enostem m\u016f\u017eou skv\u011ble zapadnout do jak\u00e9hokoliv interi\u00e9ru.<\/p>\n<p>Test<\/p>\n<h3>Test Z\u00e1kladn\u00ed parametry konvektor\u016f Test<\/h3>\n<h3>Test Soubory ke sta\u017een\u00ed Test<\/h3>\n<h3>Test Ot\u00e1zky a odpov\u011bdi k v\u00fdb\u011bru konvektoru Test<\/h3>\n<\/div>\n<div class=\"d-none\" style=\"display: none;\">\n<h3>F\u00fcr Kunden<\/h3>\n<h3>Werden Sie selbst einen Konvektor kaufen und installieren?<\/h3>\n<h3>Wir haben Tipps und Ratschl\u00e4ge f\u00fcr den Einstieg<\/h3>\n<h3>Das Design der Konvektoren respektiert immer die Einrichtung und das Aussehen des Innenraums. Sie k\u00f6nnen zwischen Unterflurkonvektoren (im Boden verborgen, nur das Gitter ist sichtbar), Konvektoren OnFloor und Wandkonvektoren w\u00e4hlen. Konvektoren belasten den Innenraum also keineswegs mit ihrer Anwesenheit, sondern erg\u00e4nzen ihn im Gegenteil sinnvoll &#8211; in Form von B\u00e4nken erhalten wir zus\u00e4tzliche Sitzgelegenheiten oder praktische Ablagefl\u00e4chen.<\/h3>\n<p>&nbsp;<\/p>\n<h3>Warum mit Konvektoren heizen<\/h3>\n<h3>https:\/\/www.bokiheating.com\/proc-topit-konvektory\/<\/h3>\n<h3>0<\/h3>\n<h3>Unterflurkonvektor InFloor<\/h3>\n<p>BOKI-Unterflurkonvektoren sind die ideale L\u00f6sung f\u00fcr jedes Geb\u00e4ude, in dem sowohl \u00c4sthetik als auch Funktionalit\u00e4t gefragt sind. Aufgrund des Bodeneinbaus wird dieser Konvektortyp am h\u00e4ufigsten in Kombination mit Fenstert\u00fcren oder gro\u00dfen Glasfl\u00e4chen verwendet. Ein gro\u00dfer Vorteil dieser Konvektoren ist die geringe Wassermenge im W\u00e4rmetauscher (im Vergleich zu herk\u00f6mmlichen Heizk\u00f6rpern), die eine schnelle Erw\u00e4rmung des Raumes gew\u00e4hrleistet. Durch ihre Verlegung im Boden sind sie eine optimale Quelle f\u00fcr die W\u00e4rmezirkulation im Raum.<\/p>\n<h3>Konvektoren Onfloor<\/h3>\n<p>BOKI-Konvektoren sind die ideale L\u00f6sung f\u00fcr alle, die eine hohe Leistung ben\u00f6tigen. Dank ihres Designs werden diese Konvektoren 10 cm \u00fcber dem Boden installiert, was eine noch bessere Luftzirkulation und damit eine h\u00f6here Leistung der Konvektoren gew\u00e4hrleistet. Dank ihrer geringen H\u00f6he k\u00f6nnen diese Konvektoren sowohl in R\u00e4umen mit gro\u00dfen Glasfl\u00e4chen als auch in R\u00e4umen mit Fensterfronten eingesetzt werden. Dank der unbegrenzten Farbm\u00f6glichkeiten passen sie perfekt in jedes Interieur.<\/p>\n<h3>Grundlegende Parameter von Konvektoren<\/h3>\n<h3>Herunterladen<\/h3>\n<h3>Fragen und Antworten zur Auswahl eines Konvektors<\/h3>\n<h3>Brauchen Sie einen Rat?<\/h3>\n<\/div>\n<div class=\"d-none\" style=\"display: none;\">\n<h3>F\u00fcr Kunden<\/h3>\n<h3>Werden Sie selbst einen Konvektor kaufen und installieren?<\/h3>\n<h3>Wir haben Tipps und Ratschl\u00e4ge f\u00fcr den Einstieg<\/h3>\n<h3>Das Design der Konvektoren respektiert immer die Einrichtung und das Aussehen des Innenraums. Sie k\u00f6nnen zwischen Unterflurkonvektoren (im Boden verborgen, nur das Gitter ist sichtbar), Konvektoren OnFloor und Wandkonvektoren w\u00e4hlen. Konvektoren belasten den Innenraum also keineswegs mit ihrer Anwesenheit, sondern erg\u00e4nzen ihn im Gegenteil sinnvoll &#8211; in Form von B\u00e4nken erhalten wir zus\u00e4tzliche Sitzgelegenheiten oder praktische Ablagefl\u00e4chen.<\/h3>\n<p>&nbsp;<\/p>\n<h3>Warum mit Konvektoren heizen<\/h3>\n<h3>https:\/\/www.bokiheating.com\/proc-topit-konvektory\/<\/h3>\n<h3>0<\/h3>\n<h3>Unterflurkonvektor InFloor<\/h3>\n<p>BOKI-Unterflurkonvektoren sind die ideale L\u00f6sung f\u00fcr jedes Geb\u00e4ude, in dem sowohl \u00c4sthetik als auch Funktionalit\u00e4t gefragt sind. Aufgrund des Bodeneinbaus wird dieser Konvektortyp am h\u00e4ufigsten in Kombination mit Fenstert\u00fcren oder gro\u00dfen Glasfl\u00e4chen verwendet. Ein gro\u00dfer Vorteil dieser Konvektoren ist die geringe Wassermenge im W\u00e4rmetauscher (im Vergleich zu herk\u00f6mmlichen Heizk\u00f6rpern), die eine schnelle Erw\u00e4rmung des Raumes gew\u00e4hrleistet. Durch ihre Verlegung im Boden sind sie eine optimale Quelle f\u00fcr die W\u00e4rmezirkulation im Raum.<\/p>\n<h3>Konvektoren Onfloor<\/h3>\n<p>BOKI-Konvektoren sind die ideale L\u00f6sung f\u00fcr alle, die eine hohe Leistung ben\u00f6tigen. Dank ihres Designs werden diese Konvektoren 10 cm \u00fcber dem Boden installiert, was eine noch bessere Luftzirkulation und damit eine h\u00f6here Leistung der Konvektoren gew\u00e4hrleistet. Dank ihrer geringen H\u00f6he k\u00f6nnen diese Konvektoren sowohl in R\u00e4umen mit gro\u00dfen Glasfl\u00e4chen als auch in R\u00e4umen mit Fensterfronten eingesetzt werden. Dank der unbegrenzten Farbm\u00f6glichkeiten passen sie perfekt in jedes Interieur.<\/p>\n<h3>Grundlegende Parameter von Konvektoren<\/h3>\n<h3>Herunterladen<\/h3>\n<h3>Fragen und Antworten zur Auswahl eines Konvektors<\/h3>\n<h3>Brauchen Sie einen Rat?<\/h3>\n<\/div>\n<div class='d-none' style='display:none;'>\n<h3>F\u00fcr Kunden<\/h3>\n<h3>Werden Sie selbst einen Konvektor kaufen und installieren?<\/h3>\n<h3>Wir haben Tipps und Ratschl\u00e4ge f\u00fcr den Einstieg<\/h3>\n<h3>Das Design der Konvektoren respektiert immer die Einrichtung und das Aussehen des Innenraums. Sie k\u00f6nnen zwischen Unterflurkonvektoren (im Boden verborgen, nur das Gitter ist sichtbar), Konvektoren OnFloor und Wandkonvektoren w\u00e4hlen. Konvektoren belasten den Innenraum also keineswegs mit ihrer Anwesenheit, sondern erg\u00e4nzen ihn im Gegenteil sinnvoll &#8211; in Form von B\u00e4nken erhalten wir zus\u00e4tzliche Sitzgelegenheiten oder praktische Ablagefl\u00e4chen.<\/p>\n<p>&nbsp;<\/h3>\n<h3>Warum mit Konvektoren heizen<\/h3>\n<h3>https:\/\/www.bokiheating.com\/proc-topit-konvektory\/<\/h3>\n<h3>0<\/h3>\n<h3>Unterflurkonvektor InFloor<\/h3>\n<p>BOKI-Unterflurkonvektoren sind die ideale L\u00f6sung f\u00fcr jedes Geb\u00e4ude, in dem sowohl \u00c4sthetik als auch Funktionalit\u00e4t gefragt sind. Aufgrund des Bodeneinbaus wird dieser Konvektortyp am h\u00e4ufigsten in Kombination mit Fenstert\u00fcren oder gro\u00dfen Glasfl\u00e4chen verwendet. Ein gro\u00dfer Vorteil dieser Konvektoren ist die geringe Wassermenge im W\u00e4rmetauscher (im Vergleich zu herk\u00f6mmlichen Heizk\u00f6rpern), die eine schnelle Erw\u00e4rmung des Raumes gew\u00e4hrleistet. Durch ihre Verlegung im Boden sind sie eine optimale Quelle f\u00fcr die W\u00e4rmezirkulation im Raum.<\/p>\n<h3>Konvektoren Onfloor<\/h3>\n<p>BOKI-Konvektoren sind die ideale L\u00f6sung f\u00fcr alle, die eine hohe Leistung ben\u00f6tigen. Dank ihres Designs werden diese Konvektoren 10 cm \u00fcber dem Boden installiert, was eine noch bessere Luftzirkulation und damit eine h\u00f6here Leistung der Konvektoren gew\u00e4hrleistet. Dank ihrer geringen H\u00f6he k\u00f6nnen diese Konvektoren sowohl in R\u00e4umen mit gro\u00dfen Glasfl\u00e4chen als auch in R\u00e4umen mit Fensterfronten eingesetzt werden. Dank der unbegrenzten Farbm\u00f6glichkeiten passen sie perfekt in jedes Interieur.<\/p>\n<p>\u00a0<\/p>\n<h3>Grundlegende Parameter von Konvektoren<\/h3>\n<h3>Herunterladen<\/h3>\n<h3>Fragen und Antworten zur Auswahl eines Konvektors<\/h3>\n<h3>Brauchen Sie einen Rat?<\/h3>\n<\/div>\n","protected":false},"excerpt":{"rendered":"<p>Test Pro z\u00e1kazn\u00edky Test Test Chyst\u00e1te se koupit a instalovat konvektor sami? Test Test M\u00e1me pro v\u00e1s tipy a rado do za\u010d\u00e1tku Test Test Designov\u00e9 \u0159e\u0161en\u00ed konvektor\u016f v\u017edy respektuje vybaven\u00ed a\u00a0vzhled interi\u00e9ru. Vybrat si m\u016f\u017eete konvektory podlahov\u00e9 (skryt\u00e9 v\u00a0podlaze, je vid\u011bt jen m\u0159\u00ed\u017eka), nadpodla\u017en\u00ed \u010di n\u00e1st\u011bnn\u00e9. Konvektory tedy v\u016fbec nezat\u011b\u017euj\u00ed interi\u00e9r svoj\u00ed p\u0159\u00edtomnost\u00ed, nebo jej&#8230;<\/p>\n","protected":false},"author":5,"featured_media":0,"parent":0,"menu_order":0,"comment_status":"closed","ping_status":"closed","template":"pages\/page-blocks.php","meta":{"footnotes":""},"class_list":["post-1733","page","type-page","status-publish","hentry"],"yoast_head":"<!-- This site is optimized with the Yoast SEO plugin v25.6 - https:\/\/yoast.com\/wordpress\/plugins\/seo\/ -->\n<title>F\u00fcr Kunden - BOKI Industries a.s.<\/title>\n<meta name=\"robots\" content=\"index, follow, max-snippet:-1, max-image-preview:large, max-video-preview:-1\" \/>\n<link rel=\"canonical\" href=\"https:\/\/www.bokiheating.com\/de\/fur-kunden\/\" \/>\n<meta property=\"og:locale\" content=\"de_DE\" \/>\n<meta property=\"og:type\" content=\"article\" \/>\n<meta property=\"og:title\" content=\"F\u00fcr Kunden - BOKI Industries a.s.\" \/>\n<meta property=\"og:description\" content=\"Test Pro z\u00e1kazn\u00edky Test Test Chyst\u00e1te se koupit a instalovat konvektor sami? Test Test M\u00e1me pro v\u00e1s tipy a rado do za\u010d\u00e1tku Test Test Designov\u00e9 \u0159e\u0161en\u00ed konvektor\u016f v\u017edy respektuje vybaven\u00ed a\u00a0vzhled interi\u00e9ru. Vybrat si m\u016f\u017eete konvektory podlahov\u00e9 (skryt\u00e9 v\u00a0podlaze, je vid\u011bt jen m\u0159\u00ed\u017eka), nadpodla\u017en\u00ed \u010di n\u00e1st\u011bnn\u00e9. Konvektory tedy v\u016fbec nezat\u011b\u017euj\u00ed interi\u00e9r svoj\u00ed p\u0159\u00edtomnost\u00ed, nebo jej...\" \/>\n<meta property=\"og:url\" content=\"https:\/\/www.bokiheating.com\/de\/fur-kunden\/\" \/>\n<meta property=\"og:site_name\" content=\"BOKI Industries a.s.\" \/>\n<meta property=\"article:modified_time\" content=\"2022-04-20T10:31:42+00:00\" \/>\n<meta property=\"og:image\" content=\"https:\/\/www.bokiheating.com\/wp-content\/uploads\/2021\/09\/Boki_OG.jpeg\" \/>\n\t<meta property=\"og:image:width\" content=\"1200\" \/>\n\t<meta property=\"og:image:height\" content=\"630\" \/>\n\t<meta property=\"og:image:type\" content=\"image\/jpeg\" \/>\n<meta name=\"twitter:card\" content=\"summary_large_image\" \/>\n<meta name=\"twitter:label1\" content=\"Gesch\u00e4tzte Lesezeit\" \/>\n\t<meta name=\"twitter:data1\" content=\"6\u00a0Minuten\" \/>\n<!-- \/ Yoast SEO plugin. -->","yoast_head_json":{"title":"F\u00fcr Kunden - BOKI Industries a.s.","robots":{"index":"index","follow":"follow","max-snippet":"max-snippet:-1","max-image-preview":"max-image-preview:large","max-video-preview":"max-video-preview:-1"},"canonical":"https:\/\/www.bokiheating.com\/de\/fur-kunden\/","og_locale":"de_DE","og_type":"article","og_title":"F\u00fcr Kunden - BOKI Industries a.s.","og_description":"Test Pro z\u00e1kazn\u00edky Test Test Chyst\u00e1te se koupit a instalovat konvektor sami? Test Test M\u00e1me pro v\u00e1s tipy a rado do za\u010d\u00e1tku Test Test Designov\u00e9 \u0159e\u0161en\u00ed konvektor\u016f v\u017edy respektuje vybaven\u00ed a\u00a0vzhled interi\u00e9ru. Vybrat si m\u016f\u017eete konvektory podlahov\u00e9 (skryt\u00e9 v\u00a0podlaze, je vid\u011bt jen m\u0159\u00ed\u017eka), nadpodla\u017en\u00ed \u010di n\u00e1st\u011bnn\u00e9. Konvektory tedy v\u016fbec nezat\u011b\u017euj\u00ed interi\u00e9r svoj\u00ed p\u0159\u00edtomnost\u00ed, nebo jej...","og_url":"https:\/\/www.bokiheating.com\/de\/fur-kunden\/","og_site_name":"BOKI Industries a.s.","article_modified_time":"2022-04-20T10:31:42+00:00","og_image":[{"width":1200,"height":630,"url":"https:\/\/www.bokiheating.com\/wp-content\/uploads\/2021\/09\/Boki_OG.jpeg","type":"image\/jpeg"}],"twitter_card":"summary_large_image","twitter_misc":{"Gesch\u00e4tzte Lesezeit":"6\u00a0Minuten"},"schema":{"@context":"https:\/\/schema.org","@graph":[{"@type":"WebPage","@id":"https:\/\/www.bokiheating.com\/de\/fur-kunden\/","url":"https:\/\/www.bokiheating.com\/de\/fur-kunden\/","name":"F\u00fcr Kunden - BOKI Industries a.s.","isPartOf":{"@id":"https:\/\/www.bokiheating.com\/de\/#website"},"datePublished":"2022-01-27T11:06:49+00:00","dateModified":"2022-04-20T10:31:42+00:00","breadcrumb":{"@id":"https:\/\/www.bokiheating.com\/de\/fur-kunden\/#breadcrumb"},"inLanguage":"de","potentialAction":[{"@type":"ReadAction","target":["https:\/\/www.bokiheating.com\/de\/fur-kunden\/"]}]},{"@type":"BreadcrumbList","@id":"https:\/\/www.bokiheating.com\/de\/fur-kunden\/#breadcrumb","itemListElement":[{"@type":"ListItem","position":1,"name":"Einf\u00fchrung","item":"https:\/\/www.bokiheating.com\/de\/startseite\/"},{"@type":"ListItem","position":2,"name":"F\u00fcr Kunden"}]},{"@type":"WebSite","@id":"https:\/\/www.bokiheating.com\/de\/#website","url":"https:\/\/www.bokiheating.com\/de\/","name":"BOKI Industries a.s.","description":"","publisher":{"@id":"https:\/\/www.bokiheating.com\/de\/#organization"},"potentialAction":[{"@type":"SearchAction","target":{"@type":"EntryPoint","urlTemplate":"https:\/\/www.bokiheating.com\/de\/?s={search_term_string}"},"query-input":{"@type":"PropertyValueSpecification","valueRequired":true,"valueName":"search_term_string"}}],"inLanguage":"de"},{"@type":"Organization","@id":"https:\/\/www.bokiheating.com\/de\/#organization","name":"BOKI Industries a.s.","url":"https:\/\/www.bokiheating.com\/de\/","logo":{"@type":"ImageObject","inLanguage":"de","@id":"https:\/\/www.bokiheating.com\/de\/#\/schema\/logo\/image\/","url":"https:\/\/www.bokiheating.com\/wp-content\/uploads\/2021\/07\/logo.svg","contentUrl":"https:\/\/www.bokiheating.com\/wp-content\/uploads\/2021\/07\/logo.svg","width":132,"height":47,"caption":"BOKI Industries a.s."},"image":{"@id":"https:\/\/www.bokiheating.com\/de\/#\/schema\/logo\/image\/"}}]}},"_links":{"self":[{"href":"https:\/\/www.bokiheating.com\/de\/wp-json\/wp\/v2\/pages\/1733","targetHints":{"allow":["GET"]}}],"collection":[{"href":"https:\/\/www.bokiheating.com\/de\/wp-json\/wp\/v2\/pages"}],"about":[{"href":"https:\/\/www.bokiheating.com\/de\/wp-json\/wp\/v2\/types\/page"}],"author":[{"embeddable":true,"href":"https:\/\/www.bokiheating.com\/de\/wp-json\/wp\/v2\/users\/5"}],"replies":[{"embeddable":true,"href":"https:\/\/www.bokiheating.com\/de\/wp-json\/wp\/v2\/comments?post=1733"}],"version-history":[{"count":5,"href":"https:\/\/www.bokiheating.com\/de\/wp-json\/wp\/v2\/pages\/1733\/revisions"}],"predecessor-version":[{"id":2177,"href":"https:\/\/www.bokiheating.com\/de\/wp-json\/wp\/v2\/pages\/1733\/revisions\/2177"}],"wp:attachment":[{"href":"https:\/\/www.bokiheating.com\/de\/wp-json\/wp\/v2\/media?parent=1733"}],"curies":[{"name":"wp","href":"https:\/\/api.w.org\/{rel}","templated":true}]}}