{"id":1729,"date":"2022-01-27T11:52:49","date_gmt":"2022-01-27T10:52:49","guid":{"rendered":"https:\/\/www.bokiheating.com\/?page_id=1729"},"modified":"2022-04-20T12:37:13","modified_gmt":"2022-04-20T10:37:13","slug":"warum-mit-konvektoren-heizen","status":"publish","type":"page","link":"https:\/\/www.bokiheating.com\/de\/warum-mit-konvektoren-heizen\/","title":{"rendered":"Warum mit Konvektoren heizen"},"content":{"rendered":"<div class=\"d-none\" style=\"display: none;\">\n<h3>Warum mit Konvektoren heizen<\/h3>\n<h3>Unterflurkonvektoren InFloor<\/h3>\n<h3>BOKI-Unterflurkonvektoren sind die ideale L\u00f6sung f\u00fcr jedes Geb\u00e4ude, in dem sowohl \u00c4sthetik als auch Funktionalit\u00e4t gefragt sind. Aufgrund des Bodeneinbaus wird dieser Konvektortyp am h\u00e4ufigsten in Kombination mit Fenstert\u00fcren oder gro\u00dfen Glasfl\u00e4chen verwendet. Ein gro\u00dfer Vorteil dieser Konvektoren ist die geringe Wassermenge im W\u00e4rmetauscher (im Vergleich zu herk\u00f6mmlichen Heizk\u00f6rpern), die eine schnelle Erw\u00e4rmung des Raumes gew\u00e4hrleistet. Durch ihre Verlegung im Boden sind sie eine optimale Quelle f\u00fcr die W\u00e4rmezirkulation im Raum.<\/h3>\n<h3>Weitere Informationen<\/h3>\n<h3>https:\/\/www.bokiheating.com\/produkty\/podlahove-konvektory\/<\/h3>\n<h3>0<\/h3>\n<h3>Konvektoren OnFloor<\/h3>\n<h3>BOKI Konvektoren sind die ideale L\u00f6sung f\u00fcr alle, die eine hohe Leistung ben\u00f6tigen. Dank ihres Designs werden diese Konvektoren 10 cm \u00fcber dem Boden installiert, was eine noch bessere Luftzirkulation und damit eine h\u00f6here Leistung der Konvektoren gew\u00e4hrleistet. Dank ihrer geringen H\u00f6he k\u00f6nnen diese Konvektoren sowohl in R\u00e4umen mit gro\u00dfen Glasfl\u00e4chen als auch in R\u00e4umen mit vorspringenden Fenstern eingesetzt werden. Dank der unbegrenzten Farbm\u00f6glichkeiten passen sie perfekt in jedes Interieur.<\/h3>\n<h3>https:\/\/www.bokiheating.com\/nadpodlazni-konvektory<\/h3>\n<h3>Warum BOKI Heating w\u00e4hlen<\/h3>\n<h3>Brauchen Sie einen Rat?<\/h3>\n<\/div>\n<div class='d-none' style='display:none;'>\n<h3>Warum mit Konvektoren heizen<\/h3>\n<h3>Unterflurkonvektoren InFloor<\/h3>\n<h3>BOKI-Unterflurkonvektoren sind die ideale L\u00f6sung f\u00fcr jedes Geb\u00e4ude, in dem sowohl \u00c4sthetik als auch Funktionalit\u00e4t gefragt sind. Aufgrund des Bodeneinbaus wird dieser Konvektortyp am h\u00e4ufigsten in Kombination mit Fenstert\u00fcren oder gro\u00dfen Glasfl\u00e4chen verwendet. Ein gro\u00dfer Vorteil dieser Konvektoren ist die geringe Wassermenge im W\u00e4rmetauscher (im Vergleich zu herk\u00f6mmlichen Heizk\u00f6rpern), die eine schnelle Erw\u00e4rmung des Raumes gew\u00e4hrleistet. Durch ihre Verlegung im Boden sind sie eine optimale Quelle f\u00fcr die W\u00e4rmezirkulation im Raum.<\/h3>\n<h3>Weitere Informationen<\/h3>\n<h3>https:\/\/www.bokiheating.com\/produkty\/podlahove-konvektory\/<\/h3>\n<h3>0<\/h3>\n<h3>Konvektoren OnFloor<\/h3>\n<h3>BOKI Konvektoren sind die ideale L\u00f6sung f\u00fcr alle, die eine hohe Leistung ben\u00f6tigen. Dank ihres Designs werden diese Konvektoren 10 cm \u00fcber dem Boden installiert, was eine noch bessere Luftzirkulation und damit eine h\u00f6here Leistung der Konvektoren gew\u00e4hrleistet. Dank ihrer geringen H\u00f6he k\u00f6nnen diese Konvektoren sowohl in R\u00e4umen mit gro\u00dfen Glasfl\u00e4chen als auch in R\u00e4umen mit vorspringenden Fenstern eingesetzt werden. Dank der unbegrenzten Farbm\u00f6glichkeiten passen sie perfekt in jedes Interieur.<\/h3>\n<h3>https:\/\/www.bokiheating.com\/nadpodlazni-konvektory<\/h3>\n<h3>Warum BOKI Heating w\u00e4hlen<\/h3>\n<h3>Brauchen Sie einen Rat?<\/h3>\n<\/div>\n","protected":false},"excerpt":{"rendered":"<p>Warum mit Konvektoren heizen Unterflurkonvektoren InFloor BOKI-Unterflurkonvektoren sind die ideale L\u00f6sung f\u00fcr jedes Geb\u00e4ude, in dem sowohl \u00c4sthetik als auch Funktionalit\u00e4t gefragt sind. Aufgrund des Bodeneinbaus wird dieser Konvektortyp am h\u00e4ufigsten in Kombination mit Fenstert\u00fcren oder gro\u00dfen Glasfl\u00e4chen verwendet. Ein gro\u00dfer Vorteil dieser Konvektoren ist die geringe Wassermenge im W\u00e4rmetauscher (im Vergleich zu herk\u00f6mmlichen Heizk\u00f6rpern),&#8230;<\/p>\n","protected":false},"author":5,"featured_media":0,"parent":0,"menu_order":0,"comment_status":"closed","ping_status":"closed","template":"pages\/page-blocks.php","meta":{"footnotes":""},"class_list":["post-1729","page","type-page","status-publish","hentry"],"yoast_head":"<!-- This site is optimized with the Yoast SEO plugin v25.6 - https:\/\/yoast.com\/wordpress\/plugins\/seo\/ -->\n<title>Warum mit Konvektoren heizen - BOKI Industries a.s.<\/title>\n<meta name=\"robots\" content=\"index, follow, max-snippet:-1, max-image-preview:large, max-video-preview:-1\" \/>\n<link rel=\"canonical\" href=\"https:\/\/www.bokiheating.com\/de\/warum-mit-konvektoren-heizen\/\" \/>\n<meta property=\"og:locale\" content=\"de_DE\" \/>\n<meta property=\"og:type\" content=\"article\" \/>\n<meta property=\"og:title\" content=\"Warum mit Konvektoren heizen - BOKI Industries a.s.\" \/>\n<meta property=\"og:description\" content=\"Warum mit Konvektoren heizen Unterflurkonvektoren InFloor BOKI-Unterflurkonvektoren sind die ideale L\u00f6sung f\u00fcr jedes Geb\u00e4ude, in dem sowohl \u00c4sthetik als auch Funktionalit\u00e4t gefragt sind. Aufgrund des Bodeneinbaus wird dieser Konvektortyp am h\u00e4ufigsten in Kombination mit Fenstert\u00fcren oder gro\u00dfen Glasfl\u00e4chen verwendet. Ein gro\u00dfer Vorteil dieser Konvektoren ist die geringe Wassermenge im W\u00e4rmetauscher (im Vergleich zu herk\u00f6mmlichen Heizk\u00f6rpern),...\" \/>\n<meta property=\"og:url\" content=\"https:\/\/www.bokiheating.com\/de\/warum-mit-konvektoren-heizen\/\" \/>\n<meta property=\"og:site_name\" content=\"BOKI Industries a.s.\" \/>\n<meta property=\"article:modified_time\" content=\"2022-04-20T10:37:13+00:00\" \/>\n<meta property=\"og:image\" content=\"https:\/\/www.bokiheating.com\/wp-content\/uploads\/2021\/09\/Boki_OG.jpeg\" \/>\n\t<meta property=\"og:image:width\" content=\"1200\" \/>\n\t<meta property=\"og:image:height\" content=\"630\" \/>\n\t<meta property=\"og:image:type\" content=\"image\/jpeg\" \/>\n<meta name=\"twitter:card\" content=\"summary_large_image\" \/>\n<meta name=\"twitter:label1\" content=\"Gesch\u00e4tzte Lesezeit\" \/>\n\t<meta name=\"twitter:data1\" content=\"2\u00a0Minuten\" \/>\n<!-- \/ Yoast SEO plugin. -->","yoast_head_json":{"title":"Warum mit Konvektoren heizen - BOKI Industries a.s.","robots":{"index":"index","follow":"follow","max-snippet":"max-snippet:-1","max-image-preview":"max-image-preview:large","max-video-preview":"max-video-preview:-1"},"canonical":"https:\/\/www.bokiheating.com\/de\/warum-mit-konvektoren-heizen\/","og_locale":"de_DE","og_type":"article","og_title":"Warum mit Konvektoren heizen - BOKI Industries a.s.","og_description":"Warum mit Konvektoren heizen Unterflurkonvektoren InFloor BOKI-Unterflurkonvektoren sind die ideale L\u00f6sung f\u00fcr jedes Geb\u00e4ude, in dem sowohl \u00c4sthetik als auch Funktionalit\u00e4t gefragt sind. Aufgrund des Bodeneinbaus wird dieser Konvektortyp am h\u00e4ufigsten in Kombination mit Fenstert\u00fcren oder gro\u00dfen Glasfl\u00e4chen verwendet. Ein gro\u00dfer Vorteil dieser Konvektoren ist die geringe Wassermenge im W\u00e4rmetauscher (im Vergleich zu herk\u00f6mmlichen Heizk\u00f6rpern),...","og_url":"https:\/\/www.bokiheating.com\/de\/warum-mit-konvektoren-heizen\/","og_site_name":"BOKI Industries a.s.","article_modified_time":"2022-04-20T10:37:13+00:00","og_image":[{"width":1200,"height":630,"url":"https:\/\/www.bokiheating.com\/wp-content\/uploads\/2021\/09\/Boki_OG.jpeg","type":"image\/jpeg"}],"twitter_card":"summary_large_image","twitter_misc":{"Gesch\u00e4tzte Lesezeit":"2\u00a0Minuten"},"schema":{"@context":"https:\/\/schema.org","@graph":[{"@type":"WebPage","@id":"https:\/\/www.bokiheating.com\/de\/warum-mit-konvektoren-heizen\/","url":"https:\/\/www.bokiheating.com\/de\/warum-mit-konvektoren-heizen\/","name":"Warum mit Konvektoren heizen - BOKI Industries a.s.","isPartOf":{"@id":"https:\/\/www.bokiheating.com\/de\/#website"},"datePublished":"2022-01-27T10:52:49+00:00","dateModified":"2022-04-20T10:37:13+00:00","breadcrumb":{"@id":"https:\/\/www.bokiheating.com\/de\/warum-mit-konvektoren-heizen\/#breadcrumb"},"inLanguage":"de","potentialAction":[{"@type":"ReadAction","target":["https:\/\/www.bokiheating.com\/de\/warum-mit-konvektoren-heizen\/"]}]},{"@type":"BreadcrumbList","@id":"https:\/\/www.bokiheating.com\/de\/warum-mit-konvektoren-heizen\/#breadcrumb","itemListElement":[{"@type":"ListItem","position":1,"name":"Einf\u00fchrung","item":"https:\/\/www.bokiheating.com\/de\/startseite\/"},{"@type":"ListItem","position":2,"name":"Warum mit Konvektoren heizen"}]},{"@type":"WebSite","@id":"https:\/\/www.bokiheating.com\/de\/#website","url":"https:\/\/www.bokiheating.com\/de\/","name":"BOKI Industries a.s.","description":"","publisher":{"@id":"https:\/\/www.bokiheating.com\/de\/#organization"},"potentialAction":[{"@type":"SearchAction","target":{"@type":"EntryPoint","urlTemplate":"https:\/\/www.bokiheating.com\/de\/?s={search_term_string}"},"query-input":{"@type":"PropertyValueSpecification","valueRequired":true,"valueName":"search_term_string"}}],"inLanguage":"de"},{"@type":"Organization","@id":"https:\/\/www.bokiheating.com\/de\/#organization","name":"BOKI Industries a.s.","url":"https:\/\/www.bokiheating.com\/de\/","logo":{"@type":"ImageObject","inLanguage":"de","@id":"https:\/\/www.bokiheating.com\/de\/#\/schema\/logo\/image\/","url":"https:\/\/www.bokiheating.com\/wp-content\/uploads\/2021\/07\/logo.svg","contentUrl":"https:\/\/www.bokiheating.com\/wp-content\/uploads\/2021\/07\/logo.svg","width":132,"height":47,"caption":"BOKI Industries a.s."},"image":{"@id":"https:\/\/www.bokiheating.com\/de\/#\/schema\/logo\/image\/"}}]}},"_links":{"self":[{"href":"https:\/\/www.bokiheating.com\/de\/wp-json\/wp\/v2\/pages\/1729","targetHints":{"allow":["GET"]}}],"collection":[{"href":"https:\/\/www.bokiheating.com\/de\/wp-json\/wp\/v2\/pages"}],"about":[{"href":"https:\/\/www.bokiheating.com\/de\/wp-json\/wp\/v2\/types\/page"}],"author":[{"embeddable":true,"href":"https:\/\/www.bokiheating.com\/de\/wp-json\/wp\/v2\/users\/5"}],"replies":[{"embeddable":true,"href":"https:\/\/www.bokiheating.com\/de\/wp-json\/wp\/v2\/comments?post=1729"}],"version-history":[{"count":3,"href":"https:\/\/www.bokiheating.com\/de\/wp-json\/wp\/v2\/pages\/1729\/revisions"}],"predecessor-version":[{"id":2183,"href":"https:\/\/www.bokiheating.com\/de\/wp-json\/wp\/v2\/pages\/1729\/revisions\/2183"}],"wp:attachment":[{"href":"https:\/\/www.bokiheating.com\/de\/wp-json\/wp\/v2\/media?parent=1729"}],"curies":[{"name":"wp","href":"https:\/\/api.w.org\/{rel}","templated":true}]}}