{"id":1727,"date":"2022-01-27T11:50:16","date_gmt":"2022-01-27T10:50:16","guid":{"rendered":"https:\/\/www.bokiheating.com\/?page_id=1727"},"modified":"2022-04-20T12:29:38","modified_gmt":"2022-04-20T10:29:38","slug":"anbieter","status":"publish","type":"page","link":"https:\/\/www.bokiheating.com\/de\/anbieter\/","title":{"rendered":"Anbieter"},"content":{"rendered":"<div class=\"d-none\" style=\"display: none;\">\n<h3>H\u00e4ndlernetz Boki Heating<\/h3>\n<h3>Finden Sie den n\u00e4chstgelegenen H\u00e4ndler in Ihrer N\u00e4he<\/h3>\n<h3>Wir haben eine breite Repr\u00e4sentanz in allen Bezirken und Regionen<\/h3>\n<h3>BOKI Industries a.s. vertreibt seine Produkte \u00fcber ein Netz von Fachgro\u00dfh\u00e4ndlern. Wir haben eine breite Vertretung in allen Bezirken und Regionen. Eine Liste der Vertragskunden ist auf der Website des Unternehmens zu finden. Suchen Sie selbst den n\u00e4chstgelegenen H\u00e4ndler in Ihrer N\u00e4he. M\u00f6chten Sie eine bestimmte Bestellung bei den entsprechenden Fachgro\u00dfh\u00e4ndlern in einer bestimmten Region aufgeben? Ben\u00f6tigen Sie nicht standardisierte Produkte? Haben Sie zus\u00e4tzliche individuelle Anforderungen an Ihren Auftrag? Ihre Fragen beantwortet Ihnen gerne der jeweilige Vertriebsleiter.<\/h3>\n<p>Sie sind Endkunde und m\u00f6chten den Konvektor selbst ausw\u00e4hlen und installieren? Nutzen Sie unseren BOKI-Konfigurator, um Ihre Auswahl zu treffen. Nach Eingabe der Eingabeparameter (Typ, Material, Abmessungen und Leistung) wird Ihnen der optimale Konvektor vorgeschlagen. Nat\u00fcrlich gibt es auch eine gro\u00dfe Auswahl an Gittern in verschiedenen Ausf\u00fchrungen, Materialien und Farben. Bestellen Sie einfach alle ausgew\u00e4hlten Produkte. Um die Installation braucht man sich nicht zu k\u00fcmmern, das kann fast jeder. Eine detaillierte und leicht verst\u00e4ndliche Anleitung f\u00fchrt Sie durch die gesamte Installation. Au\u00dferdem finden Sie dort eine Reihe von Tipps und Anleitungen f\u00fcr die richtige Pflege.<\/p>\n<h3>0<\/h3>\n<h3>Sie haben ein Unternehmen und m\u00f6chten unsere L\u00f6sungen anbieten?<\/h3>\n<p>Sie sind Profi, haben ein Unternehmen und m\u00f6chten unsere L\u00f6sungen anbieten? Verbinden Sie Ihr Unternehmen mit der Marke BOKI. Gemeinsam sind wir in der Lage, eine ma\u00dfgeschneiderte L\u00f6sung f\u00fcr Ihren Kunden zu finden. Wir bieten Ihnen interessante Rabatte und umfassende L\u00f6sungen f\u00fcr die Anforderungen Ihrer Kunden. Sie k\u00f6nnen eine Zusammenarbeit bei konkreten Gesch\u00e4ftsf\u00e4llen einschlie\u00dflich technischer L\u00f6sungen erwarten. Unsere St\u00e4rke ist die Flexibilit\u00e4t. Wir k\u00f6nnen auch auf sehr spezifische Kundenw\u00fcnsche eingehen. Wenn Sie sich von unserem Angebot angesprochen f\u00fchlen, nehmen Sie bitte Kontakt mit uns auf. Wir w\u00fcrden uns freuen, mit Ihnen alle M\u00f6glichkeiten unserer k\u00fcnftigen Zusammenarbeit zu er\u00f6rtern.<\/p>\n<h3>Brauchen Sie einen Rat?<\/h3>\n<\/div>\n<div class='d-none' style='display:none;'>\n<h3>H\u00e4ndlernetz Boki Heating<\/h3>\n<h3>Finden Sie den n\u00e4chstgelegenen H\u00e4ndler in Ihrer N\u00e4he<\/h3>\n<h3>Wir haben eine breite Repr\u00e4sentanz in allen Bezirken und Regionen<\/h3>\n<h3>BOKI Industries a.s. vertreibt seine Produkte \u00fcber ein Netz von Fachgro\u00dfh\u00e4ndlern. Wir haben eine breite Vertretung in allen Bezirken und Regionen. Eine Liste der Vertragskunden ist auf der Website des Unternehmens zu finden. Suchen Sie selbst den n\u00e4chstgelegenen H\u00e4ndler in Ihrer N\u00e4he. M\u00f6chten Sie eine bestimmte Bestellung bei den entsprechenden Fachgro\u00dfh\u00e4ndlern in einer bestimmten Region aufgeben? Ben\u00f6tigen Sie nicht standardisierte Produkte? Haben Sie zus\u00e4tzliche individuelle Anforderungen an Ihren Auftrag? Ihre Fragen beantwortet Ihnen gerne der jeweilige Vertriebsleiter.<\/p>\n<p>Sie sind Endkunde und m\u00f6chten den Konvektor selbst ausw\u00e4hlen und installieren? Nutzen Sie unseren BOKI-Konfigurator, um Ihre Auswahl zu treffen. Nach Eingabe der Eingabeparameter (Typ, Material, Abmessungen und Leistung) wird Ihnen der optimale Konvektor vorgeschlagen. Nat\u00fcrlich gibt es auch eine gro\u00dfe Auswahl an Gittern in verschiedenen Ausf\u00fchrungen, Materialien und Farben. Bestellen Sie einfach alle ausgew\u00e4hlten Produkte. Um die Installation braucht man sich nicht zu k\u00fcmmern, das kann fast jeder. Eine detaillierte und leicht verst\u00e4ndliche Anleitung f\u00fchrt Sie durch die gesamte Installation. Au\u00dferdem finden Sie dort eine Reihe von Tipps und Anleitungen f\u00fcr die richtige Pflege.<\/h3>\n<h3>0<\/h3>\n<h3>Sie haben ein Unternehmen und m\u00f6chten unsere L\u00f6sungen anbieten?<\/h3>\n<p>Sie sind Profi, haben ein Unternehmen und m\u00f6chten unsere L\u00f6sungen anbieten? Verbinden Sie Ihr Unternehmen mit der Marke BOKI. Gemeinsam sind wir in der Lage, eine ma\u00dfgeschneiderte L\u00f6sung f\u00fcr Ihren Kunden zu finden. Wir bieten Ihnen interessante Rabatte und umfassende L\u00f6sungen f\u00fcr die Anforderungen Ihrer Kunden. Sie k\u00f6nnen eine Zusammenarbeit bei konkreten Gesch\u00e4ftsf\u00e4llen einschlie\u00dflich technischer L\u00f6sungen erwarten. Unsere St\u00e4rke ist die Flexibilit\u00e4t. Wir k\u00f6nnen auch auf sehr spezifische Kundenw\u00fcnsche eingehen. Wenn Sie sich von unserem Angebot angesprochen f\u00fchlen, nehmen Sie bitte Kontakt mit uns auf. Wir w\u00fcrden uns freuen, mit Ihnen alle M\u00f6glichkeiten unserer k\u00fcnftigen Zusammenarbeit zu er\u00f6rtern.<\/p>\n<h3>Brauchen Sie einen Rat?<\/h3>\n<\/div>\n","protected":false},"excerpt":{"rendered":"<p>H\u00e4ndlernetz Boki Heating Finden Sie den n\u00e4chstgelegenen H\u00e4ndler in Ihrer N\u00e4he Wir haben eine breite Repr\u00e4sentanz in allen Bezirken und Regionen BOKI Industries a.s. vertreibt seine Produkte \u00fcber ein Netz von Fachgro\u00dfh\u00e4ndlern. Wir haben eine breite Vertretung in allen Bezirken und Regionen. Eine Liste der Vertragskunden ist auf der Website des Unternehmens zu finden. Suchen&#8230;<\/p>\n","protected":false},"author":5,"featured_media":0,"parent":0,"menu_order":0,"comment_status":"closed","ping_status":"closed","template":"pages\/page-blocks.php","meta":{"footnotes":""},"class_list":["post-1727","page","type-page","status-publish","hentry"],"yoast_head":"<!-- This site is optimized with the Yoast SEO plugin v25.6 - https:\/\/yoast.com\/wordpress\/plugins\/seo\/ -->\n<title>Anbieter - BOKI Industries a.s.<\/title>\n<meta name=\"robots\" content=\"index, follow, max-snippet:-1, max-image-preview:large, max-video-preview:-1\" \/>\n<link rel=\"canonical\" href=\"https:\/\/www.bokiheating.com\/de\/anbieter\/\" \/>\n<meta property=\"og:locale\" content=\"de_DE\" \/>\n<meta property=\"og:type\" content=\"article\" \/>\n<meta property=\"og:title\" content=\"Anbieter - BOKI Industries a.s.\" \/>\n<meta property=\"og:description\" content=\"H\u00e4ndlernetz Boki Heating Finden Sie den n\u00e4chstgelegenen H\u00e4ndler in Ihrer N\u00e4he Wir haben eine breite Repr\u00e4sentanz in allen Bezirken und Regionen BOKI Industries a.s. vertreibt seine Produkte \u00fcber ein Netz von Fachgro\u00dfh\u00e4ndlern. Wir haben eine breite Vertretung in allen Bezirken und Regionen. Eine Liste der Vertragskunden ist auf der Website des Unternehmens zu finden. Suchen...\" \/>\n<meta property=\"og:url\" content=\"https:\/\/www.bokiheating.com\/de\/anbieter\/\" \/>\n<meta property=\"og:site_name\" content=\"BOKI Industries a.s.\" \/>\n<meta property=\"article:modified_time\" content=\"2022-04-20T10:29:38+00:00\" \/>\n<meta property=\"og:image\" content=\"https:\/\/www.bokiheating.com\/wp-content\/uploads\/2021\/09\/Boki_OG.jpeg\" \/>\n\t<meta property=\"og:image:width\" content=\"1200\" \/>\n\t<meta property=\"og:image:height\" content=\"630\" \/>\n\t<meta property=\"og:image:type\" content=\"image\/jpeg\" \/>\n<meta name=\"twitter:card\" content=\"summary_large_image\" \/>\n<meta name=\"twitter:label1\" content=\"Gesch\u00e4tzte Lesezeit\" \/>\n\t<meta name=\"twitter:data1\" content=\"4\u00a0Minuten\" \/>\n<!-- \/ Yoast SEO plugin. -->","yoast_head_json":{"title":"Anbieter - BOKI Industries a.s.","robots":{"index":"index","follow":"follow","max-snippet":"max-snippet:-1","max-image-preview":"max-image-preview:large","max-video-preview":"max-video-preview:-1"},"canonical":"https:\/\/www.bokiheating.com\/de\/anbieter\/","og_locale":"de_DE","og_type":"article","og_title":"Anbieter - BOKI Industries a.s.","og_description":"H\u00e4ndlernetz Boki Heating Finden Sie den n\u00e4chstgelegenen H\u00e4ndler in Ihrer N\u00e4he Wir haben eine breite Repr\u00e4sentanz in allen Bezirken und Regionen BOKI Industries a.s. vertreibt seine Produkte \u00fcber ein Netz von Fachgro\u00dfh\u00e4ndlern. Wir haben eine breite Vertretung in allen Bezirken und Regionen. Eine Liste der Vertragskunden ist auf der Website des Unternehmens zu finden. Suchen...","og_url":"https:\/\/www.bokiheating.com\/de\/anbieter\/","og_site_name":"BOKI Industries a.s.","article_modified_time":"2022-04-20T10:29:38+00:00","og_image":[{"width":1200,"height":630,"url":"https:\/\/www.bokiheating.com\/wp-content\/uploads\/2021\/09\/Boki_OG.jpeg","type":"image\/jpeg"}],"twitter_card":"summary_large_image","twitter_misc":{"Gesch\u00e4tzte Lesezeit":"4\u00a0Minuten"},"schema":{"@context":"https:\/\/schema.org","@graph":[{"@type":"WebPage","@id":"https:\/\/www.bokiheating.com\/de\/anbieter\/","url":"https:\/\/www.bokiheating.com\/de\/anbieter\/","name":"Anbieter - BOKI Industries a.s.","isPartOf":{"@id":"https:\/\/www.bokiheating.com\/de\/#website"},"datePublished":"2022-01-27T10:50:16+00:00","dateModified":"2022-04-20T10:29:38+00:00","breadcrumb":{"@id":"https:\/\/www.bokiheating.com\/de\/anbieter\/#breadcrumb"},"inLanguage":"de","potentialAction":[{"@type":"ReadAction","target":["https:\/\/www.bokiheating.com\/de\/anbieter\/"]}]},{"@type":"BreadcrumbList","@id":"https:\/\/www.bokiheating.com\/de\/anbieter\/#breadcrumb","itemListElement":[{"@type":"ListItem","position":1,"name":"Einf\u00fchrung","item":"https:\/\/www.bokiheating.com\/de\/startseite\/"},{"@type":"ListItem","position":2,"name":"Anbieter"}]},{"@type":"WebSite","@id":"https:\/\/www.bokiheating.com\/de\/#website","url":"https:\/\/www.bokiheating.com\/de\/","name":"BOKI Industries a.s.","description":"","publisher":{"@id":"https:\/\/www.bokiheating.com\/de\/#organization"},"potentialAction":[{"@type":"SearchAction","target":{"@type":"EntryPoint","urlTemplate":"https:\/\/www.bokiheating.com\/de\/?s={search_term_string}"},"query-input":{"@type":"PropertyValueSpecification","valueRequired":true,"valueName":"search_term_string"}}],"inLanguage":"de"},{"@type":"Organization","@id":"https:\/\/www.bokiheating.com\/de\/#organization","name":"BOKI Industries a.s.","url":"https:\/\/www.bokiheating.com\/de\/","logo":{"@type":"ImageObject","inLanguage":"de","@id":"https:\/\/www.bokiheating.com\/de\/#\/schema\/logo\/image\/","url":"https:\/\/www.bokiheating.com\/wp-content\/uploads\/2021\/07\/logo.svg","contentUrl":"https:\/\/www.bokiheating.com\/wp-content\/uploads\/2021\/07\/logo.svg","width":132,"height":47,"caption":"BOKI Industries a.s."},"image":{"@id":"https:\/\/www.bokiheating.com\/de\/#\/schema\/logo\/image\/"}}]}},"_links":{"self":[{"href":"https:\/\/www.bokiheating.com\/de\/wp-json\/wp\/v2\/pages\/1727","targetHints":{"allow":["GET"]}}],"collection":[{"href":"https:\/\/www.bokiheating.com\/de\/wp-json\/wp\/v2\/pages"}],"about":[{"href":"https:\/\/www.bokiheating.com\/de\/wp-json\/wp\/v2\/types\/page"}],"author":[{"embeddable":true,"href":"https:\/\/www.bokiheating.com\/de\/wp-json\/wp\/v2\/users\/5"}],"replies":[{"embeddable":true,"href":"https:\/\/www.bokiheating.com\/de\/wp-json\/wp\/v2\/comments?post=1727"}],"version-history":[{"count":3,"href":"https:\/\/www.bokiheating.com\/de\/wp-json\/wp\/v2\/pages\/1727\/revisions"}],"predecessor-version":[{"id":2173,"href":"https:\/\/www.bokiheating.com\/de\/wp-json\/wp\/v2\/pages\/1727\/revisions\/2173"}],"wp:attachment":[{"href":"https:\/\/www.bokiheating.com\/de\/wp-json\/wp\/v2\/media?parent=1727"}],"curies":[{"name":"wp","href":"https:\/\/api.w.org\/{rel}","templated":true}]}}