{"id":1725,"date":"2022-01-27T11:46:42","date_gmt":"2022-01-27T10:46:42","guid":{"rendered":"https:\/\/www.bokiheating.com\/?page_id=1725"},"modified":"2022-04-20T12:32:35","modified_gmt":"2022-04-20T10:32:35","slug":"produkte","status":"publish","type":"page","link":"https:\/\/www.bokiheating.com\/de\/produkte\/","title":{"rendered":"Produkte"},"content":{"rendered":"<div class=\"d-none\" style=\"display: none;\">\n<h3>BOKI &#8211; Produkte<\/h3>\n<h3>Effizientes und gesundes Heizen f\u00fcr Ihr Zuhause<\/h3>\n<h3>Konvektoren, die Sinn machen<\/h3>\n<h3>BOKI-Heizelemente werden eingesetzt, um einen optimalen W\u00e4rmekomfort in Wohn-, Zivil-, Gesch\u00e4fts-, Verwaltungs- und Industriegeb\u00e4uden zu gew\u00e4hrleisten. Wir haben uns auf die Herstellung von anspruchsvollen Produkten mit hohem Mehrwert spezialisiert. Diese Produkte werden je nach Art und Verwendungszweck in Grundgruppen eingeteilt.<\/h3>\n<p>Vollverglaste W\u00e4nde in B\u00fcro- und Gesch\u00e4ftsgeb\u00e4uden, Winterg\u00e4rten und Fenstert\u00fcren in Einfamilienh\u00e4usern sind die architektonischen und funktionalen Parameter von heute. BOKI InFloor Bodenkonvektoren sind die L\u00f6sung.<\/p>\n<p>Sie m\u00f6chten, dass die Heizk\u00f6rper den thermischen Komfort Ihrer Innenr\u00e4ume gew\u00e4hrleisten und gleichzeitig ein unverwechselbares Designelement sind? Dann ist das breite Angebot an Unterflur- und Wandkonvektoren sowie Designheizk\u00f6rpern genau das Richtige f\u00fcr Sie.<\/p>\n<h3>0<\/h3>\n<p>Die niedrige und variable H\u00f6he der InFloor Unterflurkonvektoren erm\u00f6glicht einen nahtlosen Einbau in den Boden<\/p>\n<h3>Nicht sicher, wie man den richtigen Konvektor ausw\u00e4hlt<\/h3>\n<p>In unserem Leitfaden zur Auswahl eines Konvektors finden Sie alle wichtigen Informationen.<\/p>\n<p>Perfektes Design und eine breite Palette von Kombinationsm\u00f6glichkeiten stellen auch den anspruchsvollsten Kunden zufrieden. Entdecken Sie den Zauber der BOKI OnFloor- und Wandkonvektoren.<\/p>\n<p>&nbsp;<\/p>\n<h3>Warum BOKI Heating w\u00e4hlen<\/h3>\n<h3>Brauchen Sie einen Rat?<\/h3>\n<\/div>\n<div class='d-none' style='display:none;'>\n<h3>BOKI &#8211; Produkte<\/h3>\n<h3>Effizientes und gesundes Heizen f\u00fcr Ihr Zuhause<\/h3>\n<h3>Konvektoren, die Sinn machen<\/h3>\n<h3>BOKI-Heizelemente werden eingesetzt, um einen optimalen W\u00e4rmekomfort in Wohn-, Zivil-, Gesch\u00e4fts-, Verwaltungs- und Industriegeb\u00e4uden zu gew\u00e4hrleisten. Wir haben uns auf die Herstellung von anspruchsvollen Produkten mit hohem Mehrwert spezialisiert. Diese Produkte werden je nach Art und Verwendungszweck in Grundgruppen eingeteilt.<\/p>\n<p>Vollverglaste W\u00e4nde in B\u00fcro- und Gesch\u00e4ftsgeb\u00e4uden, Winterg\u00e4rten und Fenstert\u00fcren in Einfamilienh\u00e4usern sind die architektonischen und funktionalen Parameter von heute. BOKI InFloor Bodenkonvektoren sind die L\u00f6sung.<\/p>\n<p>Sie m\u00f6chten, dass die Heizk\u00f6rper den thermischen Komfort Ihrer Innenr\u00e4ume gew\u00e4hrleisten und gleichzeitig ein unverwechselbares Designelement sind? Dann ist das breite Angebot an Unterflur- und Wandkonvektoren sowie Designheizk\u00f6rpern genau das Richtige f\u00fcr Sie.<\/h3>\n<h3>0<\/h3>\n<p>Die niedrige und variable H\u00f6he der InFloor Unterflurkonvektoren erm\u00f6glicht einen nahtlosen Einbau in den Boden<\/p>\n<h3>Nicht sicher, wie man den richtigen Konvektor ausw\u00e4hlt<\/h3>\n<p>In unserem Leitfaden zur Auswahl eines Konvektors finden Sie alle wichtigen Informationen.<\/p>\n<p>Perfektes Design und eine breite Palette von Kombinationsm\u00f6glichkeiten stellen auch den anspruchsvollsten Kunden zufrieden. Entdecken Sie den Zauber der BOKI OnFloor- und Wandkonvektoren.<\/p>\n<p><\/p>\n<h3>Warum BOKI Heating w\u00e4hlen<\/h3>\n<h3>Brauchen Sie einen Rat?<\/h3>\n<\/div>\n","protected":false},"excerpt":{"rendered":"<p>BOKI &#8211; Produkte Effizientes und gesundes Heizen f\u00fcr Ihr Zuhause Konvektoren, die Sinn machen BOKI-Heizelemente werden eingesetzt, um einen optimalen W\u00e4rmekomfort in Wohn-, Zivil-, Gesch\u00e4fts-, Verwaltungs- und Industriegeb\u00e4uden zu gew\u00e4hrleisten. Wir haben uns auf die Herstellung von anspruchsvollen Produkten mit hohem Mehrwert spezialisiert. Diese Produkte werden je nach Art und Verwendungszweck in Grundgruppen eingeteilt. Vollverglaste&#8230;<\/p>\n","protected":false},"author":5,"featured_media":0,"parent":0,"menu_order":0,"comment_status":"closed","ping_status":"closed","template":"pages\/page-blocks.php","meta":{"footnotes":""},"class_list":["post-1725","page","type-page","status-publish","hentry"],"yoast_head":"<!-- This site is optimized with the Yoast SEO plugin v25.6 - https:\/\/yoast.com\/wordpress\/plugins\/seo\/ -->\n<title>Produkte - BOKI Industries a.s.<\/title>\n<meta name=\"robots\" content=\"index, follow, max-snippet:-1, max-image-preview:large, max-video-preview:-1\" \/>\n<link rel=\"canonical\" href=\"https:\/\/www.bokiheating.com\/de\/produkte\/\" \/>\n<meta property=\"og:locale\" content=\"de_DE\" \/>\n<meta property=\"og:type\" content=\"article\" \/>\n<meta property=\"og:title\" content=\"Produkte - BOKI Industries a.s.\" \/>\n<meta property=\"og:description\" content=\"BOKI &#8211; Produkte Effizientes und gesundes Heizen f\u00fcr Ihr Zuhause Konvektoren, die Sinn machen BOKI-Heizelemente werden eingesetzt, um einen optimalen W\u00e4rmekomfort in Wohn-, Zivil-, Gesch\u00e4fts-, Verwaltungs- und Industriegeb\u00e4uden zu gew\u00e4hrleisten. Wir haben uns auf die Herstellung von anspruchsvollen Produkten mit hohem Mehrwert spezialisiert. Diese Produkte werden je nach Art und Verwendungszweck in Grundgruppen eingeteilt. Vollverglaste...\" \/>\n<meta property=\"og:url\" content=\"https:\/\/www.bokiheating.com\/de\/produkte\/\" \/>\n<meta property=\"og:site_name\" content=\"BOKI Industries a.s.\" \/>\n<meta property=\"article:modified_time\" content=\"2022-04-20T10:32:35+00:00\" \/>\n<meta property=\"og:image\" content=\"https:\/\/www.bokiheating.com\/wp-content\/uploads\/2021\/09\/Boki_OG.jpeg\" \/>\n\t<meta property=\"og:image:width\" content=\"1200\" \/>\n\t<meta property=\"og:image:height\" content=\"630\" \/>\n\t<meta property=\"og:image:type\" content=\"image\/jpeg\" \/>\n<meta name=\"twitter:card\" content=\"summary_large_image\" \/>\n<meta name=\"twitter:label1\" content=\"Gesch\u00e4tzte Lesezeit\" \/>\n\t<meta name=\"twitter:data1\" content=\"2\u00a0Minuten\" \/>\n<!-- \/ Yoast SEO plugin. -->","yoast_head_json":{"title":"Produkte - BOKI Industries a.s.","robots":{"index":"index","follow":"follow","max-snippet":"max-snippet:-1","max-image-preview":"max-image-preview:large","max-video-preview":"max-video-preview:-1"},"canonical":"https:\/\/www.bokiheating.com\/de\/produkte\/","og_locale":"de_DE","og_type":"article","og_title":"Produkte - BOKI Industries a.s.","og_description":"BOKI &#8211; Produkte Effizientes und gesundes Heizen f\u00fcr Ihr Zuhause Konvektoren, die Sinn machen BOKI-Heizelemente werden eingesetzt, um einen optimalen W\u00e4rmekomfort in Wohn-, Zivil-, Gesch\u00e4fts-, Verwaltungs- und Industriegeb\u00e4uden zu gew\u00e4hrleisten. Wir haben uns auf die Herstellung von anspruchsvollen Produkten mit hohem Mehrwert spezialisiert. Diese Produkte werden je nach Art und Verwendungszweck in Grundgruppen eingeteilt. Vollverglaste...","og_url":"https:\/\/www.bokiheating.com\/de\/produkte\/","og_site_name":"BOKI Industries a.s.","article_modified_time":"2022-04-20T10:32:35+00:00","og_image":[{"width":1200,"height":630,"url":"https:\/\/www.bokiheating.com\/wp-content\/uploads\/2021\/09\/Boki_OG.jpeg","type":"image\/jpeg"}],"twitter_card":"summary_large_image","twitter_misc":{"Gesch\u00e4tzte Lesezeit":"2\u00a0Minuten"},"schema":{"@context":"https:\/\/schema.org","@graph":[{"@type":"WebPage","@id":"https:\/\/www.bokiheating.com\/de\/produkte\/","url":"https:\/\/www.bokiheating.com\/de\/produkte\/","name":"Produkte - BOKI Industries a.s.","isPartOf":{"@id":"https:\/\/www.bokiheating.com\/de\/#website"},"datePublished":"2022-01-27T10:46:42+00:00","dateModified":"2022-04-20T10:32:35+00:00","breadcrumb":{"@id":"https:\/\/www.bokiheating.com\/de\/produkte\/#breadcrumb"},"inLanguage":"de","potentialAction":[{"@type":"ReadAction","target":["https:\/\/www.bokiheating.com\/de\/produkte\/"]}]},{"@type":"BreadcrumbList","@id":"https:\/\/www.bokiheating.com\/de\/produkte\/#breadcrumb","itemListElement":[{"@type":"ListItem","position":1,"name":"Einf\u00fchrung","item":"https:\/\/www.bokiheating.com\/de\/startseite\/"},{"@type":"ListItem","position":2,"name":"Produkte"}]},{"@type":"WebSite","@id":"https:\/\/www.bokiheating.com\/de\/#website","url":"https:\/\/www.bokiheating.com\/de\/","name":"BOKI Industries a.s.","description":"","publisher":{"@id":"https:\/\/www.bokiheating.com\/de\/#organization"},"potentialAction":[{"@type":"SearchAction","target":{"@type":"EntryPoint","urlTemplate":"https:\/\/www.bokiheating.com\/de\/?s={search_term_string}"},"query-input":{"@type":"PropertyValueSpecification","valueRequired":true,"valueName":"search_term_string"}}],"inLanguage":"de"},{"@type":"Organization","@id":"https:\/\/www.bokiheating.com\/de\/#organization","name":"BOKI Industries a.s.","url":"https:\/\/www.bokiheating.com\/de\/","logo":{"@type":"ImageObject","inLanguage":"de","@id":"https:\/\/www.bokiheating.com\/de\/#\/schema\/logo\/image\/","url":"https:\/\/www.bokiheating.com\/wp-content\/uploads\/2021\/07\/logo.svg","contentUrl":"https:\/\/www.bokiheating.com\/wp-content\/uploads\/2021\/07\/logo.svg","width":132,"height":47,"caption":"BOKI Industries a.s."},"image":{"@id":"https:\/\/www.bokiheating.com\/de\/#\/schema\/logo\/image\/"}}]}},"_links":{"self":[{"href":"https:\/\/www.bokiheating.com\/de\/wp-json\/wp\/v2\/pages\/1725","targetHints":{"allow":["GET"]}}],"collection":[{"href":"https:\/\/www.bokiheating.com\/de\/wp-json\/wp\/v2\/pages"}],"about":[{"href":"https:\/\/www.bokiheating.com\/de\/wp-json\/wp\/v2\/types\/page"}],"author":[{"embeddable":true,"href":"https:\/\/www.bokiheating.com\/de\/wp-json\/wp\/v2\/users\/5"}],"replies":[{"embeddable":true,"href":"https:\/\/www.bokiheating.com\/de\/wp-json\/wp\/v2\/comments?post=1725"}],"version-history":[{"count":3,"href":"https:\/\/www.bokiheating.com\/de\/wp-json\/wp\/v2\/pages\/1725\/revisions"}],"predecessor-version":[{"id":2178,"href":"https:\/\/www.bokiheating.com\/de\/wp-json\/wp\/v2\/pages\/1725\/revisions\/2178"}],"wp:attachment":[{"href":"https:\/\/www.bokiheating.com\/de\/wp-json\/wp\/v2\/media?parent=1725"}],"curies":[{"name":"wp","href":"https:\/\/api.w.org\/{rel}","templated":true}]}}