{"id":1723,"date":"2022-01-27T11:35:05","date_gmt":"2022-01-27T10:35:05","guid":{"rendered":"https:\/\/www.bokiheating.com\/?page_id=1723"},"modified":"2022-04-20T12:35:28","modified_gmt":"2022-04-20T10:35:28","slug":"wie-man-einen-geeigneten-konvektor-auswaehlt","status":"publish","type":"page","link":"https:\/\/www.bokiheating.com\/de\/produkte\/wie-man-einen-geeigneten-konvektor-auswaehlt\/","title":{"rendered":"Wie man einen geeigneten Konvektor ausw\u00e4hlt"},"content":{"rendered":"<div class=\"d-none\" style=\"display: none;\">\n<h3>Wie man einen geeigneten Konvektor ausw\u00e4hlt<\/h3>\n<h3>Grundlegende Informationen zur Auswahl von Konvektoren<\/h3>\n<h3>Warum mit Konvektoren heizen? Konvektoren nutzen den Luftstrom zum Heizen. Im Gegensatz zu anderen Heizungsarten sind sie einfach zu installieren und zu warten und bieten eine gro\u00dfe Formvielfalt. Einige Konvektortypen k\u00f6nnen auch zum K\u00fchlen verwendet werden. Warum einen Konvektor und nicht einen Heizk\u00f6rper verwenden? Konvektoren enthalten nur eine geringe Menge an Wasser. Im Vergleich zu Heizk\u00f6rpern heizen sie die R\u00e4ume wesentlich schneller und verbrauchen weniger Energie. Ein weiterer Unterschied ist die optimale W\u00e4rmeverteilung. Im Gegensatz zu Heizk\u00f6rpern strahlen Konvektoren die W\u00e4rme nicht in die Wand ab, sondern verteilen sie effizient im ganzen Raum. Aufgrund ihres Designs und ihrer Funktionsweise sind sie ideal unter Fenstert\u00fcren und gro\u00dfen Glasfl\u00e4chen. Die meistverkauften Konvektoren sind l\u00fcfterlose Konvektoren mit nat\u00fcrlicher Konvektion. Ein weiterer Typ ist der Konvektor mit Gebl\u00e4se f\u00fcr die Heizung. Nat\u00fcrlich gibt es auch gebl\u00e4seunterst\u00fctzte Konvektoren zum Heizen und\/oder K\u00fchlen.<\/h3>\n<p>&nbsp;<\/p>\n<h3>0<\/h3>\n<h3>es ist wichtig, zwischen den grundlegenden Parametern zu w\u00e4hlen<\/h3>\n<h3>warum mit Konvektoren heizen<\/h3>\n<h3>\/<\/h3>\n<h3>Unterflurkonvektor InFloor<\/h3>\n<p>BOKI-Unterflurkonvektoren sind die ideale L\u00f6sung f\u00fcr jedes Geb\u00e4ude, in dem sowohl \u00c4sthetik als auch Funktionalit\u00e4t gefragt sind. Aufgrund des Bodeneinbaus wird dieser Konvektortyp am h\u00e4ufigsten in Kombination mit Fenstert\u00fcren oder gro\u00dfen Glasfl\u00e4chen verwendet. Ein gro\u00dfer Vorteil dieser Konvektoren ist die geringe Wassermenge im W\u00e4rmetauscher (im Vergleich zu herk\u00f6mmlichen Heizk\u00f6rpern), die eine schnelle Erw\u00e4rmung des Raumes gew\u00e4hrleistet. Durch ihre Verlegung im Boden sind sie eine optimale Quelle f\u00fcr die W\u00e4rmezirkulation im Raum.<\/p>\n<h3>Konvektoren Onfloor<\/h3>\n<p>BOKI-Konvektoren sind die ideale L\u00f6sung f\u00fcr alle, die eine hohe Leistung ben\u00f6tigen. Dank ihres Designs werden diese Konvektoren 10 cm \u00fcber dem Boden installiert, was eine noch bessere Luftzirkulation und damit eine h\u00f6here Leistung der Konvektoren gew\u00e4hrleistet. Dank ihrer geringen H\u00f6he k\u00f6nnen diese Konvektoren sowohl in R\u00e4umen mit gro\u00dfen Glasfl\u00e4chen als auch in R\u00e4umen mit Fensterfronten eingesetzt werden. Dank der unbegrenzten Farbm\u00f6glichkeiten passen sie perfekt in jedes Interieur.<\/p>\n<h3>Grundlegende Parameter von Konvektoren<\/h3>\n<h3>Fragen und Antworten zur Auswahl eines Konvektors<\/h3>\n<h3>Brauchen Sie einen Rat?<\/h3>\n<\/div>\n<div class='d-none' style='display:none;'>\n<h3>Wie man einen geeigneten Konvektor ausw\u00e4hlt<\/h3>\n<h3>Grundlegende Informationen zur Auswahl von Konvektoren<\/h3>\n<h3>Warum mit Konvektoren heizen? Konvektoren nutzen den Luftstrom zum Heizen. Im Gegensatz zu anderen Heizungsarten sind sie einfach zu installieren und zu warten und bieten eine gro\u00dfe Formvielfalt. Einige Konvektortypen k\u00f6nnen auch zum K\u00fchlen verwendet werden. Warum einen Konvektor und nicht einen Heizk\u00f6rper verwenden? Konvektoren enthalten nur eine geringe Menge an Wasser. Im Vergleich zu Heizk\u00f6rpern heizen sie die R\u00e4ume wesentlich schneller und verbrauchen weniger Energie. Ein weiterer Unterschied ist die optimale W\u00e4rmeverteilung. Im Gegensatz zu Heizk\u00f6rpern strahlen Konvektoren die W\u00e4rme nicht in die Wand ab, sondern verteilen sie effizient im ganzen Raum. Aufgrund ihres Designs und ihrer Funktionsweise sind sie ideal unter Fenstert\u00fcren und gro\u00dfen Glasfl\u00e4chen. Die meistverkauften Konvektoren sind l\u00fcfterlose Konvektoren mit nat\u00fcrlicher Konvektion. Ein weiterer Typ ist der Konvektor mit Gebl\u00e4se f\u00fcr die Heizung. Nat\u00fcrlich gibt es auch gebl\u00e4seunterst\u00fctzte Konvektoren zum Heizen und\/oder K\u00fchlen.<\/p>\n<p>&nbsp;<\/h3>\n<h3>0<\/h3>\n<h3>es ist wichtig, zwischen den grundlegenden Parametern zu w\u00e4hlen<\/h3>\n<h3>warum mit Konvektoren heizen<\/h3>\n<h3>\/<\/h3>\n<h3>Unterflurkonvektor InFloor<\/h3>\n<p>BOKI-Unterflurkonvektoren sind die ideale L\u00f6sung f\u00fcr jedes Geb\u00e4ude, in dem sowohl \u00c4sthetik als auch Funktionalit\u00e4t gefragt sind. Aufgrund des Bodeneinbaus wird dieser Konvektortyp am h\u00e4ufigsten in Kombination mit Fenstert\u00fcren oder gro\u00dfen Glasfl\u00e4chen verwendet. Ein gro\u00dfer Vorteil dieser Konvektoren ist die geringe Wassermenge im W\u00e4rmetauscher (im Vergleich zu herk\u00f6mmlichen Heizk\u00f6rpern), die eine schnelle Erw\u00e4rmung des Raumes gew\u00e4hrleistet. Durch ihre Verlegung im Boden sind sie eine optimale Quelle f\u00fcr die W\u00e4rmezirkulation im Raum.<\/p>\n<h3>Konvektoren Onfloor<\/h3>\n<p>BOKI-Konvektoren sind die ideale L\u00f6sung f\u00fcr alle, die eine hohe Leistung ben\u00f6tigen. Dank ihres Designs werden diese Konvektoren 10 cm \u00fcber dem Boden installiert, was eine noch bessere Luftzirkulation und damit eine h\u00f6here Leistung der Konvektoren gew\u00e4hrleistet. Dank ihrer geringen H\u00f6he k\u00f6nnen diese Konvektoren sowohl in R\u00e4umen mit gro\u00dfen Glasfl\u00e4chen als auch in R\u00e4umen mit Fensterfronten eingesetzt werden. Dank der unbegrenzten Farbm\u00f6glichkeiten passen sie perfekt in jedes Interieur.<\/p>\n<p>\u00a0<\/p>\n<h3>Grundlegende Parameter von Konvektoren<\/h3>\n<h3>Fragen und Antworten zur Auswahl eines Konvektors<\/h3>\n<h3>Brauchen Sie einen Rat?<\/h3>\n<\/div>\n","protected":false},"excerpt":{"rendered":"<p>Wie man einen geeigneten Konvektor ausw\u00e4hlt Grundlegende Informationen zur Auswahl von Konvektoren Warum mit Konvektoren heizen? Konvektoren nutzen den Luftstrom zum Heizen. Im Gegensatz zu anderen Heizungsarten sind sie einfach zu installieren und zu warten und bieten eine gro\u00dfe Formvielfalt. Einige Konvektortypen k\u00f6nnen auch zum K\u00fchlen verwendet werden. Warum einen Konvektor und nicht einen Heizk\u00f6rper&#8230;<\/p>\n","protected":false},"author":5,"featured_media":0,"parent":1725,"menu_order":0,"comment_status":"closed","ping_status":"closed","template":"pages\/page-blocks.php","meta":{"footnotes":""},"class_list":["post-1723","page","type-page","status-publish","hentry"],"yoast_head":"<!-- This site is optimized with the Yoast SEO plugin v25.6 - https:\/\/yoast.com\/wordpress\/plugins\/seo\/ -->\n<title>Wie man einen geeigneten Konvektor ausw\u00e4hlt - BOKI Industries a.s.<\/title>\n<meta name=\"robots\" content=\"index, follow, max-snippet:-1, max-image-preview:large, max-video-preview:-1\" \/>\n<link rel=\"canonical\" href=\"https:\/\/www.bokiheating.com\/de\/produkte\/wie-man-einen-geeigneten-konvektor-auswaehlt\/\" \/>\n<meta property=\"og:locale\" content=\"de_DE\" \/>\n<meta property=\"og:type\" content=\"article\" \/>\n<meta property=\"og:title\" content=\"Wie man einen geeigneten Konvektor ausw\u00e4hlt - BOKI Industries a.s.\" \/>\n<meta property=\"og:description\" content=\"Wie man einen geeigneten Konvektor ausw\u00e4hlt Grundlegende Informationen zur Auswahl von Konvektoren Warum mit Konvektoren heizen? Konvektoren nutzen den Luftstrom zum Heizen. Im Gegensatz zu anderen Heizungsarten sind sie einfach zu installieren und zu warten und bieten eine gro\u00dfe Formvielfalt. Einige Konvektortypen k\u00f6nnen auch zum K\u00fchlen verwendet werden. Warum einen Konvektor und nicht einen Heizk\u00f6rper...\" \/>\n<meta property=\"og:url\" content=\"https:\/\/www.bokiheating.com\/de\/produkte\/wie-man-einen-geeigneten-konvektor-auswaehlt\/\" \/>\n<meta property=\"og:site_name\" content=\"BOKI Industries a.s.\" \/>\n<meta property=\"article:modified_time\" content=\"2022-04-20T10:35:28+00:00\" \/>\n<meta property=\"og:image\" content=\"https:\/\/www.bokiheating.com\/wp-content\/uploads\/2021\/09\/Boki_OG.jpeg\" \/>\n\t<meta property=\"og:image:width\" content=\"1200\" \/>\n\t<meta property=\"og:image:height\" content=\"630\" \/>\n\t<meta property=\"og:image:type\" content=\"image\/jpeg\" \/>\n<meta name=\"twitter:card\" content=\"summary_large_image\" \/>\n<meta name=\"twitter:label1\" content=\"Gesch\u00e4tzte Lesezeit\" \/>\n\t<meta name=\"twitter:data1\" content=\"4\u00a0Minuten\" \/>\n<!-- \/ Yoast SEO plugin. -->","yoast_head_json":{"title":"Wie man einen geeigneten Konvektor ausw\u00e4hlt - BOKI Industries a.s.","robots":{"index":"index","follow":"follow","max-snippet":"max-snippet:-1","max-image-preview":"max-image-preview:large","max-video-preview":"max-video-preview:-1"},"canonical":"https:\/\/www.bokiheating.com\/de\/produkte\/wie-man-einen-geeigneten-konvektor-auswaehlt\/","og_locale":"de_DE","og_type":"article","og_title":"Wie man einen geeigneten Konvektor ausw\u00e4hlt - BOKI Industries a.s.","og_description":"Wie man einen geeigneten Konvektor ausw\u00e4hlt Grundlegende Informationen zur Auswahl von Konvektoren Warum mit Konvektoren heizen? Konvektoren nutzen den Luftstrom zum Heizen. Im Gegensatz zu anderen Heizungsarten sind sie einfach zu installieren und zu warten und bieten eine gro\u00dfe Formvielfalt. Einige Konvektortypen k\u00f6nnen auch zum K\u00fchlen verwendet werden. Warum einen Konvektor und nicht einen Heizk\u00f6rper...","og_url":"https:\/\/www.bokiheating.com\/de\/produkte\/wie-man-einen-geeigneten-konvektor-auswaehlt\/","og_site_name":"BOKI Industries a.s.","article_modified_time":"2022-04-20T10:35:28+00:00","og_image":[{"width":1200,"height":630,"url":"https:\/\/www.bokiheating.com\/wp-content\/uploads\/2021\/09\/Boki_OG.jpeg","type":"image\/jpeg"}],"twitter_card":"summary_large_image","twitter_misc":{"Gesch\u00e4tzte Lesezeit":"4\u00a0Minuten"},"schema":{"@context":"https:\/\/schema.org","@graph":[{"@type":"WebPage","@id":"https:\/\/www.bokiheating.com\/de\/produkte\/wie-man-einen-geeigneten-konvektor-auswaehlt\/","url":"https:\/\/www.bokiheating.com\/de\/produkte\/wie-man-einen-geeigneten-konvektor-auswaehlt\/","name":"Wie man einen geeigneten Konvektor ausw\u00e4hlt - BOKI Industries a.s.","isPartOf":{"@id":"https:\/\/www.bokiheating.com\/de\/#website"},"datePublished":"2022-01-27T10:35:05+00:00","dateModified":"2022-04-20T10:35:28+00:00","breadcrumb":{"@id":"https:\/\/www.bokiheating.com\/de\/produkte\/wie-man-einen-geeigneten-konvektor-auswaehlt\/#breadcrumb"},"inLanguage":"de","potentialAction":[{"@type":"ReadAction","target":["https:\/\/www.bokiheating.com\/de\/produkte\/wie-man-einen-geeigneten-konvektor-auswaehlt\/"]}]},{"@type":"BreadcrumbList","@id":"https:\/\/www.bokiheating.com\/de\/produkte\/wie-man-einen-geeigneten-konvektor-auswaehlt\/#breadcrumb","itemListElement":[{"@type":"ListItem","position":1,"name":"Einf\u00fchrung","item":"https:\/\/www.bokiheating.com\/de\/startseite\/"},{"@type":"ListItem","position":2,"name":"Produkte","item":"https:\/\/www.bokiheating.com\/de\/produkte\/"},{"@type":"ListItem","position":3,"name":"Wie man einen geeigneten Konvektor ausw\u00e4hlt"}]},{"@type":"WebSite","@id":"https:\/\/www.bokiheating.com\/de\/#website","url":"https:\/\/www.bokiheating.com\/de\/","name":"BOKI Industries a.s.","description":"","publisher":{"@id":"https:\/\/www.bokiheating.com\/de\/#organization"},"potentialAction":[{"@type":"SearchAction","target":{"@type":"EntryPoint","urlTemplate":"https:\/\/www.bokiheating.com\/de\/?s={search_term_string}"},"query-input":{"@type":"PropertyValueSpecification","valueRequired":true,"valueName":"search_term_string"}}],"inLanguage":"de"},{"@type":"Organization","@id":"https:\/\/www.bokiheating.com\/de\/#organization","name":"BOKI Industries a.s.","url":"https:\/\/www.bokiheating.com\/de\/","logo":{"@type":"ImageObject","inLanguage":"de","@id":"https:\/\/www.bokiheating.com\/de\/#\/schema\/logo\/image\/","url":"https:\/\/www.bokiheating.com\/wp-content\/uploads\/2021\/07\/logo.svg","contentUrl":"https:\/\/www.bokiheating.com\/wp-content\/uploads\/2021\/07\/logo.svg","width":132,"height":47,"caption":"BOKI Industries a.s."},"image":{"@id":"https:\/\/www.bokiheating.com\/de\/#\/schema\/logo\/image\/"}}]}},"_links":{"self":[{"href":"https:\/\/www.bokiheating.com\/de\/wp-json\/wp\/v2\/pages\/1723","targetHints":{"allow":["GET"]}}],"collection":[{"href":"https:\/\/www.bokiheating.com\/de\/wp-json\/wp\/v2\/pages"}],"about":[{"href":"https:\/\/www.bokiheating.com\/de\/wp-json\/wp\/v2\/types\/page"}],"author":[{"embeddable":true,"href":"https:\/\/www.bokiheating.com\/de\/wp-json\/wp\/v2\/users\/5"}],"replies":[{"embeddable":true,"href":"https:\/\/www.bokiheating.com\/de\/wp-json\/wp\/v2\/comments?post=1723"}],"version-history":[{"count":3,"href":"https:\/\/www.bokiheating.com\/de\/wp-json\/wp\/v2\/pages\/1723\/revisions"}],"predecessor-version":[{"id":2180,"href":"https:\/\/www.bokiheating.com\/de\/wp-json\/wp\/v2\/pages\/1723\/revisions\/2180"}],"up":[{"embeddable":true,"href":"https:\/\/www.bokiheating.com\/de\/wp-json\/wp\/v2\/pages\/1725"}],"wp:attachment":[{"href":"https:\/\/www.bokiheating.com\/de\/wp-json\/wp\/v2\/media?parent=1723"}],"curies":[{"name":"wp","href":"https:\/\/api.w.org\/{rel}","templated":true}]}}