{"id":1719,"date":"2022-01-27T11:19:04","date_gmt":"2022-01-27T10:19:04","guid":{"rendered":"https:\/\/www.bokiheating.com\/?page_id=1719"},"modified":"2022-04-20T12:33:32","modified_gmt":"2022-04-20T10:33:32","slug":"gitter","status":"publish","type":"page","link":"https:\/\/www.bokiheating.com\/de\/produkte\/gitter\/","title":{"rendered":"Gitter"},"content":{"rendered":"<h1>Gitter f\u00fcr Unterflurkonvektoren<\/h1>\n<p>Die Abdeckgitter sind der einzige sichtbare Teil der Bodenkonvektoren, so dass die normale Fl\u00e4chenlast \u00fcber den Saum der Konvektorwanne auf den Boden \u00fcbertragen wird. Die Form der Lamellen, ihr Abstand und ihre Anordnung beeinflussen effektiv den Luftstrom, der als Prozentsatz der freien Querschnittsfl\u00e4che des Gitters ausgedr\u00fcckt wird. Die Abdeckroste werden separat oder zusammen mit den Bodenkonvektoren geliefert. Die Produktpalette ist nicht durch die Gr\u00f6\u00dfe des Abdeckgitters begrenzt und umfasst alle Gr\u00f6\u00dfenkombinationen, einschlie\u00dflich nicht standardisierter und atypischer L\u00f6sungen entsprechend den Kundenanforderungen.<\/p>\n<h2>Ausf\u00fchrung<\/h2>\n<p>Abdeckgitter werden in Quer- und L\u00e4ngsausf\u00fchrungen hergestellt. Beim Querrost (Rollrost) sind die Lamellen zusammen mit den Abstandsringen an einer Feder aufgeh\u00e4ngt. Diese Version ist f\u00fcr alle Lamellenmaterialien und f\u00fcr alle Arten und Gr\u00f6\u00dfen von Konvektoren geeignet. Die L\u00e4ngsausf\u00fchrung der Gitter besteht nur aus Duraluminium- oder Edelstahllamellen, diese Variante kann nicht f\u00fcr F1S-Konvektoren und F2C-, F2V- und F4C-, F4V-Konvektoren verwendet werden.<\/p>\n<h2>Material der Gitter<\/h2>\n<p>Die Abdeckgitter werden mit Duraluminium, Edelstahl oder Holzlamellen hergestellt. Alle Lamellen haben eine Standardh\u00f6he von 20 mm. Die Gitter mit Duraluminium-Lamellen sind standardm\u00e4\u00dfig in den Farben Natur eloxiert, Dunkelbronze, Hellbronze und Schwarz eloxiert erh\u00e4ltlich. Roste mit Holzlamellen sind in Buche und Eiche erh\u00e4ltlich, die beide roh, ge\u00f6lt oder lackiert geliefert werden k\u00f6nnen. Die Formstabilit\u00e4t ist bei Holzlamellen in der Rohfassung nicht gew\u00e4hrleistet, die Lamellen k\u00f6nnen sich je nach Ver\u00e4nderung der Innenraumfeuchte ausdehnen.<\/p>\n<img loading=\"lazy\" decoding=\"async\" class=\"size-full wp-image-1120 alignleft\" src=\"data:image\/gif;base64,R0lGODlhAQABAIAAAAAAAP\/\/\/yH5BAEAAAAALAAAAAABAAEAAAIBRAA7\" data-src=\"https:\/\/www.bokiheating.com\/wp-content\/uploads\/2021\/07\/Mrizka-4.jpg\" alt=\"\" width=\"206\" height=\"153\" \/><img loading=\"lazy\" decoding=\"async\" class=\"size-full wp-image-1118 alignleft\" src=\"data:image\/gif;base64,R0lGODlhAQABAIAAAAAAAP\/\/\/yH5BAEAAAAALAAAAAABAAEAAAIBRAA7\" data-src=\"https:\/\/www.bokiheating.com\/wp-content\/uploads\/2021\/07\/Mrizka-1.jpg\" alt=\"\" width=\"206\" height=\"154\" \/>\n<div class='d-none' style='display:none;'>\n<h3>Brauchen Sie einen Rat?<\/h3>\n<\/div>\n","protected":false},"excerpt":{"rendered":"<p>Gitter f\u00fcr Unterflurkonvektoren Die Abdeckgitter sind der einzige sichtbare Teil der Bodenkonvektoren, so dass die normale Fl\u00e4chenlast \u00fcber den Saum der Konvektorwanne auf den Boden \u00fcbertragen wird. Die Form der Lamellen, ihr Abstand und ihre Anordnung beeinflussen effektiv den Luftstrom, der als Prozentsatz der freien Querschnittsfl\u00e4che des Gitters ausgedr\u00fcckt wird. Die Abdeckroste werden separat oder&#8230;<\/p>\n","protected":false},"author":5,"featured_media":1084,"parent":1725,"menu_order":0,"comment_status":"closed","ping_status":"closed","template":"pages\/page-blocks.php","meta":{"footnotes":""},"class_list":["post-1719","page","type-page","status-publish","has-post-thumbnail","hentry"],"yoast_head":"<!-- This site is optimized with the Yoast SEO plugin v25.6 - https:\/\/yoast.com\/wordpress\/plugins\/seo\/ -->\n<title>Gitter - BOKI Industries a.s.<\/title>\n<meta name=\"robots\" content=\"index, follow, max-snippet:-1, max-image-preview:large, max-video-preview:-1\" \/>\n<link rel=\"canonical\" href=\"https:\/\/www.bokiheating.com\/de\/produkte\/gitter\/\" \/>\n<meta property=\"og:locale\" content=\"de_DE\" \/>\n<meta property=\"og:type\" content=\"article\" \/>\n<meta property=\"og:title\" content=\"Gitter - BOKI Industries a.s.\" \/>\n<meta property=\"og:description\" content=\"Gitter f\u00fcr Unterflurkonvektoren Die Abdeckgitter sind der einzige sichtbare Teil der Bodenkonvektoren, so dass die normale Fl\u00e4chenlast \u00fcber den Saum der Konvektorwanne auf den Boden \u00fcbertragen wird. Die Form der Lamellen, ihr Abstand und ihre Anordnung beeinflussen effektiv den Luftstrom, der als Prozentsatz der freien Querschnittsfl\u00e4che des Gitters ausgedr\u00fcckt wird. Die Abdeckroste werden separat oder...\" \/>\n<meta property=\"og:url\" content=\"https:\/\/www.bokiheating.com\/de\/produkte\/gitter\/\" \/>\n<meta property=\"og:site_name\" content=\"BOKI Industries a.s.\" \/>\n<meta property=\"article:modified_time\" content=\"2022-04-20T10:33:32+00:00\" \/>\n<meta property=\"og:image\" content=\"https:\/\/www.bokiheating.com\/wp-content\/uploads\/2021\/07\/mrizka-duralova_podelna_.jpg\" \/>\n\t<meta property=\"og:image:width\" content=\"300\" \/>\n\t<meta property=\"og:image:height\" content=\"300\" \/>\n\t<meta property=\"og:image:type\" content=\"image\/jpeg\" \/>\n<meta name=\"twitter:card\" content=\"summary_large_image\" \/>\n<meta name=\"twitter:label1\" content=\"Gesch\u00e4tzte Lesezeit\" \/>\n\t<meta name=\"twitter:data1\" content=\"2\u00a0Minuten\" \/>\n<!-- \/ Yoast SEO plugin. -->","yoast_head_json":{"title":"Gitter - BOKI Industries a.s.","robots":{"index":"index","follow":"follow","max-snippet":"max-snippet:-1","max-image-preview":"max-image-preview:large","max-video-preview":"max-video-preview:-1"},"canonical":"https:\/\/www.bokiheating.com\/de\/produkte\/gitter\/","og_locale":"de_DE","og_type":"article","og_title":"Gitter - BOKI Industries a.s.","og_description":"Gitter f\u00fcr Unterflurkonvektoren Die Abdeckgitter sind der einzige sichtbare Teil der Bodenkonvektoren, so dass die normale Fl\u00e4chenlast \u00fcber den Saum der Konvektorwanne auf den Boden \u00fcbertragen wird. Die Form der Lamellen, ihr Abstand und ihre Anordnung beeinflussen effektiv den Luftstrom, der als Prozentsatz der freien Querschnittsfl\u00e4che des Gitters ausgedr\u00fcckt wird. Die Abdeckroste werden separat oder...","og_url":"https:\/\/www.bokiheating.com\/de\/produkte\/gitter\/","og_site_name":"BOKI Industries a.s.","article_modified_time":"2022-04-20T10:33:32+00:00","og_image":[{"width":300,"height":300,"url":"https:\/\/www.bokiheating.com\/wp-content\/uploads\/2021\/07\/mrizka-duralova_podelna_.jpg","type":"image\/jpeg"}],"twitter_card":"summary_large_image","twitter_misc":{"Gesch\u00e4tzte Lesezeit":"2\u00a0Minuten"},"schema":{"@context":"https:\/\/schema.org","@graph":[{"@type":"WebPage","@id":"https:\/\/www.bokiheating.com\/de\/produkte\/gitter\/","url":"https:\/\/www.bokiheating.com\/de\/produkte\/gitter\/","name":"Gitter - BOKI Industries a.s.","isPartOf":{"@id":"https:\/\/www.bokiheating.com\/de\/#website"},"primaryImageOfPage":{"@id":"https:\/\/www.bokiheating.com\/de\/produkte\/gitter\/#primaryimage"},"image":{"@id":"https:\/\/www.bokiheating.com\/de\/produkte\/gitter\/#primaryimage"},"thumbnailUrl":"https:\/\/www.bokiheating.com\/wp-content\/uploads\/2021\/07\/mrizka-duralova_podelna_.jpg","datePublished":"2022-01-27T10:19:04+00:00","dateModified":"2022-04-20T10:33:32+00:00","breadcrumb":{"@id":"https:\/\/www.bokiheating.com\/de\/produkte\/gitter\/#breadcrumb"},"inLanguage":"de","potentialAction":[{"@type":"ReadAction","target":["https:\/\/www.bokiheating.com\/de\/produkte\/gitter\/"]}]},{"@type":"ImageObject","inLanguage":"de","@id":"https:\/\/www.bokiheating.com\/de\/produkte\/gitter\/#primaryimage","url":"https:\/\/www.bokiheating.com\/wp-content\/uploads\/2021\/07\/mrizka-duralova_podelna_.jpg","contentUrl":"https:\/\/www.bokiheating.com\/wp-content\/uploads\/2021\/07\/mrizka-duralova_podelna_.jpg","width":300,"height":300},{"@type":"BreadcrumbList","@id":"https:\/\/www.bokiheating.com\/de\/produkte\/gitter\/#breadcrumb","itemListElement":[{"@type":"ListItem","position":1,"name":"Einf\u00fchrung","item":"https:\/\/www.bokiheating.com\/de\/startseite\/"},{"@type":"ListItem","position":2,"name":"Produkte","item":"https:\/\/www.bokiheating.com\/de\/produkte\/"},{"@type":"ListItem","position":3,"name":"Gitter"}]},{"@type":"WebSite","@id":"https:\/\/www.bokiheating.com\/de\/#website","url":"https:\/\/www.bokiheating.com\/de\/","name":"BOKI Industries a.s.","description":"","publisher":{"@id":"https:\/\/www.bokiheating.com\/de\/#organization"},"potentialAction":[{"@type":"SearchAction","target":{"@type":"EntryPoint","urlTemplate":"https:\/\/www.bokiheating.com\/de\/?s={search_term_string}"},"query-input":{"@type":"PropertyValueSpecification","valueRequired":true,"valueName":"search_term_string"}}],"inLanguage":"de"},{"@type":"Organization","@id":"https:\/\/www.bokiheating.com\/de\/#organization","name":"BOKI Industries a.s.","url":"https:\/\/www.bokiheating.com\/de\/","logo":{"@type":"ImageObject","inLanguage":"de","@id":"https:\/\/www.bokiheating.com\/de\/#\/schema\/logo\/image\/","url":"https:\/\/www.bokiheating.com\/wp-content\/uploads\/2021\/07\/logo.svg","contentUrl":"https:\/\/www.bokiheating.com\/wp-content\/uploads\/2021\/07\/logo.svg","width":132,"height":47,"caption":"BOKI Industries a.s."},"image":{"@id":"https:\/\/www.bokiheating.com\/de\/#\/schema\/logo\/image\/"}}]}},"_links":{"self":[{"href":"https:\/\/www.bokiheating.com\/de\/wp-json\/wp\/v2\/pages\/1719","targetHints":{"allow":["GET"]}}],"collection":[{"href":"https:\/\/www.bokiheating.com\/de\/wp-json\/wp\/v2\/pages"}],"about":[{"href":"https:\/\/www.bokiheating.com\/de\/wp-json\/wp\/v2\/types\/page"}],"author":[{"embeddable":true,"href":"https:\/\/www.bokiheating.com\/de\/wp-json\/wp\/v2\/users\/5"}],"replies":[{"embeddable":true,"href":"https:\/\/www.bokiheating.com\/de\/wp-json\/wp\/v2\/comments?post=1719"}],"version-history":[{"count":5,"href":"https:\/\/www.bokiheating.com\/de\/wp-json\/wp\/v2\/pages\/1719\/revisions"}],"predecessor-version":[{"id":2160,"href":"https:\/\/www.bokiheating.com\/de\/wp-json\/wp\/v2\/pages\/1719\/revisions\/2160"}],"up":[{"embeddable":true,"href":"https:\/\/www.bokiheating.com\/de\/wp-json\/wp\/v2\/pages\/1725"}],"wp:featuredmedia":[{"embeddable":true,"href":"https:\/\/www.bokiheating.com\/de\/wp-json\/wp\/v2\/media\/1084"}],"wp:attachment":[{"href":"https:\/\/www.bokiheating.com\/de\/wp-json\/wp\/v2\/media?parent=1719"}],"curies":[{"name":"wp","href":"https:\/\/api.w.org\/{rel}","templated":true}]}}