{"id":1717,"date":"2022-01-27T11:15:53","date_gmt":"2022-01-27T10:15:53","guid":{"rendered":"https:\/\/www.bokiheating.com\/?page_id=1717"},"modified":"2022-04-20T12:34:08","modified_gmt":"2022-04-20T10:34:08","slug":"konvektoren-onfloor","status":"publish","type":"page","link":"https:\/\/www.bokiheating.com\/de\/produkte\/konvektoren-onfloor\/","title":{"rendered":"Konvektoren OnFloor"},"content":{"rendered":"<div class=\"d-none\" style=\"display: none;\">\n<h3>Konvektoren Onfloor<\/h3>\n<h3>Konvektoren OnFloor<\/h3>\n<h3>BOKI Konvektoren sind die ideale L\u00f6sung f\u00fcr alle, die eine hohe Leistung ben\u00f6tigen. Dank ihres Designs werden diese Konvektoren 10 cm \u00fcber dem Boden installiert, was eine noch bessere Luftzirkulation und damit eine h\u00f6here Leistung der Konvektoren gew\u00e4hrleistet. Dank ihrer geringen H\u00f6he k\u00f6nnen diese Konvektoren sowohl in R\u00e4umen mit gro\u00dfen Glasfl\u00e4chen als auch in R\u00e4umen mit vorspringenden Fenstern eingesetzt werden. Dank der unbegrenzten Farbm\u00f6glichkeiten passen sie perfekt in jedes Interieur.<\/h3>\n<h3>Weitere Informationen<\/h3>\n<h3>https:\/\/www.bokiheating.com\/nadpodlazni-konvektory<\/h3>\n<h3>0<\/h3>\n<h3>Warum BOKI Heating w\u00e4hlen<\/h3>\n<h3>Brauchen Sie einen Rat?<\/h3>\n<\/div>\n<div class='d-none' style='display:none;'>\n<h3>Konvektoren Onfloor<\/h3>\n<h3>Konvektoren OnFloor<\/h3>\n<h3>BOKI Konvektoren sind die ideale L\u00f6sung f\u00fcr alle, die eine hohe Leistung ben\u00f6tigen. Dank ihres Designs werden diese Konvektoren 10 cm \u00fcber dem Boden installiert, was eine noch bessere Luftzirkulation und damit eine h\u00f6here Leistung der Konvektoren gew\u00e4hrleistet. Dank ihrer geringen H\u00f6he k\u00f6nnen diese Konvektoren sowohl in R\u00e4umen mit gro\u00dfen Glasfl\u00e4chen als auch in R\u00e4umen mit vorspringenden Fenstern eingesetzt werden. Dank der unbegrenzten Farbm\u00f6glichkeiten passen sie perfekt in jedes Interieur.<\/h3>\n<h3>Weitere Informationen<\/h3>\n<h3>https:\/\/www.bokiheating.com\/nadpodlazni-konvektory<\/h3>\n<h3>0<\/h3>\n<h3>Warum BOKI Heating w\u00e4hlen<\/h3>\n<h3>Brauchen Sie einen Rat?<\/h3>\n<\/div>\n","protected":false},"excerpt":{"rendered":"<p>Konvektoren Onfloor Konvektoren OnFloor BOKI Konvektoren sind die ideale L\u00f6sung f\u00fcr alle, die eine hohe Leistung ben\u00f6tigen. Dank ihres Designs werden diese Konvektoren 10 cm \u00fcber dem Boden installiert, was eine noch bessere Luftzirkulation und damit eine h\u00f6here Leistung der Konvektoren gew\u00e4hrleistet. Dank ihrer geringen H\u00f6he k\u00f6nnen diese Konvektoren sowohl in R\u00e4umen mit gro\u00dfen Glasfl\u00e4chen&#8230;<\/p>\n","protected":false},"author":5,"featured_media":0,"parent":1725,"menu_order":0,"comment_status":"closed","ping_status":"closed","template":"pages\/page-blocks.php","meta":{"footnotes":""},"class_list":["post-1717","page","type-page","status-publish","hentry"],"yoast_head":"<!-- This site is optimized with the Yoast SEO plugin v25.6 - https:\/\/yoast.com\/wordpress\/plugins\/seo\/ -->\n<title>Konvektoren OnFloor - BOKI Industries a.s.<\/title>\n<meta name=\"robots\" content=\"index, follow, max-snippet:-1, max-image-preview:large, max-video-preview:-1\" \/>\n<link rel=\"canonical\" href=\"https:\/\/www.bokiheating.com\/de\/produkte\/konvektoren-onfloor\/\" \/>\n<meta property=\"og:locale\" content=\"de_DE\" \/>\n<meta property=\"og:type\" content=\"article\" \/>\n<meta property=\"og:title\" content=\"Konvektoren OnFloor - BOKI Industries a.s.\" \/>\n<meta property=\"og:description\" content=\"Konvektoren Onfloor Konvektoren OnFloor BOKI Konvektoren sind die ideale L\u00f6sung f\u00fcr alle, die eine hohe Leistung ben\u00f6tigen. Dank ihres Designs werden diese Konvektoren 10 cm \u00fcber dem Boden installiert, was eine noch bessere Luftzirkulation und damit eine h\u00f6here Leistung der Konvektoren gew\u00e4hrleistet. Dank ihrer geringen H\u00f6he k\u00f6nnen diese Konvektoren sowohl in R\u00e4umen mit gro\u00dfen Glasfl\u00e4chen...\" \/>\n<meta property=\"og:url\" content=\"https:\/\/www.bokiheating.com\/de\/produkte\/konvektoren-onfloor\/\" \/>\n<meta property=\"og:site_name\" content=\"BOKI Industries a.s.\" \/>\n<meta property=\"article:modified_time\" content=\"2022-04-20T10:34:08+00:00\" \/>\n<meta property=\"og:image\" content=\"https:\/\/www.bokiheating.com\/wp-content\/uploads\/2021\/09\/Boki_OG.jpeg\" \/>\n\t<meta property=\"og:image:width\" content=\"1200\" \/>\n\t<meta property=\"og:image:height\" content=\"630\" \/>\n\t<meta property=\"og:image:type\" content=\"image\/jpeg\" \/>\n<meta name=\"twitter:card\" content=\"summary_large_image\" \/>\n<meta name=\"twitter:label1\" content=\"Gesch\u00e4tzte Lesezeit\" \/>\n\t<meta name=\"twitter:data1\" content=\"1\u00a0Minute\" \/>\n<!-- \/ Yoast SEO plugin. -->","yoast_head_json":{"title":"Konvektoren OnFloor - BOKI Industries a.s.","robots":{"index":"index","follow":"follow","max-snippet":"max-snippet:-1","max-image-preview":"max-image-preview:large","max-video-preview":"max-video-preview:-1"},"canonical":"https:\/\/www.bokiheating.com\/de\/produkte\/konvektoren-onfloor\/","og_locale":"de_DE","og_type":"article","og_title":"Konvektoren OnFloor - BOKI Industries a.s.","og_description":"Konvektoren Onfloor Konvektoren OnFloor BOKI Konvektoren sind die ideale L\u00f6sung f\u00fcr alle, die eine hohe Leistung ben\u00f6tigen. Dank ihres Designs werden diese Konvektoren 10 cm \u00fcber dem Boden installiert, was eine noch bessere Luftzirkulation und damit eine h\u00f6here Leistung der Konvektoren gew\u00e4hrleistet. Dank ihrer geringen H\u00f6he k\u00f6nnen diese Konvektoren sowohl in R\u00e4umen mit gro\u00dfen Glasfl\u00e4chen...","og_url":"https:\/\/www.bokiheating.com\/de\/produkte\/konvektoren-onfloor\/","og_site_name":"BOKI Industries a.s.","article_modified_time":"2022-04-20T10:34:08+00:00","og_image":[{"width":1200,"height":630,"url":"https:\/\/www.bokiheating.com\/wp-content\/uploads\/2021\/09\/Boki_OG.jpeg","type":"image\/jpeg"}],"twitter_card":"summary_large_image","twitter_misc":{"Gesch\u00e4tzte Lesezeit":"1\u00a0Minute"},"schema":{"@context":"https:\/\/schema.org","@graph":[{"@type":"WebPage","@id":"https:\/\/www.bokiheating.com\/de\/produkte\/konvektoren-onfloor\/","url":"https:\/\/www.bokiheating.com\/de\/produkte\/konvektoren-onfloor\/","name":"Konvektoren OnFloor - BOKI Industries a.s.","isPartOf":{"@id":"https:\/\/www.bokiheating.com\/de\/#website"},"datePublished":"2022-01-27T10:15:53+00:00","dateModified":"2022-04-20T10:34:08+00:00","breadcrumb":{"@id":"https:\/\/www.bokiheating.com\/de\/produkte\/konvektoren-onfloor\/#breadcrumb"},"inLanguage":"de","potentialAction":[{"@type":"ReadAction","target":["https:\/\/www.bokiheating.com\/de\/produkte\/konvektoren-onfloor\/"]}]},{"@type":"BreadcrumbList","@id":"https:\/\/www.bokiheating.com\/de\/produkte\/konvektoren-onfloor\/#breadcrumb","itemListElement":[{"@type":"ListItem","position":1,"name":"Einf\u00fchrung","item":"https:\/\/www.bokiheating.com\/de\/startseite\/"},{"@type":"ListItem","position":2,"name":"Produkte","item":"https:\/\/www.bokiheating.com\/de\/produkte\/"},{"@type":"ListItem","position":3,"name":"Konvektoren OnFloor"}]},{"@type":"WebSite","@id":"https:\/\/www.bokiheating.com\/de\/#website","url":"https:\/\/www.bokiheating.com\/de\/","name":"BOKI Industries a.s.","description":"","publisher":{"@id":"https:\/\/www.bokiheating.com\/de\/#organization"},"potentialAction":[{"@type":"SearchAction","target":{"@type":"EntryPoint","urlTemplate":"https:\/\/www.bokiheating.com\/de\/?s={search_term_string}"},"query-input":{"@type":"PropertyValueSpecification","valueRequired":true,"valueName":"search_term_string"}}],"inLanguage":"de"},{"@type":"Organization","@id":"https:\/\/www.bokiheating.com\/de\/#organization","name":"BOKI Industries a.s.","url":"https:\/\/www.bokiheating.com\/de\/","logo":{"@type":"ImageObject","inLanguage":"de","@id":"https:\/\/www.bokiheating.com\/de\/#\/schema\/logo\/image\/","url":"https:\/\/www.bokiheating.com\/wp-content\/uploads\/2021\/07\/logo.svg","contentUrl":"https:\/\/www.bokiheating.com\/wp-content\/uploads\/2021\/07\/logo.svg","width":132,"height":47,"caption":"BOKI Industries a.s."},"image":{"@id":"https:\/\/www.bokiheating.com\/de\/#\/schema\/logo\/image\/"}}]}},"_links":{"self":[{"href":"https:\/\/www.bokiheating.com\/de\/wp-json\/wp\/v2\/pages\/1717","targetHints":{"allow":["GET"]}}],"collection":[{"href":"https:\/\/www.bokiheating.com\/de\/wp-json\/wp\/v2\/pages"}],"about":[{"href":"https:\/\/www.bokiheating.com\/de\/wp-json\/wp\/v2\/types\/page"}],"author":[{"embeddable":true,"href":"https:\/\/www.bokiheating.com\/de\/wp-json\/wp\/v2\/users\/5"}],"replies":[{"embeddable":true,"href":"https:\/\/www.bokiheating.com\/de\/wp-json\/wp\/v2\/comments?post=1717"}],"version-history":[{"count":3,"href":"https:\/\/www.bokiheating.com\/de\/wp-json\/wp\/v2\/pages\/1717\/revisions"}],"predecessor-version":[{"id":2179,"href":"https:\/\/www.bokiheating.com\/de\/wp-json\/wp\/v2\/pages\/1717\/revisions\/2179"}],"up":[{"embeddable":true,"href":"https:\/\/www.bokiheating.com\/de\/wp-json\/wp\/v2\/pages\/1725"}],"wp:attachment":[{"href":"https:\/\/www.bokiheating.com\/de\/wp-json\/wp\/v2\/media?parent=1717"}],"curies":[{"name":"wp","href":"https:\/\/api.w.org\/{rel}","templated":true}]}}