{"id":1715,"date":"2022-01-27T11:03:05","date_gmt":"2022-01-27T10:03:05","guid":{"rendered":"https:\/\/www.bokiheating.com\/?page_id=1715"},"modified":"2022-04-05T14:22:39","modified_gmt":"2022-04-05T12:22:39","slug":"podlahove-konvektory","status":"publish","type":"page","link":"https:\/\/www.bokiheating.com\/de\/produkte\/podlahove-konvektory\/","title":{"rendered":"Unterflurkonvektoren"},"content":{"rendered":"<div class='d-none' style='display:none;'>\n<h3>Unterflurkonvektoren InFloor<\/h3>\n<h3>BOKI-Unterflurkonvektoren sind die ideale L\u00f6sung f\u00fcr jedes Geb\u00e4ude, in dem sowohl \u00c4sthetik als auch Funktionalit\u00e4t gefragt sind. Aufgrund des Bodeneinbaus wird dieser Konvektortyp am h\u00e4ufigsten in Kombination mit Fenstert\u00fcren oder gro\u00dfen Glasfl\u00e4chen verwendet. Ein gro\u00dfer Vorteil dieser Konvektoren ist die geringe Wassermenge im W\u00e4rmetauscher (im Vergleich zu herk\u00f6mmlichen Heizk\u00f6rpern), die eine schnelle Erw\u00e4rmung des Raumes gew\u00e4hrleistet. Durch ihre Verlegung im Boden sind sie eine optimale Quelle f\u00fcr die W\u00e4rmezirkulation im Raum.<\/h3>\n<h3>Weitere Informationen<\/h3>\n<h3>https:\/\/www.bokiheating.com\/produkty\/podlahove-konvektory\/<\/h3>\n<h3>0<\/h3>\n<h3>Warum BOKI Heating w\u00e4hlen<\/h3>\n<h3>Brauchen Sie einen Rat?<\/h3>\n<\/div>\n","protected":false},"excerpt":{"rendered":"<p>Unterflurkonvektoren InFloor BOKI-Unterflurkonvektoren sind die ideale L\u00f6sung f\u00fcr jedes Geb\u00e4ude, in dem sowohl \u00c4sthetik als auch Funktionalit\u00e4t gefragt sind. Aufgrund des Bodeneinbaus wird dieser Konvektortyp am h\u00e4ufigsten in Kombination mit Fenstert\u00fcren oder gro\u00dfen Glasfl\u00e4chen verwendet. Ein gro\u00dfer Vorteil dieser Konvektoren ist die geringe Wassermenge im W\u00e4rmetauscher (im Vergleich zu herk\u00f6mmlichen Heizk\u00f6rpern), die eine schnelle Erw\u00e4rmung&#8230;<\/p>\n","protected":false},"author":5,"featured_media":0,"parent":1725,"menu_order":0,"comment_status":"closed","ping_status":"closed","template":"pages\/page-blocks.php","meta":{"footnotes":""},"class_list":["post-1715","page","type-page","status-publish","hentry"],"yoast_head":"<!-- This site is optimized with the Yoast SEO plugin v25.6 - https:\/\/yoast.com\/wordpress\/plugins\/seo\/ -->\n<title>Unterflurkonvektoren - BOKI Industries a.s.<\/title>\n<meta name=\"robots\" content=\"index, follow, max-snippet:-1, max-image-preview:large, max-video-preview:-1\" \/>\n<link rel=\"canonical\" href=\"https:\/\/www.bokiheating.com\/de\/produkte\/podlahove-konvektory\/\" \/>\n<meta property=\"og:locale\" content=\"de_DE\" \/>\n<meta property=\"og:type\" content=\"article\" \/>\n<meta property=\"og:title\" content=\"Unterflurkonvektoren - BOKI Industries a.s.\" \/>\n<meta property=\"og:description\" content=\"Unterflurkonvektoren InFloor BOKI-Unterflurkonvektoren sind die ideale L\u00f6sung f\u00fcr jedes Geb\u00e4ude, in dem sowohl \u00c4sthetik als auch Funktionalit\u00e4t gefragt sind. Aufgrund des Bodeneinbaus wird dieser Konvektortyp am h\u00e4ufigsten in Kombination mit Fenstert\u00fcren oder gro\u00dfen Glasfl\u00e4chen verwendet. Ein gro\u00dfer Vorteil dieser Konvektoren ist die geringe Wassermenge im W\u00e4rmetauscher (im Vergleich zu herk\u00f6mmlichen Heizk\u00f6rpern), die eine schnelle Erw\u00e4rmung...\" \/>\n<meta property=\"og:url\" content=\"https:\/\/www.bokiheating.com\/de\/produkte\/podlahove-konvektory\/\" \/>\n<meta property=\"og:site_name\" content=\"BOKI Industries a.s.\" \/>\n<meta property=\"article:modified_time\" content=\"2022-04-05T12:22:39+00:00\" \/>\n<meta property=\"og:image\" content=\"https:\/\/www.bokiheating.com\/wp-content\/uploads\/2021\/09\/Boki_OG.jpeg\" \/>\n\t<meta property=\"og:image:width\" content=\"1200\" \/>\n\t<meta property=\"og:image:height\" content=\"630\" \/>\n\t<meta property=\"og:image:type\" content=\"image\/jpeg\" \/>\n<meta name=\"twitter:card\" content=\"summary_large_image\" \/>\n<meta name=\"twitter:label1\" content=\"Gesch\u00e4tzte Lesezeit\" \/>\n\t<meta name=\"twitter:data1\" content=\"1\u00a0Minute\" \/>\n<!-- \/ Yoast SEO plugin. -->","yoast_head_json":{"title":"Unterflurkonvektoren - BOKI Industries a.s.","robots":{"index":"index","follow":"follow","max-snippet":"max-snippet:-1","max-image-preview":"max-image-preview:large","max-video-preview":"max-video-preview:-1"},"canonical":"https:\/\/www.bokiheating.com\/de\/produkte\/podlahove-konvektory\/","og_locale":"de_DE","og_type":"article","og_title":"Unterflurkonvektoren - BOKI Industries a.s.","og_description":"Unterflurkonvektoren InFloor BOKI-Unterflurkonvektoren sind die ideale L\u00f6sung f\u00fcr jedes Geb\u00e4ude, in dem sowohl \u00c4sthetik als auch Funktionalit\u00e4t gefragt sind. Aufgrund des Bodeneinbaus wird dieser Konvektortyp am h\u00e4ufigsten in Kombination mit Fenstert\u00fcren oder gro\u00dfen Glasfl\u00e4chen verwendet. Ein gro\u00dfer Vorteil dieser Konvektoren ist die geringe Wassermenge im W\u00e4rmetauscher (im Vergleich zu herk\u00f6mmlichen Heizk\u00f6rpern), die eine schnelle Erw\u00e4rmung...","og_url":"https:\/\/www.bokiheating.com\/de\/produkte\/podlahove-konvektory\/","og_site_name":"BOKI Industries a.s.","article_modified_time":"2022-04-05T12:22:39+00:00","og_image":[{"width":1200,"height":630,"url":"https:\/\/www.bokiheating.com\/wp-content\/uploads\/2021\/09\/Boki_OG.jpeg","type":"image\/jpeg"}],"twitter_card":"summary_large_image","twitter_misc":{"Gesch\u00e4tzte Lesezeit":"1\u00a0Minute"},"schema":{"@context":"https:\/\/schema.org","@graph":[{"@type":"WebPage","@id":"https:\/\/www.bokiheating.com\/de\/produkte\/podlahove-konvektory\/","url":"https:\/\/www.bokiheating.com\/de\/produkte\/podlahove-konvektory\/","name":"Unterflurkonvektoren - BOKI Industries a.s.","isPartOf":{"@id":"https:\/\/www.bokiheating.com\/de\/#website"},"datePublished":"2022-01-27T10:03:05+00:00","dateModified":"2022-04-05T12:22:39+00:00","breadcrumb":{"@id":"https:\/\/www.bokiheating.com\/de\/produkte\/podlahove-konvektory\/#breadcrumb"},"inLanguage":"de","potentialAction":[{"@type":"ReadAction","target":["https:\/\/www.bokiheating.com\/de\/produkte\/podlahove-konvektory\/"]}]},{"@type":"BreadcrumbList","@id":"https:\/\/www.bokiheating.com\/de\/produkte\/podlahove-konvektory\/#breadcrumb","itemListElement":[{"@type":"ListItem","position":1,"name":"Einf\u00fchrung","item":"https:\/\/www.bokiheating.com\/de\/startseite\/"},{"@type":"ListItem","position":2,"name":"Produkte","item":"https:\/\/www.bokiheating.com\/de\/produkte\/"},{"@type":"ListItem","position":3,"name":"Unterflurkonvektoren"}]},{"@type":"WebSite","@id":"https:\/\/www.bokiheating.com\/de\/#website","url":"https:\/\/www.bokiheating.com\/de\/","name":"BOKI Industries a.s.","description":"","publisher":{"@id":"https:\/\/www.bokiheating.com\/de\/#organization"},"potentialAction":[{"@type":"SearchAction","target":{"@type":"EntryPoint","urlTemplate":"https:\/\/www.bokiheating.com\/de\/?s={search_term_string}"},"query-input":{"@type":"PropertyValueSpecification","valueRequired":true,"valueName":"search_term_string"}}],"inLanguage":"de"},{"@type":"Organization","@id":"https:\/\/www.bokiheating.com\/de\/#organization","name":"BOKI Industries a.s.","url":"https:\/\/www.bokiheating.com\/de\/","logo":{"@type":"ImageObject","inLanguage":"de","@id":"https:\/\/www.bokiheating.com\/de\/#\/schema\/logo\/image\/","url":"https:\/\/www.bokiheating.com\/wp-content\/uploads\/2021\/07\/logo.svg","contentUrl":"https:\/\/www.bokiheating.com\/wp-content\/uploads\/2021\/07\/logo.svg","width":132,"height":47,"caption":"BOKI Industries a.s."},"image":{"@id":"https:\/\/www.bokiheating.com\/de\/#\/schema\/logo\/image\/"}}]}},"_links":{"self":[{"href":"https:\/\/www.bokiheating.com\/de\/wp-json\/wp\/v2\/pages\/1715","targetHints":{"allow":["GET"]}}],"collection":[{"href":"https:\/\/www.bokiheating.com\/de\/wp-json\/wp\/v2\/pages"}],"about":[{"href":"https:\/\/www.bokiheating.com\/de\/wp-json\/wp\/v2\/types\/page"}],"author":[{"embeddable":true,"href":"https:\/\/www.bokiheating.com\/de\/wp-json\/wp\/v2\/users\/5"}],"replies":[{"embeddable":true,"href":"https:\/\/www.bokiheating.com\/de\/wp-json\/wp\/v2\/comments?post=1715"}],"version-history":[{"count":2,"href":"https:\/\/www.bokiheating.com\/de\/wp-json\/wp\/v2\/pages\/1715\/revisions"}],"predecessor-version":[{"id":2163,"href":"https:\/\/www.bokiheating.com\/de\/wp-json\/wp\/v2\/pages\/1715\/revisions\/2163"}],"up":[{"embeddable":true,"href":"https:\/\/www.bokiheating.com\/de\/wp-json\/wp\/v2\/pages\/1725"}],"wp:attachment":[{"href":"https:\/\/www.bokiheating.com\/de\/wp-json\/wp\/v2\/media?parent=1715"}],"curies":[{"name":"wp","href":"https:\/\/api.w.org\/{rel}","templated":true}]}}