{"id":1709,"date":"2022-01-27T10:57:02","date_gmt":"2022-01-27T09:57:02","guid":{"rendered":"https:\/\/www.bokiheating.com\/?page_id=1709"},"modified":"2022-04-20T12:36:09","modified_gmt":"2022-04-20T10:36:09","slug":"umsetzung","status":"publish","type":"page","link":"https:\/\/www.bokiheating.com\/de\/umsetzung\/","title":{"rendered":"Umsetzung"},"content":{"rendered":"<div class=\"d-none\" style=\"display: none;\">\n<h3>Unsere Umsetzung<\/h3>\n<h3>Sehen Sie unsere Realisierungen mit Kunden<\/h3>\n<h3>Standard oder ma\u00dfgeschneidert, wir k\u00f6nnen alles erledigen<\/h3>\n<h3>Unser Unternehmen besch\u00e4ftigt sich mit der Herstellung von Unterflur-, OnFloor- und Wandkonvektoren sowie Designheizk\u00f6rpern. Unsere Produkte sind f\u00fcr ihre hervorragende Verarbeitung bekannt. Eine weitere St\u00e4rke ist unser individueller Umgang mit dem Kunden, auch mit seinen atypischen Anforderungen. Wir haben Kunden nicht nur in der Tschechischen Republik, sondern auch in vielen anderen L\u00e4ndern. Unser Unternehmen ist stark exportorientiert. Au\u00dfer in der Tschechischen Republik und der Slowakei sind wir auch auf ausl\u00e4ndischen M\u00e4rkten t\u00e4tig. Dazu geh\u00f6ren Polen, \u00d6sterreich, Deutschland, Russland, Rum\u00e4nien, Ungarn, die baltischen Staaten, D\u00e4nemark, Schweden, Finnland und Norwegen. Das Wichtigste f\u00fcr uns ist ein zufriedener und wiederkehrender Kunde. Hier k\u00f6nnen Sie unsere Erkenntnisse sehen.<\/h3>\n<p>&nbsp;<\/p>\n<h3>Warum mit Konvektoren heizen<\/h3>\n<h3>https:\/\/www.bokiheating.com\/proc-topit-konvektory\/<\/h3>\n<h3>0<\/h3>\n<h3>Wir sind der exklusive Lieferant der Marke PURMO<\/h3>\n<h3>Warum BOKI Heating w\u00e4hlen<\/h3>\n<h3>Brauchen Sie einen Rat?<\/h3>\n<\/div>\n<div class='d-none' style='display:none;'>\n<h3>Unsere Umsetzung<\/h3>\n<h3>Sehen Sie unsere Realisierungen mit Kunden<\/h3>\n<h3>Standard oder ma\u00dfgeschneidert, wir k\u00f6nnen alles erledigen<\/h3>\n<h3>Unser Unternehmen besch\u00e4ftigt sich mit der Herstellung von Unterflur-, OnFloor- und Wandkonvektoren sowie Designheizk\u00f6rpern. Unsere Produkte sind f\u00fcr ihre hervorragende Verarbeitung bekannt. Eine weitere St\u00e4rke ist unser individueller Umgang mit dem Kunden, auch mit seinen atypischen Anforderungen. Wir haben Kunden nicht nur in der Tschechischen Republik, sondern auch in vielen anderen L\u00e4ndern. Unser Unternehmen ist stark exportorientiert. Au\u00dfer in der Tschechischen Republik und der Slowakei sind wir auch auf ausl\u00e4ndischen M\u00e4rkten t\u00e4tig. Dazu geh\u00f6ren Polen, \u00d6sterreich, Deutschland, Russland, Rum\u00e4nien, Ungarn, die baltischen Staaten, D\u00e4nemark, Schweden, Finnland und Norwegen. Das Wichtigste f\u00fcr uns ist ein zufriedener und wiederkehrender Kunde. Hier k\u00f6nnen Sie unsere Erkenntnisse sehen.<\/p>\n<p>&nbsp;<\/h3>\n<h3>Warum mit Konvektoren heizen<\/h3>\n<h3>https:\/\/www.bokiheating.com\/proc-topit-konvektory\/<\/h3>\n<h3>0<\/h3>\n<h3>Wir sind der exklusive Lieferant der Marke PURMO<\/h3>\n<h3>Warum BOKI Heating w\u00e4hlen<\/h3>\n<h3>Brauchen Sie einen Rat?<\/h3>\n<\/div>\n","protected":false},"excerpt":{"rendered":"<p>Unsere Umsetzung Sehen Sie unsere Realisierungen mit Kunden Standard oder ma\u00dfgeschneidert, wir k\u00f6nnen alles erledigen Unser Unternehmen besch\u00e4ftigt sich mit der Herstellung von Unterflur-, OnFloor- und Wandkonvektoren sowie Designheizk\u00f6rpern. Unsere Produkte sind f\u00fcr ihre hervorragende Verarbeitung bekannt. Eine weitere St\u00e4rke ist unser individueller Umgang mit dem Kunden, auch mit seinen atypischen Anforderungen. Wir haben Kunden&#8230;<\/p>\n","protected":false},"author":5,"featured_media":0,"parent":0,"menu_order":0,"comment_status":"closed","ping_status":"closed","template":"pages\/page-blocks.php","meta":{"footnotes":""},"class_list":["post-1709","page","type-page","status-publish","hentry"],"yoast_head":"<!-- This site is optimized with the Yoast SEO plugin v25.6 - https:\/\/yoast.com\/wordpress\/plugins\/seo\/ -->\n<title>Umsetzung - BOKI Industries a.s.<\/title>\n<meta name=\"robots\" content=\"index, follow, max-snippet:-1, max-image-preview:large, max-video-preview:-1\" \/>\n<link rel=\"canonical\" href=\"https:\/\/www.bokiheating.com\/de\/umsetzung\/\" \/>\n<meta property=\"og:locale\" content=\"de_DE\" \/>\n<meta property=\"og:type\" content=\"article\" \/>\n<meta property=\"og:title\" content=\"Umsetzung - BOKI Industries a.s.\" \/>\n<meta property=\"og:description\" content=\"Unsere Umsetzung Sehen Sie unsere Realisierungen mit Kunden Standard oder ma\u00dfgeschneidert, wir k\u00f6nnen alles erledigen Unser Unternehmen besch\u00e4ftigt sich mit der Herstellung von Unterflur-, OnFloor- und Wandkonvektoren sowie Designheizk\u00f6rpern. Unsere Produkte sind f\u00fcr ihre hervorragende Verarbeitung bekannt. Eine weitere St\u00e4rke ist unser individueller Umgang mit dem Kunden, auch mit seinen atypischen Anforderungen. Wir haben Kunden...\" \/>\n<meta property=\"og:url\" content=\"https:\/\/www.bokiheating.com\/de\/umsetzung\/\" \/>\n<meta property=\"og:site_name\" content=\"BOKI Industries a.s.\" \/>\n<meta property=\"article:modified_time\" content=\"2022-04-20T10:36:09+00:00\" \/>\n<meta property=\"og:image\" content=\"https:\/\/www.bokiheating.com\/wp-content\/uploads\/2021\/09\/Boki_OG.jpeg\" \/>\n\t<meta property=\"og:image:width\" content=\"1200\" \/>\n\t<meta property=\"og:image:height\" content=\"630\" \/>\n\t<meta property=\"og:image:type\" content=\"image\/jpeg\" \/>\n<meta name=\"twitter:card\" content=\"summary_large_image\" \/>\n<meta name=\"twitter:label1\" content=\"Gesch\u00e4tzte Lesezeit\" \/>\n\t<meta name=\"twitter:data1\" content=\"2\u00a0Minuten\" \/>\n<!-- \/ Yoast SEO plugin. -->","yoast_head_json":{"title":"Umsetzung - BOKI Industries a.s.","robots":{"index":"index","follow":"follow","max-snippet":"max-snippet:-1","max-image-preview":"max-image-preview:large","max-video-preview":"max-video-preview:-1"},"canonical":"https:\/\/www.bokiheating.com\/de\/umsetzung\/","og_locale":"de_DE","og_type":"article","og_title":"Umsetzung - BOKI Industries a.s.","og_description":"Unsere Umsetzung Sehen Sie unsere Realisierungen mit Kunden Standard oder ma\u00dfgeschneidert, wir k\u00f6nnen alles erledigen Unser Unternehmen besch\u00e4ftigt sich mit der Herstellung von Unterflur-, OnFloor- und Wandkonvektoren sowie Designheizk\u00f6rpern. Unsere Produkte sind f\u00fcr ihre hervorragende Verarbeitung bekannt. Eine weitere St\u00e4rke ist unser individueller Umgang mit dem Kunden, auch mit seinen atypischen Anforderungen. Wir haben Kunden...","og_url":"https:\/\/www.bokiheating.com\/de\/umsetzung\/","og_site_name":"BOKI Industries a.s.","article_modified_time":"2022-04-20T10:36:09+00:00","og_image":[{"width":1200,"height":630,"url":"https:\/\/www.bokiheating.com\/wp-content\/uploads\/2021\/09\/Boki_OG.jpeg","type":"image\/jpeg"}],"twitter_card":"summary_large_image","twitter_misc":{"Gesch\u00e4tzte Lesezeit":"2\u00a0Minuten"},"schema":{"@context":"https:\/\/schema.org","@graph":[{"@type":"WebPage","@id":"https:\/\/www.bokiheating.com\/de\/umsetzung\/","url":"https:\/\/www.bokiheating.com\/de\/umsetzung\/","name":"Umsetzung - BOKI Industries a.s.","isPartOf":{"@id":"https:\/\/www.bokiheating.com\/de\/#website"},"datePublished":"2022-01-27T09:57:02+00:00","dateModified":"2022-04-20T10:36:09+00:00","breadcrumb":{"@id":"https:\/\/www.bokiheating.com\/de\/umsetzung\/#breadcrumb"},"inLanguage":"de","potentialAction":[{"@type":"ReadAction","target":["https:\/\/www.bokiheating.com\/de\/umsetzung\/"]}]},{"@type":"BreadcrumbList","@id":"https:\/\/www.bokiheating.com\/de\/umsetzung\/#breadcrumb","itemListElement":[{"@type":"ListItem","position":1,"name":"Einf\u00fchrung","item":"https:\/\/www.bokiheating.com\/de\/startseite\/"},{"@type":"ListItem","position":2,"name":"Umsetzung"}]},{"@type":"WebSite","@id":"https:\/\/www.bokiheating.com\/de\/#website","url":"https:\/\/www.bokiheating.com\/de\/","name":"BOKI Industries a.s.","description":"","publisher":{"@id":"https:\/\/www.bokiheating.com\/de\/#organization"},"potentialAction":[{"@type":"SearchAction","target":{"@type":"EntryPoint","urlTemplate":"https:\/\/www.bokiheating.com\/de\/?s={search_term_string}"},"query-input":{"@type":"PropertyValueSpecification","valueRequired":true,"valueName":"search_term_string"}}],"inLanguage":"de"},{"@type":"Organization","@id":"https:\/\/www.bokiheating.com\/de\/#organization","name":"BOKI Industries a.s.","url":"https:\/\/www.bokiheating.com\/de\/","logo":{"@type":"ImageObject","inLanguage":"de","@id":"https:\/\/www.bokiheating.com\/de\/#\/schema\/logo\/image\/","url":"https:\/\/www.bokiheating.com\/wp-content\/uploads\/2021\/07\/logo.svg","contentUrl":"https:\/\/www.bokiheating.com\/wp-content\/uploads\/2021\/07\/logo.svg","width":132,"height":47,"caption":"BOKI Industries a.s."},"image":{"@id":"https:\/\/www.bokiheating.com\/de\/#\/schema\/logo\/image\/"}}]}},"_links":{"self":[{"href":"https:\/\/www.bokiheating.com\/de\/wp-json\/wp\/v2\/pages\/1709","targetHints":{"allow":["GET"]}}],"collection":[{"href":"https:\/\/www.bokiheating.com\/de\/wp-json\/wp\/v2\/pages"}],"about":[{"href":"https:\/\/www.bokiheating.com\/de\/wp-json\/wp\/v2\/types\/page"}],"author":[{"embeddable":true,"href":"https:\/\/www.bokiheating.com\/de\/wp-json\/wp\/v2\/users\/5"}],"replies":[{"embeddable":true,"href":"https:\/\/www.bokiheating.com\/de\/wp-json\/wp\/v2\/comments?post=1709"}],"version-history":[{"count":3,"href":"https:\/\/www.bokiheating.com\/de\/wp-json\/wp\/v2\/pages\/1709\/revisions"}],"predecessor-version":[{"id":2181,"href":"https:\/\/www.bokiheating.com\/de\/wp-json\/wp\/v2\/pages\/1709\/revisions\/2181"}],"wp:attachment":[{"href":"https:\/\/www.bokiheating.com\/de\/wp-json\/wp\/v2\/media?parent=1709"}],"curies":[{"name":"wp","href":"https:\/\/api.w.org\/{rel}","templated":true}]}}