{"id":1707,"date":"2022-01-27T10:55:56","date_gmt":"2022-01-27T09:55:56","guid":{"rendered":"https:\/\/www.bokiheating.com\/?page_id=1707"},"modified":"2022-04-20T12:30:06","modified_gmt":"2022-04-20T10:30:06","slug":"datenschutz","status":"publish","type":"page","link":"https:\/\/www.bokiheating.com\/de\/datenschutz\/","title":{"rendered":"Datenschutz"},"content":{"rendered":"<h1>Z\u00e1sady ochrany osobn\u00edch \u00fadaj\u016f<\/h1>\n<p><strong>Z\u00e1sady ochrany osobn\u00edch \u00fadaj\u016f<\/strong><\/p>\n<p><strong>Ochrana osobn\u00edch \u00fadaj\u016f<\/strong><\/p>\n<h2><strong>1. \u00davodn\u00ed ustanoven\u00ed<\/strong><\/h2>\n<p>1.1 BOKI Industries a.s., I\u010cO: 25767101, se s\u00eddlem Na Per\u0161t\u00fdn\u011b 362\/2, Star\u00e9 M\u011bsto Praha 1 11000, zapsan\u00e1 jako B 5950 veden\u00e1 u RS v Praze (d\u00e1le jen \u201eBOKI Industries a.s.\u201c), jako\u017eto spr\u00e1vce osobn\u00edch \u00fadaj\u016f pln\u011b respektuje pr\u00e1vo na soukrom\u00ed sv\u00fdch klient\u016f (d\u00e1le tak\u00e9 jen \u201esubjekt \u00fadaj\u016f\u201c) a s t\u00edm souvisej\u00edc\u00ed pr\u00e1va, a proto p\u0159ijala tyto z\u00e1sady zpracov\u00e1n\u00ed osobn\u00edch \u00fadaj\u016f.<\/p>\n<p>1.2 Tyto z\u00e1sady zpracov\u00e1n\u00ed osobn\u00edch \u00fadaj\u016f p\u0159edstavuj\u00ed informace pro klienty BOKI Industries a.s. o zp\u016fsobu a rozsahu zpracov\u00e1n\u00ed osobn\u00edch \u00fadaj\u016f ze strany BOKI Industries a.s., v\u010detn\u011b rozsahu pr\u00e1v subjekt\u016f \u00fadaj\u016f souvisej\u00edc\u00edch se zpracov\u00e1n\u00edm jejich osobn\u00edch \u00fadaj\u016f ze strany BOKI Industries a.s.<\/p>\n<p>1.3 BOKI Industries a.s. zpracov\u00e1v\u00e1 osobn\u00ed \u00fadaje v souladu s Na\u0159\u00edzen\u00edm Evropsk\u00e9ho parlamentu a Rady (EU) 2016\/679 ze dne 27. dubna 2016 o ochran\u011b fyzick\u00fdch osob v souvislosti se zpracov\u00e1n\u00edm osobn\u00edch \u00fadaj\u016f a o voln\u00e9m pohybu t\u011bchto \u00fadaj\u016f a o zru\u0161en\u00ed sm\u011brnice 95\/46\/ES (obecn\u00e9 na\u0159\u00edzen\u00ed o ochran\u011b osobn\u00edch \u00fadaj\u016f), v platn\u00e9m zn\u011bn\u00ed (d\u00e1le jen \u201eNa\u0159\u00edzen\u00ed\u201c) a d\u00e1le v souladu s relevantn\u00edmi vnitrost\u00e1tn\u00edmi platn\u00fdmi pr\u00e1vn\u00edmi p\u0159edpisy v oblasti ochrany osobn\u00edch \u00fadaj\u016f.<\/p>\n<h2><strong>2. Vymezen\u00ed zpracov\u00e1van\u00fdch osobn\u00edch \u00fadaj\u016f<\/strong><\/h2>\n<p>2.1 BOKI Industries a.s. zpracov\u00e1v\u00e1 zejm\u00e9na, nikoli v\u0161ak v\u00fdlu\u010dn\u011b, tyto osobn\u00ed \u00fadaje:<\/p>\n<p>identifika\u010dn\u00ed a adresn\u00ed \u00fadaje (jm\u00e9no, p\u0159\u00edjmen\u00ed, datum narozen\u00ed, rodn\u00e9 \u010d\u00edslo, adresa trval\u00e9ho nebo jin\u00e9ho pobytu, u fyzick\u00e9 osoby podnikatele n\u00e1zev firmy, DI\u010c a I\u010cO, s\u00eddlo, m\u00edsto podnik\u00e1n\u00ed),<\/p>\n<p>kontaktn\u00ed \u00fadaje (klientem uveden\u00e1 kontaktn\u00ed \u010di faktura\u010dn\u00ed adresa, telefonn\u00ed \u010di faxov\u00e9 \u010d\u00edslo, e-mailov\u00e1 adresa, pop\u0159. jin\u00fd klientem poskytnut\u00fd kontaktn\u00ed \u00fadaj),<\/p>\n<p>dal\u0161\u00ed osobn\u00ed \u00fadaje (nap\u0159. sociodemografick\u00e9 \u00fadaje, \u00fadaje o osobn\u00edch preferenc\u00edch a chov\u00e1n\u00ed \u010di lokaliza\u010dn\u00ed \u00fadaje v\u010detn\u011b IP nebo URL adresy).<\/p>\n<p>2.2 BOKI Industries a.s. nezpracov\u00e1v\u00e1 zvl\u00e1\u0161tn\u00ed kategorie osobn\u00edch \u00fadaj\u016f (tj. citliv\u00e9 \u00fadaje).<\/p>\n<p>2.3 BOKI Industries a.s. zpracov\u00e1v\u00e1 osobn\u00ed \u00fadaje pouze v souladu s n\u00ed\u017ee uveden\u00fdmi \u00fa\u010dely a v rozsahu a po dobu nezbytnou pro napln\u011bn\u00ed t\u011bchto stanoven\u00fdch \u00fa\u010del\u016f.<\/p>\n<h2><strong>3. \u00da\u010dely zpracov\u00e1n\u00ed osobn\u00edch \u00fadaj\u016f a jejich pr\u00e1vn\u00ed tituly<\/strong><\/h2>\n<p>BOKI Industries a.s. zpracov\u00e1v\u00e1 osobn\u00ed \u00fadaje klient\u016f zejm\u00e9na, nikoli v\u0161ak v\u00fdlu\u010dn\u011b, pro tyto \u00fa\u010dely:<\/p>\n<ul>\n<li>Dod\u00e1n\u00ed a poskytnut\u00ed a realizace objednan\u00e9 slu\u017eby<br \/>\nV tomto p\u0159\u00edpad\u011b je zpracov\u00e1n\u00ed osobn\u00edch \u00fadaj\u016f nezbytn\u00e9 pro jedn\u00e1n\u00ed o uzav\u0159en\u00ed nebo zm\u011bn\u011b smlouvy, jej\u00ed\u017e smluvn\u00ed stranou je subjekt \u00fadaj\u016f, a pro n\u00e1sledn\u00e9 pln\u011bn\u00ed takov\u00e9 smlouvy a fakturaci dodan\u00fdch slu\u017eeb.<br \/>\nV p\u0159\u00edpad\u011b tvorby objedn\u00e1vky BOKI Industries a.s. shroma\u017e\u010fuje a zpracov\u00e1v\u00e1 osobn\u00ed \u00fadaje subjektu \u00fadaj\u016f v rozsahu \u2013 jm\u00e9no, p\u0159\u00edjmen\u00ed, adresa, datum narozen\u00ed, telefonn\u00ed \u010d\u00edslo, e-mailov\u00e1 adresa. Sd\u011blen\u00ed t\u011bchto osobn\u00edch \u00fadaj\u016f subjektem \u00fadaj\u016f je z\u00e1kladn\u00edm p\u0159edpokladem pro uzav\u0159en\u00ed nebo zm\u011bnu p\u0159\u00edslu\u0161n\u00e9 smlouvy, p\u0159i\u010dem\u017e zde poskytnut\u00ed osobn\u00edch \u00fadaj\u016f slou\u017e\u00ed prim\u00e1rn\u011b k jednozna\u010dn\u00e9 a nezam\u011bniteln\u00e9 identifikaci subjektu \u00fadaj\u016f, p\u0159\u00edpadn\u011b k jeho kontaktov\u00e1n\u00ed.<br \/>\nBOKI Industries a.s. d\u00e1le v souvislosti s poskytov\u00e1n\u00edm slu\u017eeb m\u016f\u017ee zpracov\u00e1vat osobn\u00ed \u00fadaje subjektu \u00fadaj\u016f v rozsahu, kter\u00fd vypl\u00fdv\u00e1 z konkr\u00e9tn\u00ed smlouvy \u010di ze z\u00e1kona (nap\u0159. v p\u0159\u00edpad\u011b pot\u0159eby personalizace objedn\u00e1vky profilov\u00e9 \u00fadaje subjektu \u00fadaj\u016f), p\u0159i administraci a vytv\u00e1\u0159en\u00ed \u00fa\u010dt\u016f na webu, pou\u017e\u00edv\u00e1n\u00ed webov\u00fdch aplikac\u00ed apod.<\/li>\n<li>Ochrana pr\u00e1v BOKI Industries a.s. v p\u0159\u00edpad\u011b sporu s klientem<br \/>\nV\u00fd\u0161e uveden\u00fd rozsah osobn\u00edch \u00fadaj\u016f je BOKI Industries a.s. opr\u00e1vn\u011bn rovn\u011b\u017e zpracov\u00e1vat za \u00fa\u010delem ochrany sv\u00fdch pr\u00e1v v p\u0159\u00edpad\u011b sporu s klientem.<\/li>\n<li>Tvorba a evidence obchodn\u00edch p\u0159\u00edle\u017eitost\u00ed a obchodn\u00ed komunikace<br \/>\nV\u00fd\u0161e uveden\u00e9 osobn\u00ed \u00fadaje d\u00e1le BOKI Industries a.s. zpracov\u00e1v\u00e1 v r\u00e1mci tvorby a evidence obchodn\u00edch p\u0159\u00edle\u017eitost\u00ed a pro realizaci obchodn\u00ed komunikace.<\/li>\n<li>Identifikace klienta<br \/>\nV tomto p\u0159\u00edpad\u011b doch\u00e1z\u00ed ke zpracov\u00e1n\u00ed osobn\u00edch \u00fadaj\u016f v rozsahu \u2013 jm\u00e9no, p\u0159\u00edjmen\u00ed, trval\u00fd nebo jin\u00fd pobyt, rodn\u00e9 \u010d\u00edslo nebo datum narozen\u00ed, druh a \u010d\u00edslo pr\u016fkazu toto\u017enosti, st\u00e1t, pop\u0159\u00edpad\u011b org\u00e1n, kter\u00fd jej vydal, a dobu jeho platnosti, a je nezbytn\u00e9 pro spln\u011bn\u00ed pr\u00e1vn\u00ed povinnosti BOKI Industries a.s. p\u0159i platb\u011b v hotovosti nad limit stanoven\u00fd z\u00e1konem \u010d. 253\/2008 Sb., o n\u011bkter\u00fdch opat\u0159en\u00edch proti legalizaci v\u00fdnos\u016f z trestn\u00e9 \u010dinnosti a financov\u00e1n\u00ed terorismu, v platn\u00e9m zn\u011bn\u00ed.<\/li>\n<li>Zas\u00edl\u00e1n\u00ed obchodn\u00edch sd\u011blen\u00ed v\u010detn\u011b nab\u00eddek produkt\u016f a slu\u017eeb BOKI Industries a.s. a informac\u00ed o po\u0159\u00e1dan\u00fdch marketingov\u00fdch \u010di jin\u00fdch akc\u00edch prost\u0159ednictv\u00edm elektronick\u00fdch prost\u0159edk\u016f ve smyslu z\u00e1kona \u010d. 480\/2004 Sb., o n\u011bkter\u00fdch slu\u017eb\u00e1ch informa\u010dn\u00ed spole\u010dnosti, v platn\u00e9m zn\u011bn\u00ed.<br \/>\nV tomto p\u0159\u00edpad\u011b BOKI Industries a.s. shroma\u017e\u010fuje a zpracov\u00e1v\u00e1 osobn\u00ed \u00fadaje subjekt\u016f \u00fadaj\u016f v rozsahu \u2013 jm\u00e9no, p\u0159\u00edjmen\u00ed, datum narozen\u00ed, adresa, telefonn\u00ed \u010d\u00edslo, e-mailov\u00e1 adresa, st\u00e1tn\u00ed p\u0159\u00edslu\u0161nost, a to pouze na z\u00e1klad\u011b dobrovoln\u011b ud\u011blen\u00e9ho souhlasu se zpracov\u00e1n\u00edm osobn\u00edch \u00fadaj\u016f. Tento souhlas se zpracov\u00e1n\u00edm osobn\u00edch \u00fadaj\u016f m\u016f\u017ee subjekt \u00fadaj\u016f kdykoliv odvolat, a to p\u00edsemn\u00fdm ozn\u00e1men\u00edm doru\u010den\u00fdm BOKI Industries a.s. prost\u0159ednictv\u00edm n\u00ed\u017ee uveden\u00fdch kontaktn\u00edch \u00fadaj\u016f. Odvol\u00e1n\u00edm souhlasu nen\u00ed dot\u010dena z\u00e1konnost zpracov\u00e1n\u00ed vych\u00e1zej\u00edc\u00edho ze souhlasu p\u0159ed jeho odvol\u00e1n\u00edm. Odvol\u00e1n\u00ed souhlasu nem\u00e1 vliv na zpracov\u00e1n\u00ed osobn\u00edch \u00fadaj\u016f, kter\u00e9 BOKI Industries a.s. zpracov\u00e1v\u00e1 na z\u00e1klad\u011b jin\u00e9ho pr\u00e1vn\u00edho titulu, ne\u017e je souhlas (nap\u0159. pln\u011bn\u00ed smlouvy \u010di pr\u00e1vn\u00ed povinnosti).<\/li>\n<\/ul>\n<h2><strong>4. Zabezpe\u010den\u00ed a p\u0159\u00edstup k osobn\u00edm \u00fadaj\u016fm<\/strong><\/h2>\n<p>4.1 BOKI Industries a.s. vyu\u017e\u00edv\u00e1 v\u0161ech nezbytn\u00fdch technick\u00fdch a organiza\u010dn\u00edch opat\u0159en\u00ed k zaji\u0161t\u011bn\u00ed bezpe\u010dnosti a d\u016fv\u011brnosti v\u0161ech osobn\u00edch \u00fadaj\u016f subjekt\u016f \u00fadaj\u016f, zejm\u00e9na aby nedo\u0161lo k neopr\u00e1vn\u011bn\u00e9mu nebo nahodil\u00e9mu p\u0159\u00edstupu k t\u011bmto \u00fadaj\u016fm, k jejich zm\u011bn\u011b, zni\u010den\u00ed \u010di ztr\u00e1t\u011b, neopr\u00e1vn\u011bn\u00e9mu poskytnut\u00ed \u010di p\u0159enos\u016fm, jako\u017e i k jejich jin\u00e9mu neopr\u00e1vn\u011bn\u00e9mu zpracov\u00e1n\u00ed \u010di zneu\u017eit\u00ed.<\/p>\n<p>4.2 Osobn\u00ed \u00fadaje mohou b\u00fdt pro zaji\u0161t\u011bn\u00ed v\u00fd\u0161e popsan\u00fdch \u00fa\u010del\u016f vedle BOKI Industries a.s. a jeho pov\u011b\u0159en\u00fdch zam\u011bstnanc\u016f zpracov\u00e1v\u00e1ny tak\u00e9 obchodn\u00edmi partnery BOKI Industries a.s. Extern\u00ed partnery, kte\u0159\u00ed jako zpracovatel\u00e9 mohou zpracov\u00e1vat osobn\u00ed \u00fadaje subjektu \u00fadaj\u016f, si BOKI Industries a.s. pe\u010dliv\u011b vyb\u00edr\u00e1 a sv\u011b\u0159\u00ed osobn\u00ed \u00fadaje pouze t\u011bm, kte\u0159\u00ed poskytuj\u00ed dostate\u010dn\u00e9 z\u00e1ruky zaji\u0161t\u011bn\u00ed vhodn\u00fdch technick\u00fdch a organiza\u010dn\u00edch opat\u0159en\u00ed k zaji\u0161t\u011bn\u00ed bezpe\u010dnosti osobn\u00edch \u00fadaj\u016f.<\/p>\n<p>4.3 Dal\u0161\u00edmi subjekty, kter\u00e9 mohou m\u00edt p\u0159\u00edstup k osobn\u00edm \u00fadaj\u016fm klient\u016f, jsou \u010di v budoucnu mohou b\u00fdt zejm\u00e9na, nikoli v\u0161ak v\u00fdlu\u010dn\u011b:<\/p>\n<ul>\n<li>osoby, kter\u00e9 pro BOKI Industries a.s. zaji\u0161\u0165uj\u00ed technick\u00fd provoz ur\u010dit\u00e9 slu\u017eby \u010di provozovatel\u00e9 technologi\u00ed, kter\u00e9 BOKI Industries a.s. pro tyto slu\u017eby vyu\u017e\u00edv\u00e1;<\/li>\n<li>osoby, kter\u00fdm BOKI Industries a.s. poskytuje \u00fadaje za \u00fa\u010delem anal\u00fdzy a m\u011b\u0159en\u00ed prodejn\u00edch aktivit;<\/li>\n<li>osoby, kter\u00e9 pro BOKI Industries a.s. zaji\u0161\u0165uj\u00ed n\u011bkter\u00e9 souvisej\u00edc\u00ed slu\u017eby s poskytov\u00e1n\u00edm produkt\u016f a slu\u017eeb BOKI Industries a.s. nebo zas\u00edl\u00e1n\u00edm obchodn\u00edch sd\u011blen\u00ed;<\/li>\n<li>obchodn\u00ed partne\u0159i, kte\u0159\u00ed se pod\u00edlej\u00ed na organizaci spole\u010densk\u00fdch a marketingov\u00fdch akc\u00ed BOKI Industries a.s.;<\/li>\n<li>advok\u00e1tn\u00ed kancel\u00e1\u0159e za \u00fa\u010delem vym\u00e1h\u00e1n\u00ed pohled\u00e1vek BOKI Industries a.s.<\/li>\n<\/ul>\n<p>4.4 BOKI Industries a.s. je d\u00e1le povinno n\u011bkter\u00e9 osobn\u00ed \u00fadaje p\u0159ed\u00e1vat na z\u00e1klad\u011b platn\u00fdch pr\u00e1vn\u00edch p\u0159edpis\u016f, a to zejm\u00e9na org\u00e1n\u016fm st\u00e1tn\u00ed spr\u00e1vy, soud\u016fm, org\u00e1n\u016fm \u010dinn\u00fdm v trestn\u00edm \u0159\u00edzen\u00ed v souvislosti s p\u0159\u00edpadn\u00fdm spr\u00e1vn\u00edm, trestn\u00edm \u010di ob\u010danskopr\u00e1vn\u00edm \u0159\u00edzen\u00edm.<\/p>\n<h2><strong>5. Doba zpracov\u00e1v\u00e1n\u00ed osobn\u00edch \u00fadaj\u016f<\/strong><\/h2>\n<p>5.1 BOKI Industries a.s. zpracov\u00e1v\u00e1 osobn\u00ed \u00fadaje po dobu trv\u00e1n\u00ed smluvn\u00edho vztahu a d\u00e1le po dobu nezbytn\u011b nutnou pro zaji\u0161t\u011bn\u00ed vz\u00e1jemn\u00fdch pr\u00e1v a povinnost\u00ed vypl\u00fdvaj\u00edc\u00edch ze smlouvy.<\/p>\n<p>5.2 V p\u0159\u00edpad\u011b pln\u011bn\u00ed pr\u00e1vn\u00edch povinnost\u00ed BOKI Industries a.s. zpracov\u00e1v\u00e1 osobn\u00ed \u00fadaje po dobu stanovenou p\u0159\u00edslu\u0161n\u00fdmi pr\u00e1vn\u00edmi p\u0159edpisy.<\/p>\n<p>5.3 V p\u0159\u00edpad\u011b, \u017ee BOKI Industries a.s. zpracov\u00e1v\u00e1 osobn\u00ed \u00fadaje na z\u00e1klad\u011b souhlasu subjektu \u00fadaj\u016f, jsou osobn\u00ed \u00fadaje zpracov\u00e1v\u00e1ny po dobu uvedenou v souhlasu, pop\u0159. do doby odvol\u00e1n\u00ed souhlasu subjektem \u00fadaj\u016f.<\/p>\n<h2><strong>6. Pr\u00e1va subjektu \u00fadaj\u016f ve vztahu ke zpracov\u00e1n\u00ed osobn\u00edch \u00fadaj\u016f ze strany BOKI Industries a.s.<\/strong><\/h2>\n<p>Ve vztahu k osobn\u00edm \u00fadaj\u016fm m\u00e1 subjekt \u00fadaj\u016f n\u00e1sleduj\u00edc\u00ed pr\u00e1va:<\/p>\n<ul>\n<li>pr\u00e1vo kdykoli odvolat sv\u016fj souhlas se zpracov\u00e1n\u00edm osobn\u00edch \u00fadaj\u016f (pokud je zpracov\u00e1n\u00ed na souhlasu zalo\u017eeno);<\/li>\n<li>pr\u00e1vo na p\u0159\u00edstup k osobn\u00edm \u00fadaj\u016fm (pr\u00e1vo po\u017eadovat informaci, zda osobn\u00ed \u00fadaje, kter\u00e9 se subjektu \u00fadaj\u016f t\u00fdkaj\u00ed, jsou \u010di nejsou BOKI Industries a.s. zpracov\u00e1v\u00e1ny, a pokud je tomu tak, m\u00e1 subjekt \u00fadaj\u016f pr\u00e1vo z\u00edskat p\u0159\u00edstup k t\u011bmto osobn\u00edm \u00fadaj\u016fm a k dal\u0161\u00edm informac\u00edm dle \u010dl. 15 Na\u0159\u00edzen\u00ed);<\/li>\n<li>pr\u00e1vo na p\u0159enesen\u00ed \u00fadaj\u016f (pr\u00e1vo z\u00edskat osobn\u00ed \u00fadaje, kter\u00e9 se subjektu \u00fadaj\u016f t\u00fdkaj\u00ed, ve strukturovan\u00e9m, b\u011b\u017en\u011b pou\u017e\u00edvan\u00e9m a strojov\u011b \u010diteln\u00e9m form\u00e1tu, a pr\u00e1vo p\u0159edat tyto \u00fadaje jin\u00e9mu spr\u00e1vci; a d\u00e1le pr\u00e1vo na to, aby osobn\u00ed \u00fadaje byly p\u0159ed\u00e1ny p\u0159\u00edmo jedn\u00edm spr\u00e1vcem spr\u00e1vci druh\u00e9mu, je-li to technicky provediteln\u00e9);<\/li>\n<li>pr\u00e1vo na opravu (pr\u00e1vo po\u017eadovat, aby BOKI Industries a.s. bez zbyte\u010dn\u00e9ho odkladu opravil nep\u0159esn\u00e9 osobn\u00ed \u00fadaje, kter\u00e9 se subjektu \u00fadaj\u016f t\u00fdkaj\u00ed);<\/li>\n<li>pr\u00e1vo na omezen\u00ed zpracov\u00e1n\u00ed (pr\u00e1vo po\u017eadovat, aby BOKI Industries a.s. omezil zpracov\u00e1n\u00ed, mj. v p\u0159\u00edpad\u011b, \u017ee z d\u016fvodu uplatn\u011bn\u00ed pr\u00e1va na opravu, BOKI Industries a.s. ov\u011b\u0159uje spr\u00e1vnost \u00fadaj\u016f; nebo pokud by ze strany BOKI Industries a.s. byly osobn\u00ed \u00fadaje zpracov\u00e1v\u00e1ny protipr\u00e1vn\u011b, ale subjekt \u00fadaj\u016f nechce prov\u00e9st jejich v\u00fdmaz);<\/li>\n<li>pr\u00e1vo na v\u00fdmaz (pr\u00e1vo po\u017eadovat, aby BOKI Industries a.s. osobn\u00ed \u00fadaje subjektu \u00fadaj\u016f bez zbyte\u010dn\u00e9ho odkladu vymazal, mj. pokud osobn\u00ed \u00fadaje ji\u017e nejsou pot\u0159ebn\u00e9 pro \u00fa\u010dely, pro kter\u00e9 byly shrom\u00e1\u017ed\u011bny, nebo subjekt \u00fadaj\u016f odvolal souhlas, na jeho\u017e z\u00e1klad\u011b byly osobn\u00ed \u00fadaje BOKI Industries a.s. zpracov\u00e1v\u00e1ny a neexistuje \u017e\u00e1dn\u00fd dal\u0161\u00ed pr\u00e1vn\u00ed titul pro zpracov\u00e1n\u00ed, nebo pokud by ze strany BOKI Industries a.s. byly osobn\u00ed \u00fadaje zpracov\u00e1v\u00e1ny protipr\u00e1vn\u011b);<\/li>\n<li>pr\u00e1vo vzn\u00e9st n\u00e1mitku proti zpracov\u00e1n\u00ed;<\/li>\n<li>pr\u00e1vo obr\u00e1tit se sv\u00fdm podn\u011btem na \u00da\u0159ad pro ochranu osobn\u00edch \u00fadaj\u016f.<\/li>\n<\/ul>\n<h2><strong>7. Soubory cookie a Google Analytics<\/strong><\/h2>\n<p>7.1 BOKI Industries a.s. v r\u00e1mci sv\u00e9 \u010dinnosti vyu\u017e\u00edv\u00e1 tzv. cookies. Cookies jsou kr\u00e1tk\u00e9 textov\u00e9 soubory, kter\u00e9 server umis\u0165uje do u\u017eivatelova po\u010d\u00edta\u010de p\u0159i na\u010dten\u00ed webov\u00e9 str\u00e1nky. Technicky jde o s\u00e9rii k\u00f3d\u016f, podle kter\u00fdch prohl\u00ed\u017ee\u010d shroma\u017e\u010fuje a n\u00e1sledn\u011b odes\u00edl\u00e1 informace o chov\u00e1n\u00ed u\u017eivatele zp\u011bt na p\u0159\u00edslu\u0161n\u00fd server. Cookies slou\u017e\u00ed pro nastaven\u00ed obsahu webov\u00fdch str\u00e1nek vzhledem k preferenc\u00edm u\u017eivatele, optimalizaci vyu\u017eit\u00ed webov\u00fdch str\u00e1nek a zv\u00fd\u0161en\u00ed u\u017eivatelsk\u00e9ho komfortu a k z\u00edsk\u00e1n\u00ed informac\u00ed o vyu\u017eit\u00ed slu\u017eby a aktivit\u00e1ch u\u017eivatel\u016f pro jejich dal\u0161\u00ed anal\u00fdzu. Tyto informace napom\u00e1haj\u00ed zlep\u0161it strukturu a obsah webov\u00fdch str\u00e1nek BOKI Industries a.s.<\/p>\n<p>7.2 Soubory cookie m\u016f\u017ee ka\u017ed\u00fd u\u017eivatel pomoc\u00ed sv\u00e9ho webov\u00e9ho prohl\u00ed\u017ee\u010de odm\u00edtnout nebo nastavit u\u017e\u00edv\u00e1n\u00ed jen n\u011bkter\u00fdch soubor\u016f cookie. Omezen\u00ed pou\u017e\u00edv\u00e1n\u00ed cookie m\u016f\u017ee m\u00edt v\u0161ak vliv na n\u011bkter\u00e9 funkce, kter\u00e9 jsou d\u016fle\u017eit\u00e9 pro optim\u00e1ln\u00ed fungov\u00e1n\u00ed webov\u00fdch str\u00e1nek, a m\u016f\u017ee tak v\u00e9st ke zhor\u0161en\u00ed u\u017eivatelsk\u00e9ho komfortu.<\/p>\n<p>7.3 BOKI Industries a.s. v r\u00e1mci sv\u00e9 \u010dinnosti d\u00e1le vyu\u017e\u00edv\u00e1 dal\u0161\u00edch slu\u017eeb, jako je nap\u0159. Google Analytics (jde o anal\u00fdzu webov\u00fdch str\u00e1nek), kter\u00e1 umo\u017e\u0148uje z\u00edsk\u00e1vat statistick\u00e1 data o u\u017eivatel\u00edch webov\u00fdch str\u00e1nek, zejm\u00e9na m\u011b\u0159en\u00ed aktu\u00e1ln\u00ed i historick\u00e9 n\u00e1v\u0161t\u011bvnosti a chov\u00e1n\u00ed u\u017eivatel\u016f webov\u00fdch str\u00e1nek a jejich vlastnosti. C\u00edlem t\u00e9to anal\u00fdzy je nasb\u00edrat dostate\u010dn\u00e9 mno\u017estv\u00ed dat za \u00fa\u010delem p\u0159ijet\u00ed opat\u0159en\u00ed pro optimalizaci efektivity webov\u00e9 prezentace.<\/p>\n<p>7.4 V\u00fd\u0161e uveden\u00fdmi zp\u016fsoby jsou v\u0161ak osobn\u00ed \u00fadaje shroma\u017e\u010fov\u00e1ny a zpracov\u00e1v\u00e1ny pouze v anonymizovan\u00e9 podob\u011b bez mo\u017enosti jednozna\u010dn\u00e9 identifikace subjektu \u00fadaj\u016f.<\/p>\n<h2><strong>8. Mo\u017enosti kontaktov\u00e1n\u00ed BOKI Industries a.s.<\/strong><\/h2>\n<p>V p\u0159\u00edpad\u011b jak\u00e9hokoliv dotazu ke zpracov\u00e1n\u00ed osobn\u00edch \u00fadaj\u016f \u010di uplatn\u011bn\u00ed v\u00fd\u0161e uveden\u00fdch pr\u00e1v se subjekt \u00fadaj\u016f m\u016f\u017ee obr\u00e1tit na BOKI Industries a.s. p\u00edsemn\u011b na adrese www.bokiindustries.cz, \u010di na tel. \u010d. +420 321 400 200 nebo e-mailov\u00e9 adrese:\u00a0<u><a>info@bokigroup.eu<\/a><\/u>.<\/p>\n<h2><strong>9. Z\u00e1v\u011bre\u010dn\u00e1 ustanoven\u00ed<\/strong><\/h2>\n<p>9.1 Pr\u00e1va a povinnosti neupraven\u00e9 t\u011bmito z\u00e1sadami zpracov\u00e1n\u00ed osobn\u00edch \u00fadaj\u016f se \u0159\u00edd\u00ed na\u0159\u00edzen\u00edm a p\u0159\u00edslu\u0161n\u00fdmi vnitrost\u00e1tn\u00edmi platn\u00fdmi pr\u00e1vn\u00edmi p\u0159edpisy v oblasti ochrany osobn\u00edch \u00fadaj\u016f.<\/p>\n<p>9.2 Tyto z\u00e1sady zpracov\u00e1n\u00ed osobn\u00edch \u00fadaj\u016f jsou ve\u0159ejn\u011b p\u0159\u00edstupn\u00e9 na internetov\u00fdch str\u00e1nk\u00e1ch www.bokiindustries.com. S t\u011bmito z\u00e1sadami zpracov\u00e1n\u00ed osobn\u00edch \u00fadaj\u016f je subjekt \u00fadaj\u016f sezn\u00e1men p\u0159i uzav\u00edr\u00e1n\u00ed smlouvy \u010di poskytnut\u00ed slu\u017eby.<\/p>\n<p>9.3 BOKI Industries a.s. si vyhrazuje pr\u00e1vo na zm\u011bnu t\u011bchto z\u00e1sad zpracov\u00e1n\u00ed osobn\u00edch \u00fadaj\u016f. Aktualizovan\u00e9 zn\u011bn\u00ed je v\u017edy zve\u0159ejn\u011bno na internetov\u00fdch str\u00e1nk\u00e1ch www.bokiindustries.com s uveden\u00edm data \u00fa\u010dinnosti takov\u00e9 zm\u011bny.<\/p>\n<p>9.4 Tyto z\u00e1sady zpracov\u00e1n\u00ed osobn\u00edch \u00fadaj\u016f nab\u00fdvaj\u00ed platnosti a \u00fa\u010dinnosti dne 1.7. 2021.<\/p>\n","protected":false},"excerpt":{"rendered":"<p>Z\u00e1sady ochrany osobn\u00edch \u00fadaj\u016f Z\u00e1sady ochrany osobn\u00edch \u00fadaj\u016f Ochrana osobn\u00edch \u00fadaj\u016f 1. \u00davodn\u00ed ustanoven\u00ed 1.1 BOKI Industries a.s., I\u010cO: 25767101, se s\u00eddlem Na Per\u0161t\u00fdn\u011b 362\/2, Star\u00e9 M\u011bsto Praha 1 11000, zapsan\u00e1 jako B 5950 veden\u00e1 u RS v Praze (d\u00e1le jen \u201eBOKI Industries a.s.\u201c), jako\u017eto spr\u00e1vce osobn\u00edch \u00fadaj\u016f pln\u011b respektuje pr\u00e1vo na soukrom\u00ed sv\u00fdch klient\u016f&#8230;<\/p>\n","protected":false},"author":5,"featured_media":0,"parent":0,"menu_order":0,"comment_status":"closed","ping_status":"open","template":"","meta":{"footnotes":""},"class_list":["post-1707","page","type-page","status-publish","hentry"],"yoast_head":"<!-- This site is optimized with the Yoast SEO plugin v25.6 - https:\/\/yoast.com\/wordpress\/plugins\/seo\/ -->\n<title>Datenschutz - BOKI Industries a.s.<\/title>\n<meta name=\"robots\" content=\"index, follow, max-snippet:-1, max-image-preview:large, max-video-preview:-1\" \/>\n<link rel=\"canonical\" href=\"https:\/\/www.bokiheating.com\/de\/datenschutz\/\" \/>\n<meta property=\"og:locale\" content=\"de_DE\" \/>\n<meta property=\"og:type\" content=\"article\" \/>\n<meta property=\"og:title\" content=\"Datenschutz - BOKI Industries a.s.\" \/>\n<meta property=\"og:description\" content=\"Z\u00e1sady ochrany osobn\u00edch \u00fadaj\u016f Z\u00e1sady ochrany osobn\u00edch \u00fadaj\u016f Ochrana osobn\u00edch \u00fadaj\u016f 1. \u00davodn\u00ed ustanoven\u00ed 1.1 BOKI Industries a.s., I\u010cO: 25767101, se s\u00eddlem Na Per\u0161t\u00fdn\u011b 362\/2, Star\u00e9 M\u011bsto Praha 1 11000, zapsan\u00e1 jako B 5950 veden\u00e1 u RS v Praze (d\u00e1le jen \u201eBOKI Industries a.s.\u201c), jako\u017eto spr\u00e1vce osobn\u00edch \u00fadaj\u016f pln\u011b respektuje pr\u00e1vo na soukrom\u00ed sv\u00fdch klient\u016f...\" \/>\n<meta property=\"og:url\" content=\"https:\/\/www.bokiheating.com\/de\/datenschutz\/\" \/>\n<meta property=\"og:site_name\" content=\"BOKI Industries a.s.\" \/>\n<meta property=\"article:modified_time\" content=\"2022-04-20T10:30:06+00:00\" \/>\n<meta property=\"og:image\" content=\"https:\/\/www.bokiheating.com\/wp-content\/uploads\/2021\/09\/Boki_OG.jpeg\" \/>\n\t<meta property=\"og:image:width\" content=\"1200\" \/>\n\t<meta property=\"og:image:height\" content=\"630\" \/>\n\t<meta property=\"og:image:type\" content=\"image\/jpeg\" \/>\n<meta name=\"twitter:card\" content=\"summary_large_image\" \/>\n<meta name=\"twitter:label1\" content=\"Gesch\u00e4tzte Lesezeit\" \/>\n\t<meta name=\"twitter:data1\" content=\"12\u00a0Minuten\" \/>\n<!-- \/ Yoast SEO plugin. -->","yoast_head_json":{"title":"Datenschutz - BOKI Industries a.s.","robots":{"index":"index","follow":"follow","max-snippet":"max-snippet:-1","max-image-preview":"max-image-preview:large","max-video-preview":"max-video-preview:-1"},"canonical":"https:\/\/www.bokiheating.com\/de\/datenschutz\/","og_locale":"de_DE","og_type":"article","og_title":"Datenschutz - BOKI Industries a.s.","og_description":"Z\u00e1sady ochrany osobn\u00edch \u00fadaj\u016f Z\u00e1sady ochrany osobn\u00edch \u00fadaj\u016f Ochrana osobn\u00edch \u00fadaj\u016f 1. \u00davodn\u00ed ustanoven\u00ed 1.1 BOKI Industries a.s., I\u010cO: 25767101, se s\u00eddlem Na Per\u0161t\u00fdn\u011b 362\/2, Star\u00e9 M\u011bsto Praha 1 11000, zapsan\u00e1 jako B 5950 veden\u00e1 u RS v Praze (d\u00e1le jen \u201eBOKI Industries a.s.\u201c), jako\u017eto spr\u00e1vce osobn\u00edch \u00fadaj\u016f pln\u011b respektuje pr\u00e1vo na soukrom\u00ed sv\u00fdch klient\u016f...","og_url":"https:\/\/www.bokiheating.com\/de\/datenschutz\/","og_site_name":"BOKI Industries a.s.","article_modified_time":"2022-04-20T10:30:06+00:00","og_image":[{"width":1200,"height":630,"url":"https:\/\/www.bokiheating.com\/wp-content\/uploads\/2021\/09\/Boki_OG.jpeg","type":"image\/jpeg"}],"twitter_card":"summary_large_image","twitter_misc":{"Gesch\u00e4tzte Lesezeit":"12\u00a0Minuten"},"schema":{"@context":"https:\/\/schema.org","@graph":[{"@type":"WebPage","@id":"https:\/\/www.bokiheating.com\/de\/datenschutz\/","url":"https:\/\/www.bokiheating.com\/de\/datenschutz\/","name":"Datenschutz - BOKI Industries a.s.","isPartOf":{"@id":"https:\/\/www.bokiheating.com\/de\/#website"},"datePublished":"2022-01-27T09:55:56+00:00","dateModified":"2022-04-20T10:30:06+00:00","breadcrumb":{"@id":"https:\/\/www.bokiheating.com\/de\/datenschutz\/#breadcrumb"},"inLanguage":"de","potentialAction":[{"@type":"ReadAction","target":["https:\/\/www.bokiheating.com\/de\/datenschutz\/"]}]},{"@type":"BreadcrumbList","@id":"https:\/\/www.bokiheating.com\/de\/datenschutz\/#breadcrumb","itemListElement":[{"@type":"ListItem","position":1,"name":"Einf\u00fchrung","item":"https:\/\/www.bokiheating.com\/de\/startseite\/"},{"@type":"ListItem","position":2,"name":"Datenschutz"}]},{"@type":"WebSite","@id":"https:\/\/www.bokiheating.com\/de\/#website","url":"https:\/\/www.bokiheating.com\/de\/","name":"BOKI Industries a.s.","description":"","publisher":{"@id":"https:\/\/www.bokiheating.com\/de\/#organization"},"potentialAction":[{"@type":"SearchAction","target":{"@type":"EntryPoint","urlTemplate":"https:\/\/www.bokiheating.com\/de\/?s={search_term_string}"},"query-input":{"@type":"PropertyValueSpecification","valueRequired":true,"valueName":"search_term_string"}}],"inLanguage":"de"},{"@type":"Organization","@id":"https:\/\/www.bokiheating.com\/de\/#organization","name":"BOKI Industries a.s.","url":"https:\/\/www.bokiheating.com\/de\/","logo":{"@type":"ImageObject","inLanguage":"de","@id":"https:\/\/www.bokiheating.com\/de\/#\/schema\/logo\/image\/","url":"https:\/\/www.bokiheating.com\/wp-content\/uploads\/2021\/07\/logo.svg","contentUrl":"https:\/\/www.bokiheating.com\/wp-content\/uploads\/2021\/07\/logo.svg","width":132,"height":47,"caption":"BOKI Industries a.s."},"image":{"@id":"https:\/\/www.bokiheating.com\/de\/#\/schema\/logo\/image\/"}}]}},"_links":{"self":[{"href":"https:\/\/www.bokiheating.com\/de\/wp-json\/wp\/v2\/pages\/1707","targetHints":{"allow":["GET"]}}],"collection":[{"href":"https:\/\/www.bokiheating.com\/de\/wp-json\/wp\/v2\/pages"}],"about":[{"href":"https:\/\/www.bokiheating.com\/de\/wp-json\/wp\/v2\/types\/page"}],"author":[{"embeddable":true,"href":"https:\/\/www.bokiheating.com\/de\/wp-json\/wp\/v2\/users\/5"}],"replies":[{"embeddable":true,"href":"https:\/\/www.bokiheating.com\/de\/wp-json\/wp\/v2\/comments?post=1707"}],"version-history":[{"count":3,"href":"https:\/\/www.bokiheating.com\/de\/wp-json\/wp\/v2\/pages\/1707\/revisions"}],"predecessor-version":[{"id":2171,"href":"https:\/\/www.bokiheating.com\/de\/wp-json\/wp\/v2\/pages\/1707\/revisions\/2171"}],"wp:attachment":[{"href":"https:\/\/www.bokiheating.com\/de\/wp-json\/wp\/v2\/media?parent=1707"}],"curies":[{"name":"wp","href":"https:\/\/api.w.org\/{rel}","templated":true}]}}