{"id":1703,"date":"2022-01-27T10:14:00","date_gmt":"2022-01-27T09:14:00","guid":{"rendered":"https:\/\/www.bokiheating.com\/?page_id=1703"},"modified":"2022-02-09T08:18:14","modified_gmt":"2022-02-09T07:18:14","slug":"startseite","status":"publish","type":"page","link":"https:\/\/www.bokiheating.com\/de\/","title":{"rendered":"Startseite"},"content":{"rendered":"<div class=\"d-none\" style=\"display: none;\">\n<h3>Test Vyr\u00e1b\u00edme topen\u00ed pro cel\u00fd \u017eivot Test<\/h3>\n<p>Test BOKI &#8211; V\u00e1\u0161 specialista na topen\u00ed Test<\/p>\n<h3>Test Ka\u017ed\u00fd rok vyr\u00e1b\u00edme 10 000 t\u011bles pro na\u0161e z\u00e1kazn\u00edky Test<\/h3>\n<h3>Test Nev\u00edte jak vybrat spr\u00e1vn\u00fd konvektor Test<\/h3>\n<p>Test<\/p>\n<p>P\u0159e\u010dt\u011bte si na\u0161eho pr\u016fvodce v\u00fdb\u011brem konvektoru, kde se dozv\u00edte v\u0161echny d\u016fle\u017eit\u00e9 informace.<\/p>\n<p>Test<\/p>\n<h3>Test Chcete si konvektor vybrat a instalovat sami?<\/h3>\n<p>Test<\/p>\n<p>Jste koncov\u00fd z\u00e1kazn\u00edk a chcete si konvektor vybrat a instalovat s\u00e1m? Pak jste na spr\u00e1vn\u00e9m m\u00edst\u011b. Pro v\u00fdb\u011br pou\u017eijte n\u00e1\u0161 BOKI konfigur\u00e1tor. Ten V\u00e1m po zad\u00e1n\u00ed vstupn\u00edch parametr\u016f (typ, materi\u00e1l, rozm\u011bry a v\u00fdkon) nab\u00eddne optim\u00e1ln\u00ed konvektor. Samoz\u0159ejmost\u00ed je i \u0161irok\u00fd v\u00fdb\u011br m\u0159\u00ed\u017eek r\u016fzn\u00fdch typ\u016f, materi\u00e1l\u016f i barev. V\u0161echny vybran\u00e9 produkty jednodu\u0161e objednejte. Instalace se nen\u00ed t\u0159eba ob\u00e1vat, zvl\u00e1dne ji t\u00e9m\u011b\u0159 ka\u017ed\u00fd. Podrobn\u00fd a srozumiteln\u00fd n\u00e1vod V\u00e1s celou instalac\u00ed provede. Nav\u00edc V\u00e1m nab\u00eddne i \u0159adu tip\u016f a pokyn\u016f pro spr\u00e1vnou \u00fadr\u017ebu.<\/p>\n<p>Test<\/p>\n<h3>Test \u0160irok\u00e1 s\u00ed\u0165 partner\u016f pro v\u00e1s komfort Test<\/h3>\n<h3>Test BOKI blog Test<\/h3>\n<\/div>\n<div class=\"d-none\" style=\"display: none;\">\n<h3>Test Vyr\u00e1b\u00edme topen\u00ed pro cel\u00fd \u017eivot Test<\/h3>\n<p>Test BOKI &#8211; V\u00e1\u0161 specialista na topen\u00ed Test<\/p>\n<h3>Test Ka\u017ed\u00fd rok vyr\u00e1b\u00edme 10 000 t\u011bles pro na\u0161e z\u00e1kazn\u00edky Test<\/h3>\n<h3>Test Nev\u00edte jak vybrat spr\u00e1vn\u00fd konvektor Test<\/h3>\n<p>Test<\/p>\n<p>P\u0159e\u010dt\u011bte si na\u0161eho pr\u016fvodce v\u00fdb\u011brem konvektoru, kde se dozv\u00edte v\u0161echny d\u016fle\u017eit\u00e9 informace.<\/p>\n<p>Test<\/p>\n<h3>Test Chcete si konvektor vybrat a instalovat sami?<\/h3>\n<p>Test<\/p>\n<p>Jste koncov\u00fd z\u00e1kazn\u00edk a chcete si konvektor vybrat a instalovat s\u00e1m? Pak jste na spr\u00e1vn\u00e9m m\u00edst\u011b. Pro v\u00fdb\u011br pou\u017eijte n\u00e1\u0161 BOKI konfigur\u00e1tor. Ten V\u00e1m po zad\u00e1n\u00ed vstupn\u00edch parametr\u016f (typ, materi\u00e1l, rozm\u011bry a v\u00fdkon) nab\u00eddne optim\u00e1ln\u00ed konvektor. Samoz\u0159ejmost\u00ed je i \u0161irok\u00fd v\u00fdb\u011br m\u0159\u00ed\u017eek r\u016fzn\u00fdch typ\u016f, materi\u00e1l\u016f i barev. V\u0161echny vybran\u00e9 produkty jednodu\u0161e objednejte. Instalace se nen\u00ed t\u0159eba ob\u00e1vat, zvl\u00e1dne ji t\u00e9m\u011b\u0159 ka\u017ed\u00fd. Podrobn\u00fd a srozumiteln\u00fd n\u00e1vod V\u00e1s celou instalac\u00ed provede. Nav\u00edc V\u00e1m nab\u00eddne i \u0159adu tip\u016f a pokyn\u016f pro spr\u00e1vnou \u00fadr\u017ebu.<\/p>\n<p>Test<\/p>\n<h3>Test \u0160irok\u00e1 s\u00ed\u0165 partner\u016f pro v\u00e1s komfort Test<\/h3>\n<h3>Test BOKI blog Test<\/h3>\n<\/div>\n<div class='d-none' style='display:none;'>\n<h3>Wir produzieren Heizung f\u00fcr ein Leben lang<\/h3>\n<p>BOKI &#8211; Ihr Heizspezialist<\/p>\n<h3>Jedes Jahr produzieren wir 10.000 K\u00f6rper f\u00fcr unsere Kunden<\/h3>\n<h3>Test Nev\u00edte jak vybrat spr\u00e1vn\u00fd konvektor Test<\/h3>\n<p>Test<\/p>\n<p>P\u0159e\u010dt\u011bte si na\u0161eho pr\u016fvodce v\u00fdb\u011brem konvektoru, kde se dozv\u00edte v\u0161echny d\u016fle\u017eit\u00e9 informace.<\/p>\n<p>Test<\/p>\n<h3>Test Chcete si konvektor vybrat a instalovat sami?<\/h3>\n<p>Test<\/p>\n<p>Jste koncov\u00fd z\u00e1kazn\u00edk a chcete si konvektor vybrat a instalovat s\u00e1m? Pak jste na spr\u00e1vn\u00e9m m\u00edst\u011b. Pro v\u00fdb\u011br pou\u017eijte n\u00e1\u0161 BOKI konfigur\u00e1tor. Ten V\u00e1m po zad\u00e1n\u00ed vstupn\u00edch parametr\u016f (typ, materi\u00e1l, rozm\u011bry a v\u00fdkon) nab\u00eddne optim\u00e1ln\u00ed konvektor. Samoz\u0159ejmost\u00ed je i \u0161irok\u00fd v\u00fdb\u011br m\u0159\u00ed\u017eek r\u016fzn\u00fdch typ\u016f, materi\u00e1l\u016f i barev. V\u0161echny vybran\u00e9 produkty jednodu\u0161e objednejte. Instalace se nen\u00ed t\u0159eba ob\u00e1vat, zvl\u00e1dne ji t\u00e9m\u011b\u0159 ka\u017ed\u00fd. Podrobn\u00fd a srozumiteln\u00fd n\u00e1vod V\u00e1s celou instalac\u00ed provede. Nav\u00edc V\u00e1m nab\u00eddne i \u0159adu tip\u016f a pokyn\u016f pro spr\u00e1vnou \u00fadr\u017ebu.<\/p>\n<p>Test<\/p>\n<h3>Test \u0160irok\u00e1 s\u00ed\u0165 partner\u016f pro v\u00e1s komfort Test<\/h3>\n<h3>Test BOKI blog Test<\/h3>\n<\/div>\n","protected":false},"excerpt":{"rendered":"<p>Test Vyr\u00e1b\u00edme topen\u00ed pro cel\u00fd \u017eivot Test Test BOKI &#8211; V\u00e1\u0161 specialista na topen\u00ed Test Test Ka\u017ed\u00fd rok vyr\u00e1b\u00edme 10 000 t\u011bles pro na\u0161e z\u00e1kazn\u00edky Test Test Nev\u00edte jak vybrat spr\u00e1vn\u00fd konvektor Test Test P\u0159e\u010dt\u011bte si na\u0161eho pr\u016fvodce v\u00fdb\u011brem konvektoru, kde se dozv\u00edte v\u0161echny d\u016fle\u017eit\u00e9 informace. Test Test Chcete si konvektor vybrat a instalovat sami?&#8230;<\/p>\n","protected":false},"author":5,"featured_media":0,"parent":0,"menu_order":0,"comment_status":"closed","ping_status":"closed","template":"pages\/page-blocks.php","meta":{"footnotes":""},"class_list":["post-1703","page","type-page","status-publish","hentry"],"yoast_head":"<!-- This site is optimized with the Yoast SEO plugin v25.6 - https:\/\/yoast.com\/wordpress\/plugins\/seo\/ -->\n<title>Startseite - BOKI Industries a.s.<\/title>\n<meta name=\"robots\" content=\"index, follow, max-snippet:-1, max-image-preview:large, max-video-preview:-1\" \/>\n<link rel=\"canonical\" href=\"https:\/\/www.bokiheating.com\/de\/\" \/>\n<meta property=\"og:locale\" content=\"de_DE\" \/>\n<meta property=\"og:type\" content=\"article\" \/>\n<meta property=\"og:title\" content=\"Startseite - BOKI Industries a.s.\" \/>\n<meta property=\"og:description\" content=\"Test Vyr\u00e1b\u00edme topen\u00ed pro cel\u00fd \u017eivot Test Test BOKI &#8211; V\u00e1\u0161 specialista na topen\u00ed Test Test Ka\u017ed\u00fd rok vyr\u00e1b\u00edme 10 000 t\u011bles pro na\u0161e z\u00e1kazn\u00edky Test Test Nev\u00edte jak vybrat spr\u00e1vn\u00fd konvektor Test Test P\u0159e\u010dt\u011bte si na\u0161eho pr\u016fvodce v\u00fdb\u011brem konvektoru, kde se dozv\u00edte v\u0161echny d\u016fle\u017eit\u00e9 informace. Test Test Chcete si konvektor vybrat a instalovat sami?...\" \/>\n<meta property=\"og:url\" content=\"https:\/\/www.bokiheating.com\/de\/\" \/>\n<meta property=\"og:site_name\" content=\"BOKI Industries a.s.\" \/>\n<meta property=\"article:modified_time\" content=\"2022-02-09T07:18:14+00:00\" \/>\n<meta property=\"og:image\" content=\"https:\/\/www.bokiheating.com\/wp-content\/uploads\/2021\/09\/Boki_OG.jpeg\" \/>\n\t<meta property=\"og:image:width\" content=\"1200\" \/>\n\t<meta property=\"og:image:height\" content=\"630\" \/>\n\t<meta property=\"og:image:type\" content=\"image\/jpeg\" \/>\n<meta name=\"twitter:card\" content=\"summary_large_image\" \/>\n<meta name=\"twitter:label1\" content=\"Gesch\u00e4tzte Lesezeit\" \/>\n\t<meta name=\"twitter:data1\" content=\"3\u00a0Minuten\" \/>\n<!-- \/ Yoast SEO plugin. -->","yoast_head_json":{"title":"Startseite - BOKI Industries a.s.","robots":{"index":"index","follow":"follow","max-snippet":"max-snippet:-1","max-image-preview":"max-image-preview:large","max-video-preview":"max-video-preview:-1"},"canonical":"https:\/\/www.bokiheating.com\/de\/","og_locale":"de_DE","og_type":"article","og_title":"Startseite - BOKI Industries a.s.","og_description":"Test Vyr\u00e1b\u00edme topen\u00ed pro cel\u00fd \u017eivot Test Test BOKI &#8211; V\u00e1\u0161 specialista na topen\u00ed Test Test Ka\u017ed\u00fd rok vyr\u00e1b\u00edme 10 000 t\u011bles pro na\u0161e z\u00e1kazn\u00edky Test Test Nev\u00edte jak vybrat spr\u00e1vn\u00fd konvektor Test Test P\u0159e\u010dt\u011bte si na\u0161eho pr\u016fvodce v\u00fdb\u011brem konvektoru, kde se dozv\u00edte v\u0161echny d\u016fle\u017eit\u00e9 informace. Test Test Chcete si konvektor vybrat a instalovat sami?...","og_url":"https:\/\/www.bokiheating.com\/de\/","og_site_name":"BOKI Industries a.s.","article_modified_time":"2022-02-09T07:18:14+00:00","og_image":[{"width":1200,"height":630,"url":"https:\/\/www.bokiheating.com\/wp-content\/uploads\/2021\/09\/Boki_OG.jpeg","type":"image\/jpeg"}],"twitter_card":"summary_large_image","twitter_misc":{"Gesch\u00e4tzte Lesezeit":"3\u00a0Minuten"},"schema":{"@context":"https:\/\/schema.org","@graph":[{"@type":"WebPage","@id":"https:\/\/www.bokiheating.com\/de\/","url":"https:\/\/www.bokiheating.com\/de\/","name":"Startseite - BOKI Industries a.s.","isPartOf":{"@id":"https:\/\/www.bokiheating.com\/de\/#website"},"datePublished":"2022-01-27T09:14:00+00:00","dateModified":"2022-02-09T07:18:14+00:00","breadcrumb":{"@id":"https:\/\/www.bokiheating.com\/de\/#breadcrumb"},"inLanguage":"de","potentialAction":[{"@type":"ReadAction","target":["https:\/\/www.bokiheating.com\/de\/"]}]},{"@type":"BreadcrumbList","@id":"https:\/\/www.bokiheating.com\/de\/#breadcrumb","itemListElement":[{"@type":"ListItem","position":1,"name":"Einf\u00fchrung","item":"https:\/\/www.bokiheating.com\/de\/startseite\/"},{"@type":"ListItem","position":2,"name":"Startseite"}]},{"@type":"WebSite","@id":"https:\/\/www.bokiheating.com\/de\/#website","url":"https:\/\/www.bokiheating.com\/de\/","name":"BOKI Industries a.s.","description":"","publisher":{"@id":"https:\/\/www.bokiheating.com\/de\/#organization"},"potentialAction":[{"@type":"SearchAction","target":{"@type":"EntryPoint","urlTemplate":"https:\/\/www.bokiheating.com\/de\/?s={search_term_string}"},"query-input":{"@type":"PropertyValueSpecification","valueRequired":true,"valueName":"search_term_string"}}],"inLanguage":"de"},{"@type":"Organization","@id":"https:\/\/www.bokiheating.com\/de\/#organization","name":"BOKI Industries a.s.","url":"https:\/\/www.bokiheating.com\/de\/","logo":{"@type":"ImageObject","inLanguage":"de","@id":"https:\/\/www.bokiheating.com\/de\/#\/schema\/logo\/image\/","url":"https:\/\/www.bokiheating.com\/wp-content\/uploads\/2021\/07\/logo.svg","contentUrl":"https:\/\/www.bokiheating.com\/wp-content\/uploads\/2021\/07\/logo.svg","width":132,"height":47,"caption":"BOKI Industries a.s."},"image":{"@id":"https:\/\/www.bokiheating.com\/de\/#\/schema\/logo\/image\/"}}]}},"_links":{"self":[{"href":"https:\/\/www.bokiheating.com\/de\/wp-json\/wp\/v2\/pages\/1703","targetHints":{"allow":["GET"]}}],"collection":[{"href":"https:\/\/www.bokiheating.com\/de\/wp-json\/wp\/v2\/pages"}],"about":[{"href":"https:\/\/www.bokiheating.com\/de\/wp-json\/wp\/v2\/types\/page"}],"author":[{"embeddable":true,"href":"https:\/\/www.bokiheating.com\/de\/wp-json\/wp\/v2\/users\/5"}],"replies":[{"embeddable":true,"href":"https:\/\/www.bokiheating.com\/de\/wp-json\/wp\/v2\/comments?post=1703"}],"version-history":[{"count":5,"href":"https:\/\/www.bokiheating.com\/de\/wp-json\/wp\/v2\/pages\/1703\/revisions"}],"predecessor-version":[{"id":2096,"href":"https:\/\/www.bokiheating.com\/de\/wp-json\/wp\/v2\/pages\/1703\/revisions\/2096"}],"wp:attachment":[{"href":"https:\/\/www.bokiheating.com\/de\/wp-json\/wp\/v2\/media?parent=1703"}],"curies":[{"name":"wp","href":"https:\/\/api.w.org\/{rel}","templated":true}]}}